{"id":6100,"date":"2024-12-20T07:50:54","date_gmt":"2024-12-20T06:50:54","guid":{"rendered":"https:\/\/familycancat.com\/producto\/ng-monoproteico-pavo-400gr\/"},"modified":"2026-04-06T11:45:03","modified_gmt":"2026-04-06T10:45:03","slug":"ng-monoproteico-pavo-400gr","status":"publish","type":"product","link":"https:\/\/familycancat.com\/en\/product\/ng-monoproteico-pavo-400gr\/","title":{"rendered":"Natural Greatness Monoprot\u00e9ica Pavo 400 Gr"},"content":{"rendered":"<p>Natural Greatness RECETA MONOPROTEICA DE PAVO es una excelente receta h\u00fameda completa, ultra premium, monoproteica e hipoalerg\u00e9nica, formulada sin cereales y desarrollada idealmente para perros adultos con sensibilidad a carnes m\u00e1s comunes como el pollo. Este alimento h\u00famedo contiene un 98% de carne de pavo de alta calidad, siendo el pavo la \u00fanica fuente de prote\u00edna animal presente en la receta. Es un alimento ideal para una dieta de exclusi\u00f3n, facilitando la detecci\u00f3n de posibles intolerancias alimentarias o alerg\u00e9nicas.<\/p>\n<p>Composici\u00f3n: Pavo (98%), aceites y grasas vegetales.<\/p>\n<p>Componentes anal\u00edticos: Prote\u00edna bruta 9,5%, Fibra bruta 0,4%, Grasas 6,5%, Ceniza bruta 2,5%, Humedad 80%.<\/p>\n<p>Energ\u00eda metabolizable: 972,73 Kcal\/kg<\/p>\n<p>Formato: Lata de 170 y 400 gramos.<\/p>\n<p>Tipo de textura: Mousse.<\/p>\n<p>La carne de pavo contiene prote\u00ednas de gran calidad que ofrecen un gran aporte energ\u00e9tico y resultan muy beneficiosas para el buen desarrollo de la masa muscular del perro.<\/p>","protected":false},"excerpt":{"rendered":"<p><strong>La receta monoproteica de Pavo<\/strong>, contiene como \u00fanica fuente de prote\u00edna, la carne de Pavo.<\/p>","protected":false},"featured_media":6522,"template":"","meta":[],"etheme_brands":[{"term_id":101,"name":"NATURAL GREATNESS","slug":"natural-greatness","term_group":0,"term_taxonomy_id":101,"taxonomy":"brand","description":"","parent":0,"count":73,"filter":"raw"}],"product_cat":[96,20,89],"product_tag":[],"class_list":{"0":"post-6100","1":"product","2":"type-product","3":"status-publish","4":"has-post-thumbnail","6":"brand-natural-greatness","7":"product_cat-todos-los-productos","8":"product_cat-perros","9":"product_cat-comida-humeda-para-perros","11":"first","12":"instock","13":"taxable","14":"shipping-taxable","15":"purchasable","16":"product-type-simple"},"jetpack_sharing_enabled":true,"_links":{"self":[{"href":"https:\/\/familycancat.com\/en\/wp-json\/wp\/v2\/product\/6100","targetHints":{"allow":["GET"]}}],"collection":[{"href":"https:\/\/familycancat.com\/en\/wp-json\/wp\/v2\/product"}],"about":[{"href":"https:\/\/familycancat.com\/en\/wp-json\/wp\/v2\/types\/product"}],"version-history":[{"count":2,"href":"https:\/\/familycancat.com\/en\/wp-json\/wp\/v2\/product\/6100\/revisions"}],"predecessor-version":[{"id":6524,"href":"https:\/\/familycancat.com\/en\/wp-json\/wp\/v2\/product\/6100\/revisions\/6524"}],"wp:featuredmedia":[{"embeddable":true,"href":"https:\/\/familycancat.com\/en\/wp-json\/wp\/v2\/media\/6522"}],"wp:attachment":[{"href":"https:\/\/familycancat.com\/en\/wp-json\/wp\/v2\/media?parent=6100"}],"wp:term":[{"taxonomy":"brand","embeddable":true,"href":"https:\/\/familycancat.com\/en\/wp-json\/wp\/v2\/etheme_brands?post=6100"},{"taxonomy":"product_cat","embeddable":true,"href":"https:\/\/familycancat.com\/en\/wp-json\/wp\/v2\/product_cat?post=6100"},{"taxonomy":"product_tag","embeddable":true,"href":"https:\/\/familycancat.com\/en\/wp-json\/wp\/v2\/product_tag?post=6100"}],"curies":[{"name":"wp","href":"https:\/\/api.w.org\/{rel}","templated":true}]}}