{"id":6095,"date":"2024-12-20T07:50:54","date_gmt":"2024-12-20T06:50:54","guid":{"rendered":"https:\/\/familycancat.com\/producto\/ng-diet-obesity-control-6kg\/"},"modified":"2026-04-21T16:23:48","modified_gmt":"2026-04-21T15:23:48","slug":"ng-diet-obesity-control-6kg","status":"publish","type":"product","link":"https:\/\/familycancat.com\/en\/product\/ng-diet-obesity-control-6kg\/","title":{"rendered":"Natural Greatness Vet Dog Obesity 6 Kg"},"content":{"rendered":"<p>Natural Greatness OBESITY CONTROL es una receta completa, hipoalerg\u00e9nica y sin cereales para perros adultos con sobrepeso u obesidad de todas las razas que necesitan una dieta estricta baja en grasas para reducir el exceso de peso. Contenido cal\u00f3rico reducido, incorpora L-carnitina para favorecer la p\u00e9rdida gradual de peso y un alto contenido en fibra natural para favorecer el buen funcionamiento del sistema digestivo, reduciendo el \u00edndice gluc\u00e9mico tras su ingesta. Esta receta tambi\u00e9n incluye un contenido adicional de MSM, Glucosamina y Sulfato de Condroitina para su uso en el mejor estado de las articulaciones.<\/p>\n<p>Composici\u00f3n: Carne de pavo deshidratada 22,5%, guisantes, prote\u00ednas de guisantes, pulpa de manzana, carne fresca de pavo 10%, tapioca, semillas de lino, fibras vegetales, levadura de cerveza, h\u00edgado de pavo hidrolizado 2,3%, lentejas 2%, quinoa 2%, aceite de salm\u00f3n 0,3%, mezcla de frutas 0,3% (ciruela y pera), mezcla de verduras 0,3% (espinacas, calabaza, br\u00f3coli y escaramujo), cloruro de sodio, MSM 1 000 mg\/kg, inulina (FOS), pared celular de levadura hidrolizada (fuente de MOS), Glucosamina 900 mg\/kg, Yucca schidigera, Sulfato de condroitina 200 mg\/kg, Alholva, Jengibre, C\u00farcuma, L-Carnitina 300 mg\/kg.<\/p>\n<p>Componentes anal\u00edticos: Prote\u00ednas brutas (32%), aceites y grasas brutos (8%), fibra bruta (9%), ceniza bruta (8%), calcio (1,8%), f\u00f3sforo (1,3%), \u00e1cidos grasos omega 3 (1,25%), \u00c1cidos grasos omega 6 (0,75%).<\/p>\n<p>Energ\u00eda metabolizable: 3.030 Kcal\/kg.<\/p>\n<p>Formatos: 2, 6 kg.<\/p>","protected":false},"excerpt":{"rendered":"<p>Natural Greatness OBESITY CONTROL es una receta completa, hipoalerg\u00e9nica y sin cereales para perros adultos con sobrepeso u obesidad de todas las razas que necesitan&#8230;<\/p>","protected":false},"featured_media":6505,"template":"","meta":[],"etheme_brands":[{"term_id":101,"name":"NATURAL GREATNESS","slug":"natural-greatness","term_group":0,"term_taxonomy_id":101,"taxonomy":"brand","description":"","parent":0,"count":73,"filter":"raw"}],"product_cat":[96,20,88,134],"product_tag":[],"class_list":{"0":"post-6095","1":"product","2":"type-product","3":"status-publish","4":"has-post-thumbnail","6":"brand-natural-greatness","7":"product_cat-todos-los-productos","8":"product_cat-perros","9":"product_cat-pienso-para-perros","10":"product_cat-dietas-veterinarias","12":"first","13":"instock","14":"sale","15":"taxable","16":"shipping-taxable","17":"purchasable","18":"product-type-simple"},"jetpack_sharing_enabled":true,"_links":{"self":[{"href":"https:\/\/familycancat.com\/en\/wp-json\/wp\/v2\/product\/6095","targetHints":{"allow":["GET"]}}],"collection":[{"href":"https:\/\/familycancat.com\/en\/wp-json\/wp\/v2\/product"}],"about":[{"href":"https:\/\/familycancat.com\/en\/wp-json\/wp\/v2\/types\/product"}],"version-history":[{"count":2,"href":"https:\/\/familycancat.com\/en\/wp-json\/wp\/v2\/product\/6095\/revisions"}],"predecessor-version":[{"id":6507,"href":"https:\/\/familycancat.com\/en\/wp-json\/wp\/v2\/product\/6095\/revisions\/6507"}],"wp:featuredmedia":[{"embeddable":true,"href":"https:\/\/familycancat.com\/en\/wp-json\/wp\/v2\/media\/6505"}],"wp:attachment":[{"href":"https:\/\/familycancat.com\/en\/wp-json\/wp\/v2\/media?parent=6095"}],"wp:term":[{"taxonomy":"brand","embeddable":true,"href":"https:\/\/familycancat.com\/en\/wp-json\/wp\/v2\/etheme_brands?post=6095"},{"taxonomy":"product_cat","embeddable":true,"href":"https:\/\/familycancat.com\/en\/wp-json\/wp\/v2\/product_cat?post=6095"},{"taxonomy":"product_tag","embeddable":true,"href":"https:\/\/familycancat.com\/en\/wp-json\/wp\/v2\/product_tag?post=6095"}],"curies":[{"name":"wp","href":"https:\/\/api.w.org\/{rel}","templated":true}]}}