{"id":6093,"date":"2024-12-20T07:50:54","date_gmt":"2024-12-20T06:50:54","guid":{"rendered":"https:\/\/familycancat.com\/producto\/ng-diet-renal-oxalate-2kg\/"},"modified":"2026-03-05T20:00:36","modified_gmt":"2026-03-05T19:00:36","slug":"ng-diet-renal-oxalate-2kg","status":"publish","type":"product","link":"https:\/\/familycancat.com\/en\/product\/ng-diet-renal-oxalate-2kg\/","title":{"rendered":"Natural Greatness Vet Dog Renal-Oxalate 2 Kg"},"content":{"rendered":"<p>Natural Greatness RENAL- OXALATE es una receta hipoalerg\u00e9nica completa y sin cereales destinada a perros adultos de todas las razas con insuficiencia renal cr\u00f3nica. Este alimento ayuda a la preservaci\u00f3n de la funci\u00f3n renal, evitando la reaparici\u00f3n de c\u00e1lculos de oxalato mediante la alcalinizaci\u00f3n de la orina, la reducci\u00f3n del calcio y de la vitamina D. Incluye prote\u00ednas de alta calidad y \u00f3ptima digestibilidad. Adem\u00e1s, debido a su bajo contenido en sodio, esta receta constituye una ayuda a la funci\u00f3n urinaria y card\u00edaca en caso de insuficiencia card\u00edaca cr\u00f3nica.<\/p>\n<p>Composici\u00f3n: Carne fresca de Pavo 14%, Patata, Guisantes, Aceite de Pollo 11,6%, Tapioca, Almid\u00f3n de patata, Algarroba, Pescado azul des- hidratado 4,5%, Prote\u00edna de guisantes, Pulpa de manzana, Boniato, Hidrolizado de h\u00edgado de pavo 2,7%, Carne deshidrata- da de pavo 2,2%, Lentejas 2%, Aceite de pescado azul 0,9%, Semilla de linaza, Levadura de cerveza, Carbonato c\u00e1lcico, Huevo entero deshidratado 0,3%, Cloruro pot\u00e1sico, Mix de frutas 0,3% (pera y ar\u00e1ndanos), Mix de vegetales 0,3% (Chiriv\u00eda, laurel, perejil y diente de le\u00f3n), Citrato pot\u00e1sico (acci\u00f3n alcalinizantes de la orina) 0,25%, Cloruro S\u00f3dico, Inulina (FOS), Pared celular hidrolizada de levaduras (fuente de MOS), Yucca schidigera, Glucosamina, Sulfato de condroitina.<\/p>\n<p>Componentes anal\u00edticos: Prote\u00edna bruta (16%), Aceites y grasas brutas (18%), Fibra bruta (4%), Ceniza bruta (6%), Calcio (0,9%), \u00c1cidos grasos Omega 3 (0,4%), \u00c1cidos grasos Omega 6 (2,5%), F\u00f3sforo (0,5%), Magnesio (0,11%), Potasio (0,8%), Cloruros (0,55%), Sodio (0,23%), Azufre (0,22%), Vitamina D 675 UI\/kg, Hidroxiprolina 185 mg\/kg. Energ\u00eda metabolizable: 3.839 Kcal\/kg.<\/p>\n<p>Formatos: 2 y 6 kg.<\/p>","protected":false},"excerpt":{"rendered":"<p>Natural Greatness Renal-Oxalate es un alimento seco formulado para perros adultos con insuficiencia renal cr\u00f3nica. Ayuda a la preservaci\u00f3n de la funci\u00f3n renal, evitando la reaparici\u00f3n de c\u00e1lculos de oxalato v\u00eda la alcalinizaci\u00f3n de la orina, la reducci\u00f3n del calcio y de la vitamina D.<\/p>","protected":false},"featured_media":6525,"template":"","meta":[],"etheme_brands":[{"term_id":101,"name":"NATURAL GREATNESS","slug":"natural-greatness","term_group":0,"term_taxonomy_id":101,"taxonomy":"brand","description":"","parent":0,"count":73,"filter":"raw"}],"product_cat":[96,20,88,134],"product_tag":[],"class_list":{"0":"post-6093","1":"product","2":"type-product","3":"status-publish","4":"has-post-thumbnail","6":"brand-natural-greatness","7":"product_cat-todos-los-productos","8":"product_cat-perros","9":"product_cat-pienso-para-perros","10":"product_cat-dietas-veterinarias","12":"first","13":"instock","14":"taxable","15":"shipping-taxable","16":"purchasable","17":"product-type-simple"},"jetpack_sharing_enabled":true,"_links":{"self":[{"href":"https:\/\/familycancat.com\/en\/wp-json\/wp\/v2\/product\/6093","targetHints":{"allow":["GET"]}}],"collection":[{"href":"https:\/\/familycancat.com\/en\/wp-json\/wp\/v2\/product"}],"about":[{"href":"https:\/\/familycancat.com\/en\/wp-json\/wp\/v2\/types\/product"}],"version-history":[{"count":2,"href":"https:\/\/familycancat.com\/en\/wp-json\/wp\/v2\/product\/6093\/revisions"}],"predecessor-version":[{"id":6527,"href":"https:\/\/familycancat.com\/en\/wp-json\/wp\/v2\/product\/6093\/revisions\/6527"}],"wp:featuredmedia":[{"embeddable":true,"href":"https:\/\/familycancat.com\/en\/wp-json\/wp\/v2\/media\/6525"}],"wp:attachment":[{"href":"https:\/\/familycancat.com\/en\/wp-json\/wp\/v2\/media?parent=6093"}],"wp:term":[{"taxonomy":"brand","embeddable":true,"href":"https:\/\/familycancat.com\/en\/wp-json\/wp\/v2\/etheme_brands?post=6093"},{"taxonomy":"product_cat","embeddable":true,"href":"https:\/\/familycancat.com\/en\/wp-json\/wp\/v2\/product_cat?post=6093"},{"taxonomy":"product_tag","embeddable":true,"href":"https:\/\/familycancat.com\/en\/wp-json\/wp\/v2\/product_tag?post=6093"}],"curies":[{"name":"wp","href":"https:\/\/api.w.org\/{rel}","templated":true}]}}