{"id":6092,"date":"2024-12-20T07:50:54","date_gmt":"2024-12-20T06:50:54","guid":{"rendered":"https:\/\/familycancat.com\/producto\/ng-canguro-con-pina-mango-y-espirulina-400gr\/"},"modified":"2026-04-06T11:45:04","modified_gmt":"2026-04-06T10:45:04","slug":"ng-canguro-con-pina-mango-y-espirulina-400gr","status":"publish","type":"product","link":"https:\/\/familycancat.com\/en\/product\/ng-canguro-con-pina-mango-y-espirulina-400gr\/","title":{"rendered":"Natural Greatness Canguro con Pi\u00f1a 400 Gr"},"content":{"rendered":"<p>Natural Greatness CANGURO CON PI\u00d1A, MANGO Y ESPIRULINA es una excelente receta h\u00fameda completa, ultra premium e hipoalerg\u00e9nica, formulada sin cereales y desarrollada idealmente para perros adultos. Este alimento h\u00famedo posee una alta palatabilidad gracias a la gran calidad de sus ingredientes, entre los que destaca el canguro como \u00fanica fuente de prote\u00edna animal, una carne deliciosa para los paladares m\u00e1s exigentes. Adem\u00e1s, esta rica carne va acompa\u00f1ada de superalimentos tales como la pi\u00f1a, mango y espirulina, que mejoran el sabor y aportan vitaminas y minerales extra para completar esta rica y nutritiva receta de alimento h\u00famedo para perros adultos.<\/p>\n<p>Composici\u00f3n: Canguro (65%), Caldo (28,4%), Pi\u00f1a (3%), Mango (2%), Minerales (1%), Aceite de salm\u00f3n (0,5%), Espirulina (0,1%).<\/p>\n<p>Componentes anal\u00edticos: Prote\u00edna bruta 11%, Fibra bruta 0,4%, Grasas 5%, Ceniza bruta 2%, Humedad 80%.<\/p>\n<p>Energ\u00eda metabolizable: 927,1 kcal\/kg. Formato: Lata de 400 gramos.<\/p>\n<p>Tipo de textura: Carne triturada de canguro con trocitos de pi\u00f1a, mango y espirulina.<\/p>","protected":false},"excerpt":{"rendered":"<p>Comida h\u00fameda para perros adultos Natural Greatness de Canguro con Pi\u00f1a, Mango y Espirulina.<\/p>","protected":false},"featured_media":6534,"template":"","meta":[],"etheme_brands":[{"term_id":101,"name":"NATURAL GREATNESS","slug":"natural-greatness","term_group":0,"term_taxonomy_id":101,"taxonomy":"brand","description":"","parent":0,"count":73,"filter":"raw"}],"product_cat":[96,20,89],"product_tag":[],"class_list":{"0":"post-6092","1":"product","2":"type-product","3":"status-publish","4":"has-post-thumbnail","6":"brand-natural-greatness","7":"product_cat-todos-los-productos","8":"product_cat-perros","9":"product_cat-comida-humeda-para-perros","11":"first","12":"instock","13":"taxable","14":"shipping-taxable","15":"purchasable","16":"product-type-simple"},"jetpack_sharing_enabled":true,"_links":{"self":[{"href":"https:\/\/familycancat.com\/en\/wp-json\/wp\/v2\/product\/6092","targetHints":{"allow":["GET"]}}],"collection":[{"href":"https:\/\/familycancat.com\/en\/wp-json\/wp\/v2\/product"}],"about":[{"href":"https:\/\/familycancat.com\/en\/wp-json\/wp\/v2\/types\/product"}],"version-history":[{"count":2,"href":"https:\/\/familycancat.com\/en\/wp-json\/wp\/v2\/product\/6092\/revisions"}],"predecessor-version":[{"id":6536,"href":"https:\/\/familycancat.com\/en\/wp-json\/wp\/v2\/product\/6092\/revisions\/6536"}],"wp:featuredmedia":[{"embeddable":true,"href":"https:\/\/familycancat.com\/en\/wp-json\/wp\/v2\/media\/6534"}],"wp:attachment":[{"href":"https:\/\/familycancat.com\/en\/wp-json\/wp\/v2\/media?parent=6092"}],"wp:term":[{"taxonomy":"brand","embeddable":true,"href":"https:\/\/familycancat.com\/en\/wp-json\/wp\/v2\/etheme_brands?post=6092"},{"taxonomy":"product_cat","embeddable":true,"href":"https:\/\/familycancat.com\/en\/wp-json\/wp\/v2\/product_cat?post=6092"},{"taxonomy":"product_tag","embeddable":true,"href":"https:\/\/familycancat.com\/en\/wp-json\/wp\/v2\/product_tag?post=6092"}],"curies":[{"name":"wp","href":"https:\/\/api.w.org\/{rel}","templated":true}]}}