{"id":6091,"date":"2024-12-20T07:50:54","date_gmt":"2024-12-20T06:50:54","guid":{"rendered":"https:\/\/familycancat.com\/producto\/ng-ternera-angus-con-setas-jengibre-y-romero-400gr\/"},"modified":"2026-04-01T18:31:23","modified_gmt":"2026-04-01T17:31:23","slug":"ng-ternera-angus-con-setas-jengibre-y-romero-400gr","status":"publish","type":"product","link":"https:\/\/familycancat.com\/en\/product\/ng-ternera-angus-con-setas-jengibre-y-romero-400gr\/","title":{"rendered":"Natural Greatness Ternera Angus con Setas 400 Gr"},"content":{"rendered":"<p>Natural Greatness TERNERA ANGUS CON SETAS, JENGIBRE Y ROMERO es una excelente receta h\u00fameda completa, ultra premium e hipoalerg\u00e9nica, formulada sin cereales y desarrollada idealmente para perros adultos. Este alimento h\u00famedo posee una alta palatabilidad gracias a la gran calidad de sus ingredientes, entre los que destaca la ternera como \u00fanica fuente de prote\u00edna animal, una carne deliciosa para los paladares m\u00e1s exigentes. Adem\u00e1s, esta rica carne va acompa\u00f1ada de superalimentos tales como champi\u00f1ones, jengibre y romero, que mejoran el sabor y aportan vitaminas y minerales extra para completar esta rica y nutritiva receta de alimento h\u00famedo para perros adultos.<\/p>\n<p>Composici\u00f3n: Carne de vacuno Angus (carne magra, coraz\u00f3n, h\u00edgado y pulmones) (65%), Caldo (28,7%), Champi\u00f1ones (3%), Jengibre (2%), Minerales (1%), Aceite de salm\u00f3n (0,2%), Romero (0,1%).<\/p>\n<p>Componentes anal\u00edticos: Prote\u00edna bruta 10,7%, Fibra bruta 0,5%, Grasas 6,9%, Ceniza bruta 2,4%, Humedad 75%. Energ\u00eda metabolizable: 1118 kcal\/kg.<\/p>\n<p>Formato: Lata de 400 gramos.<\/p>\n<p>Tipo de textura: Carne triturada de ternera Angus con trocitos de setas, jengibre y romero.<\/p>","protected":false},"excerpt":{"rendered":"<p>Alimento h\u00famedo Natural Greatness de Ternera Angus con Setas, Jengibre y Romero.<\/p>","protected":false},"featured_media":6502,"template":"","meta":[],"etheme_brands":[{"term_id":101,"name":"NATURAL GREATNESS","slug":"natural-greatness","term_group":0,"term_taxonomy_id":101,"taxonomy":"brand","description":"","parent":0,"count":73,"filter":"raw"}],"product_cat":[96,20,89],"product_tag":[],"class_list":{"0":"post-6091","1":"product","2":"type-product","3":"status-publish","4":"has-post-thumbnail","6":"brand-natural-greatness","7":"product_cat-todos-los-productos","8":"product_cat-perros","9":"product_cat-comida-humeda-para-perros","11":"first","12":"instock","13":"sale","14":"taxable","15":"shipping-taxable","16":"purchasable","17":"product-type-simple"},"jetpack_sharing_enabled":true,"_links":{"self":[{"href":"https:\/\/familycancat.com\/en\/wp-json\/wp\/v2\/product\/6091","targetHints":{"allow":["GET"]}}],"collection":[{"href":"https:\/\/familycancat.com\/en\/wp-json\/wp\/v2\/product"}],"about":[{"href":"https:\/\/familycancat.com\/en\/wp-json\/wp\/v2\/types\/product"}],"version-history":[{"count":2,"href":"https:\/\/familycancat.com\/en\/wp-json\/wp\/v2\/product\/6091\/revisions"}],"predecessor-version":[{"id":6504,"href":"https:\/\/familycancat.com\/en\/wp-json\/wp\/v2\/product\/6091\/revisions\/6504"}],"wp:featuredmedia":[{"embeddable":true,"href":"https:\/\/familycancat.com\/en\/wp-json\/wp\/v2\/media\/6502"}],"wp:attachment":[{"href":"https:\/\/familycancat.com\/en\/wp-json\/wp\/v2\/media?parent=6091"}],"wp:term":[{"taxonomy":"brand","embeddable":true,"href":"https:\/\/familycancat.com\/en\/wp-json\/wp\/v2\/etheme_brands?post=6091"},{"taxonomy":"product_cat","embeddable":true,"href":"https:\/\/familycancat.com\/en\/wp-json\/wp\/v2\/product_cat?post=6091"},{"taxonomy":"product_tag","embeddable":true,"href":"https:\/\/familycancat.com\/en\/wp-json\/wp\/v2\/product_tag?post=6091"}],"curies":[{"name":"wp","href":"https:\/\/api.w.org\/{rel}","templated":true}]}}