{"id":6090,"date":"2024-12-20T07:50:54","date_gmt":"2024-12-20T06:50:54","guid":{"rendered":"https:\/\/familycancat.com\/producto\/ngd-monoproteico-receta-cordero-400gr\/"},"modified":"2026-01-15T20:20:15","modified_gmt":"2026-01-15T19:20:15","slug":"ngd-monoproteico-receta-cordero-400gr","status":"publish","type":"product","link":"https:\/\/familycancat.com\/en\/product\/ngd-monoproteico-receta-cordero-400gr\/","title":{"rendered":"Natural Greatness Monoprot\u00e9ica Cordero 400 Gr"},"content":{"rendered":"<p>Natural Greatness RECETA MONOPROTEICA DE CORDERO es una excelente receta h\u00fameda completa, ultra premium, monoproteica e hipoalerg\u00e9nica, formulada sin cereales y desarrollada idealmente para perros adultos con sensibilidad a carnes m\u00e1s comunes como el pollo o el pavo. Este alimento h\u00famedo contiene un 98% de carne de cordero de alta calidad, siendo el cordero la \u00fanica fuente de prote\u00edna animal presente en la receta. Es un alimento ideal para una dieta de exclusi\u00f3n, facilitando la detecci\u00f3n de posibles intolerancias alimentarias o alerg\u00e9nicas.<\/p>\n<p>Composici\u00f3n: Cordero (98%), aceites y grasas vegetales.<\/p>\n<p>Componentes anal\u00edticos: Prote\u00edna bruta 8,5%, Fibra bruta 0,5%, Grasas 6,5%, Ceniza bruta 2%, Humedad 81%.<\/p>\n<p>Formato: Lata de 170 y 400 gramos. Energ\u00eda metabolizable: 939,27 Kcal\/kg<\/p>\n<p>Tipo de textura: Mousse<\/p>\n<p>La carne de cordero posee alta digestibilidad con una muy baja capacidad alerg\u00e9nica. Sus prote\u00ednas de alto valor biol\u00f3gico ayudar\u00e1n a reforzar el sistema inmunitario del perro, adem\u00e1s de mantener el buen estado de sus articulaciones.<\/p>","protected":false},"excerpt":{"rendered":"<p><strong>La receta monoproteica de Cordero<\/strong>, contiene como \u00fanica fuente de prote\u00edna, la carne de Cordero.<\/p>","protected":false},"featured_media":6512,"template":"","meta":[],"etheme_brands":[{"term_id":101,"name":"NATURAL GREATNESS","slug":"natural-greatness","term_group":0,"term_taxonomy_id":101,"taxonomy":"brand","description":"","parent":0,"count":73,"filter":"raw"}],"product_cat":[96,20,89],"product_tag":[],"class_list":{"0":"post-6090","1":"product","2":"type-product","3":"status-publish","4":"has-post-thumbnail","6":"brand-natural-greatness","7":"product_cat-todos-los-productos","8":"product_cat-perros","9":"product_cat-comida-humeda-para-perros","11":"first","12":"instock","13":"taxable","14":"shipping-taxable","15":"purchasable","16":"product-type-simple"},"jetpack_sharing_enabled":true,"_links":{"self":[{"href":"https:\/\/familycancat.com\/en\/wp-json\/wp\/v2\/product\/6090","targetHints":{"allow":["GET"]}}],"collection":[{"href":"https:\/\/familycancat.com\/en\/wp-json\/wp\/v2\/product"}],"about":[{"href":"https:\/\/familycancat.com\/en\/wp-json\/wp\/v2\/types\/product"}],"version-history":[{"count":2,"href":"https:\/\/familycancat.com\/en\/wp-json\/wp\/v2\/product\/6090\/revisions"}],"predecessor-version":[{"id":6513,"href":"https:\/\/familycancat.com\/en\/wp-json\/wp\/v2\/product\/6090\/revisions\/6513"}],"wp:featuredmedia":[{"embeddable":true,"href":"https:\/\/familycancat.com\/en\/wp-json\/wp\/v2\/media\/6512"}],"wp:attachment":[{"href":"https:\/\/familycancat.com\/en\/wp-json\/wp\/v2\/media?parent=6090"}],"wp:term":[{"taxonomy":"brand","embeddable":true,"href":"https:\/\/familycancat.com\/en\/wp-json\/wp\/v2\/etheme_brands?post=6090"},{"taxonomy":"product_cat","embeddable":true,"href":"https:\/\/familycancat.com\/en\/wp-json\/wp\/v2\/product_cat?post=6090"},{"taxonomy":"product_tag","embeddable":true,"href":"https:\/\/familycancat.com\/en\/wp-json\/wp\/v2\/product_tag?post=6090"}],"curies":[{"name":"wp","href":"https:\/\/api.w.org\/{rel}","templated":true}]}}