{"id":6089,"date":"2024-12-20T07:50:54","date_gmt":"2024-12-20T06:50:54","guid":{"rendered":"https:\/\/familycancat.com\/producto\/ng-gato-top-mountain-2kg\/"},"modified":"2026-04-10T17:23:30","modified_gmt":"2026-04-10T16:23:30","slug":"ng-gato-top-mountain-2kg","status":"publish","type":"product","link":"https:\/\/familycancat.com\/en\/product\/ng-gato-top-mountain-2kg\/","title":{"rendered":"Natural Greatness Cat Top Mountain 2 Kg"},"content":{"rendered":"<p>Natural Greatness TOP MOUNTAIN es una excelente receta ultra premium, hipoalerg\u00e9nica y monoproteica formulada sin cereales y desarrollada idealmente para satisfacer las necesidades nutricionales de gatitos, gatas gestantes y gatos. Esta receta incorpora carne de conejo como \u00fanica fuente de prote\u00edna animal, ideal para aquellos gatos con sensibilidad a otras carnes m\u00e1s comunes como el pollo. Adem\u00e1s, este alimento favorece el tracto digestivo, mejora el sistema inmunol\u00f3gico del gato y optimiza el nivel de PH en la orina gracias a su contenido en prote\u00edna de alta calidad y \u00f3ptimos niveles de magnesio y \u00e1cidos grasos omega 3 y 6. La calidad de los ingredientes naturales empleados en nuestras recetas les aporta altos niveles de palatabilidad y digestibilidad.<\/p>\n<p>Composici\u00f3n: Carne fresca de conejo (40%), Carne deshidratada de conejo (30%), Guisantes, Prote\u00edna de patata, Aceite de pollo (8%), Patata deshidratada, Prote\u00edna de guisante, Hidrolizado de conejo (3%), Aceite de salm\u00f3n (0,8%), Levaduras, Pulpa de remolacha, Sustancias minerales, Frutas (Manzanas y Ar\u00e1ndanos), Verduras (Tomates y Espinacas), Zanahoria, Calabaza, Algas, Inulina (FOS), Manano-oligisac\u00e1ridos (MOS), Romero, Menta de gato (1000 mg\/kg), Perejil, Yucca schidigera, Glucosamina, Condroitina.<\/p>\n<p>Componentes anal\u00edticos: Prote\u00edna bruta (37%), Aceites y grasas brutas (20%), Fibra bruta (2,5%), Ceniza bruta (7%), Carbohidratos (21,2%), Calcio (1,2%), F\u00f3sforo (1,1%), Magnesio (0,1%), \u00c1cidos grasos omega 3 (0,7%), \u00c1cidos grasos omega 6 (3,1%), Taurina 1.000 mg\/kg, Metionina 1.000 mg\/kg.<\/p>\n<p>Energ\u00eda metabolizable: 4.200 kcal\/kg.<\/p>\n<p>Formatos: 600 gr \/ 2 kg \/ 6 kg<\/p>","protected":false},"excerpt":{"rendered":"<p>Natural Greatness Top Mountain para gato. Receta Hipoalerg\u00e9nica formulada sin cereales ni grano, sin lactosa, sin colorantes ni saborizantes artificiales y sin conservantes artificiales.<\/p>\n<p>Alto porcentaje de carne de conejo y baja en carbohidratos, adecuada para gatitos, gatas lactantes y gatos adultos.<\/p>","protected":false},"featured_media":6499,"template":"","meta":[],"etheme_brands":[{"term_id":101,"name":"NATURAL GREATNESS","slug":"natural-greatness","term_group":0,"term_taxonomy_id":101,"taxonomy":"brand","description":"","parent":0,"count":73,"filter":"raw"}],"product_cat":[96,25,21],"product_tag":[],"class_list":{"0":"post-6089","1":"product","2":"type-product","3":"status-publish","4":"has-post-thumbnail","6":"brand-natural-greatness","7":"product_cat-todos-los-productos","8":"product_cat-gatos","9":"product_cat-pienso-gatos","11":"first","12":"instock","13":"sale","14":"taxable","15":"shipping-taxable","16":"purchasable","17":"product-type-simple"},"jetpack_sharing_enabled":true,"_links":{"self":[{"href":"https:\/\/familycancat.com\/en\/wp-json\/wp\/v2\/product\/6089","targetHints":{"allow":["GET"]}}],"collection":[{"href":"https:\/\/familycancat.com\/en\/wp-json\/wp\/v2\/product"}],"about":[{"href":"https:\/\/familycancat.com\/en\/wp-json\/wp\/v2\/types\/product"}],"version-history":[{"count":2,"href":"https:\/\/familycancat.com\/en\/wp-json\/wp\/v2\/product\/6089\/revisions"}],"predecessor-version":[{"id":6501,"href":"https:\/\/familycancat.com\/en\/wp-json\/wp\/v2\/product\/6089\/revisions\/6501"}],"wp:featuredmedia":[{"embeddable":true,"href":"https:\/\/familycancat.com\/en\/wp-json\/wp\/v2\/media\/6499"}],"wp:attachment":[{"href":"https:\/\/familycancat.com\/en\/wp-json\/wp\/v2\/media?parent=6089"}],"wp:term":[{"taxonomy":"brand","embeddable":true,"href":"https:\/\/familycancat.com\/en\/wp-json\/wp\/v2\/etheme_brands?post=6089"},{"taxonomy":"product_cat","embeddable":true,"href":"https:\/\/familycancat.com\/en\/wp-json\/wp\/v2\/product_cat?post=6089"},{"taxonomy":"product_tag","embeddable":true,"href":"https:\/\/familycancat.com\/en\/wp-json\/wp\/v2\/product_tag?post=6089"}],"curies":[{"name":"wp","href":"https:\/\/api.w.org\/{rel}","templated":true}]}}