{"id":6083,"date":"2024-12-20T07:50:54","date_gmt":"2024-12-20T06:50:54","guid":{"rendered":"https:\/\/familycancat.com\/producto\/ng-sensitive-cordero-mini-starter-puppy-adult-mini-6kg\/"},"modified":"2026-03-26T20:23:11","modified_gmt":"2026-03-26T19:23:11","slug":"ng-sensitive-cordero-mini-starter-puppy-adult-mini-6kg","status":"publish","type":"product","link":"https:\/\/familycancat.com\/en\/product\/ng-sensitive-cordero-mini-starter-puppy-adult-mini-6kg\/","title":{"rendered":"Natural Greatness Sensitive Cordero Puppy &#8211; Adult Mini 6 kg"},"content":{"rendered":"<p>Natural Greatness RECETA DE CORDERO MINI es una excelente receta ultra premium e hipoalerg\u00e9nica formulada sin cereales y desarrollada idealmente para perros adultos con digesti\u00f3n sensible, cachorros, hembras gestantes o en lactancia de razas peque\u00f1as y medianas o para aquellos que, simplemente, requieren una alimentaci\u00f3n de alta calidad. Esta receta monoproteica de cordero tiene una alta digestibilidad, por lo que es id\u00f3nea para perros con est\u00f3magos sensibles al pollo u otras carnes. Toda nuestra alimentaci\u00f3n se elabora siguiendo un proceso natural de cocci\u00f3n altamente avanzado que se basa en la inyecci\u00f3n directa de carne fresca. La calidad de los ingredientes naturales empleados en nuestras recetas les aporta altos niveles de palatabilidad y digestibilidad.<\/p>\n<p>Composici\u00f3n: Carne deshidratada de cordero (24%), Carne fresca de cordero (11%), Aceite de Pollo (11%), Guisantes, Patata, Hidrolizado de h\u00edgado de cordero (3%), Zanahoria, Calabaza, Prote\u00edna de patata, Levadura, Pulpa de remolacha, Aceite de Salm\u00f3n (3%), Semilla de linaza, Mix de frutas (Manzana y Ar\u00e1ndanos), Mix de verduras (Tomate y Espinacas), Algas, Manano- oligosac\u00e1ridos (MOS), Inulina (FOS), Yucca schidigera, Romero, Perejil, Glucosamina 650 mg\/ kg, Condroitina 150 mg\/kg.<\/p>\n<p>Componentes anal\u00edticos: Prote\u00edna bruta (30%), Aceites y grasas brutas (18%), Fibra bruta (2,5%), Ceniza bruta (6,5%), Calcio (1,5%), F\u00f3sforo (1%), \u00c1cidos grasos omega 3 (0,5%), \u00c1cidos grasos omega 6 (2,9%), EPA+DHA (0,3%). Energ\u00eda metabolizable: 3.930 kcal\/kg.<\/p>\n<p>Formatos: 2 kg\/ 6 kg<\/p>","protected":false},"excerpt":{"rendered":"<p><strong>Natural Greatness Sensitive Cordero Puppy Mini Starter &amp; Adult mini<\/strong>\u00a0es una receta hipoalerg\u00e9nica y sin cereales con una croqueta m\u00e1s peque\u00f1a, adecuada para cachorros de todas las razas a partir del destete y perros adultos de razas medianas y peque\u00f1as.<\/p>","protected":false},"featured_media":6508,"template":"","meta":[],"etheme_brands":[{"term_id":101,"name":"NATURAL GREATNESS","slug":"natural-greatness","term_group":0,"term_taxonomy_id":101,"taxonomy":"brand","description":"","parent":0,"count":73,"filter":"raw"}],"product_cat":[96,20,88,131],"product_tag":[],"class_list":{"0":"post-6083","1":"product","2":"type-product","3":"status-publish","4":"has-post-thumbnail","6":"brand-natural-greatness","7":"product_cat-todos-los-productos","8":"product_cat-perros","9":"product_cat-pienso-para-perros","10":"product_cat-pienso-perro-adulto-raza-mini","12":"first","13":"instock","14":"sale","15":"taxable","16":"shipping-taxable","17":"purchasable","18":"product-type-simple"},"jetpack_sharing_enabled":true,"_links":{"self":[{"href":"https:\/\/familycancat.com\/en\/wp-json\/wp\/v2\/product\/6083","targetHints":{"allow":["GET"]}}],"collection":[{"href":"https:\/\/familycancat.com\/en\/wp-json\/wp\/v2\/product"}],"about":[{"href":"https:\/\/familycancat.com\/en\/wp-json\/wp\/v2\/types\/product"}],"version-history":[{"count":2,"href":"https:\/\/familycancat.com\/en\/wp-json\/wp\/v2\/product\/6083\/revisions"}],"predecessor-version":[{"id":6510,"href":"https:\/\/familycancat.com\/en\/wp-json\/wp\/v2\/product\/6083\/revisions\/6510"}],"wp:featuredmedia":[{"embeddable":true,"href":"https:\/\/familycancat.com\/en\/wp-json\/wp\/v2\/media\/6508"}],"wp:attachment":[{"href":"https:\/\/familycancat.com\/en\/wp-json\/wp\/v2\/media?parent=6083"}],"wp:term":[{"taxonomy":"brand","embeddable":true,"href":"https:\/\/familycancat.com\/en\/wp-json\/wp\/v2\/etheme_brands?post=6083"},{"taxonomy":"product_cat","embeddable":true,"href":"https:\/\/familycancat.com\/en\/wp-json\/wp\/v2\/product_cat?post=6083"},{"taxonomy":"product_tag","embeddable":true,"href":"https:\/\/familycancat.com\/en\/wp-json\/wp\/v2\/product_tag?post=6083"}],"curies":[{"name":"wp","href":"https:\/\/api.w.org\/{rel}","templated":true}]}}