{"id":6029,"date":"2024-12-20T07:50:51","date_gmt":"2024-12-20T06:50:51","guid":{"rendered":"https:\/\/familycancat.com\/producto\/alpha-s-albondigas-cerdo-y-alcaravea-400-gr\/"},"modified":"2026-03-30T16:32:55","modified_gmt":"2026-03-30T15:32:55","slug":"alpha-s-albondigas-cerdo-y-alcaravea-400-gr","status":"publish","type":"product","link":"https:\/\/familycancat.com\/en\/product\/alpha-s-albondigas-cerdo-y-alcaravea-400-gr\/","title":{"rendered":"Alpha Spirit Alb\u00f3ndigas Cerdo y Alcaravea 400 Gr"},"content":{"rendered":"<p>Composici\u00f3n:<br \/>\nCarne 80% (carne de pollo 40%, carne de cerdo 40%), almid\u00f3n de patata, zanahoria, calabaza, acelga, pimiento rojo, gelatina, fibra de remolacha, alcaravea (0,5%) y minerales.<\/p>\n<p>Aditivos: Aditivos nutricionales: vitamina A 1660 IU\/kg, vitamina D 150 IU\/kg, vitamina E 9,8 IU\/kg.<\/p>","protected":false},"excerpt":{"rendered":"<p>Alpha Spirit alb\u00f3ndigas de cerdo y alcarabea. Alimento completo para perros adultos.<\/p>\n<p>Composici\u00f3n: 70% carne de pollo, 10% carne de cerdo, almid\u00f3n de patata, prote\u00edna de guisante, alcaravea, minerales, aceite de oliva virgen extra.<\/p>","protected":false},"featured_media":6387,"template":"","meta":[],"etheme_brands":[{"term_id":97,"name":"ALPHA SPIRIT","slug":"alpha-spirit","term_group":0,"term_taxonomy_id":97,"taxonomy":"brand","description":"","parent":0,"count":36,"filter":"raw"}],"product_cat":[96,20,89],"product_tag":[],"class_list":{"0":"post-6029","1":"product","2":"type-product","3":"status-publish","4":"has-post-thumbnail","6":"brand-alpha-spirit","7":"product_cat-todos-los-productos","8":"product_cat-perros","9":"product_cat-comida-humeda-para-perros","11":"first","12":"instock","13":"taxable","14":"shipping-taxable","15":"purchasable","16":"product-type-simple"},"jetpack_sharing_enabled":true,"_links":{"self":[{"href":"https:\/\/familycancat.com\/en\/wp-json\/wp\/v2\/product\/6029","targetHints":{"allow":["GET"]}}],"collection":[{"href":"https:\/\/familycancat.com\/en\/wp-json\/wp\/v2\/product"}],"about":[{"href":"https:\/\/familycancat.com\/en\/wp-json\/wp\/v2\/types\/product"}],"version-history":[{"count":5,"href":"https:\/\/familycancat.com\/en\/wp-json\/wp\/v2\/product\/6029\/revisions"}],"predecessor-version":[{"id":6391,"href":"https:\/\/familycancat.com\/en\/wp-json\/wp\/v2\/product\/6029\/revisions\/6391"}],"wp:featuredmedia":[{"embeddable":true,"href":"https:\/\/familycancat.com\/en\/wp-json\/wp\/v2\/media\/6387"}],"wp:attachment":[{"href":"https:\/\/familycancat.com\/en\/wp-json\/wp\/v2\/media?parent=6029"}],"wp:term":[{"taxonomy":"brand","embeddable":true,"href":"https:\/\/familycancat.com\/en\/wp-json\/wp\/v2\/etheme_brands?post=6029"},{"taxonomy":"product_cat","embeddable":true,"href":"https:\/\/familycancat.com\/en\/wp-json\/wp\/v2\/product_cat?post=6029"},{"taxonomy":"product_tag","embeddable":true,"href":"https:\/\/familycancat.com\/en\/wp-json\/wp\/v2\/product_tag?post=6029"}],"curies":[{"name":"wp","href":"https:\/\/api.w.org\/{rel}","templated":true}]}}