{"id":6028,"date":"2024-12-20T07:50:51","date_gmt":"2024-12-20T06:50:51","guid":{"rendered":"https:\/\/familycancat.com\/producto\/alpha-s-albondigas-cordero-y-comino-400-gr\/"},"modified":"2026-04-06T19:23:12","modified_gmt":"2026-04-06T18:23:12","slug":"alpha-s-albondigas-cordero-y-comino-400-gr","status":"publish","type":"product","link":"https:\/\/familycancat.com\/en\/product\/alpha-s-albondigas-cordero-y-comino-400-gr\/","title":{"rendered":"Alpha Spirit Alb\u00f3ndigas Cordero y Comino 400 Gr"},"content":{"rendered":"<p>Composici\u00f3n:<br \/>\nCarne 80% (carne de pollo 40%, carne de cerdo 30%, carne de cordero 10%), almid\u00f3n de patata, zanahoria, calabaza, acelga, pimiento, gelatina, fibra de remolacha, comino (0,5%) y minerales.<\/p>\n<p>Aditivos: Aditivos nutricionales: vitamina A 1660 IU\/kg, vitamina D 150 IU\/kg, vitamina E 9,8 IU\/kg.<\/p>","protected":false},"excerpt":{"rendered":"<p>Alpha Spirit alb\u00f3ndigas de cordero y comino. Alimento completo para perros adultos.<\/p>\n<p>Composici\u00f3n: 70% carne de pollo, 10% carne de cordero, almid\u00f3n de patata, prote\u00edna de guisante, comino, minerales, aceite de oliva virgen extra.<\/p>","protected":false},"featured_media":6399,"template":"","meta":[],"etheme_brands":[{"term_id":97,"name":"ALPHA SPIRIT","slug":"alpha-spirit","term_group":0,"term_taxonomy_id":97,"taxonomy":"brand","description":"","parent":0,"count":36,"filter":"raw"}],"product_cat":[96,20,89],"product_tag":[],"class_list":{"0":"post-6028","1":"product","2":"type-product","3":"status-publish","4":"has-post-thumbnail","6":"brand-alpha-spirit","7":"product_cat-todos-los-productos","8":"product_cat-perros","9":"product_cat-comida-humeda-para-perros","11":"first","12":"instock","13":"taxable","14":"shipping-taxable","15":"purchasable","16":"product-type-simple"},"jetpack_sharing_enabled":true,"_links":{"self":[{"href":"https:\/\/familycancat.com\/en\/wp-json\/wp\/v2\/product\/6028","targetHints":{"allow":["GET"]}}],"collection":[{"href":"https:\/\/familycancat.com\/en\/wp-json\/wp\/v2\/product"}],"about":[{"href":"https:\/\/familycancat.com\/en\/wp-json\/wp\/v2\/types\/product"}],"version-history":[{"count":2,"href":"https:\/\/familycancat.com\/en\/wp-json\/wp\/v2\/product\/6028\/revisions"}],"predecessor-version":[{"id":6400,"href":"https:\/\/familycancat.com\/en\/wp-json\/wp\/v2\/product\/6028\/revisions\/6400"}],"wp:featuredmedia":[{"embeddable":true,"href":"https:\/\/familycancat.com\/en\/wp-json\/wp\/v2\/media\/6399"}],"wp:attachment":[{"href":"https:\/\/familycancat.com\/en\/wp-json\/wp\/v2\/media?parent=6028"}],"wp:term":[{"taxonomy":"brand","embeddable":true,"href":"https:\/\/familycancat.com\/en\/wp-json\/wp\/v2\/etheme_brands?post=6028"},{"taxonomy":"product_cat","embeddable":true,"href":"https:\/\/familycancat.com\/en\/wp-json\/wp\/v2\/product_cat?post=6028"},{"taxonomy":"product_tag","embeddable":true,"href":"https:\/\/familycancat.com\/en\/wp-json\/wp\/v2\/product_tag?post=6028"}],"curies":[{"name":"wp","href":"https:\/\/api.w.org\/{rel}","templated":true}]}}