{"id":6026,"date":"2024-12-20T07:50:51","date_gmt":"2024-12-20T06:50:51","guid":{"rendered":"https:\/\/familycancat.com\/producto\/alpha-s-albondigas-pollo-y-curcuma-400gr\/"},"modified":"2026-04-06T16:58:10","modified_gmt":"2026-04-06T15:58:10","slug":"alpha-s-albondigas-pollo-y-curcuma-400gr","status":"publish","type":"product","link":"https:\/\/familycancat.com\/en\/product\/alpha-s-albondigas-pollo-y-curcuma-400gr\/","title":{"rendered":"Alpha Spirit Alb\u00f3ndigas Pollo y C\u00farcuma 400 Gr"},"content":{"rendered":"<p>Composici\u00f3n:<br \/>\nCarne de pollo 80% (carne de pollo 50%, carne de cerdo 30%), almid\u00f3n de patata, zanahoria, calabaza, acelga, pimiento, gelatina, fibra de remolacha, c\u00farcuma (0,5%) y minerales.<\/p>\n<p>Aditivos nutricionales: vitamina A 1660 IU\/kg, vitamina D 150 IU\/kg, vitamina E 9,8 IU\/kg.<\/p>","protected":false},"excerpt":{"rendered":"<p>Alpha Spirit alb\u00f3ndigas de pollo y c\u00farcuma. Alimento completo para perros adultos.<\/p>\n<p>Composici\u00f3n: 80% carne de pollo, almid\u00f3n de patata, prote\u00edna de guisante, c\u00farcuma, minerales, aceite de oliva virgen extra.<\/p>","protected":false},"featured_media":6553,"template":"","meta":[],"etheme_brands":[{"term_id":97,"name":"ALPHA SPIRIT","slug":"alpha-spirit","term_group":0,"term_taxonomy_id":97,"taxonomy":"brand","description":"","parent":0,"count":36,"filter":"raw"}],"product_cat":[96,20,89],"product_tag":[],"class_list":{"0":"post-6026","1":"product","2":"type-product","3":"status-publish","4":"has-post-thumbnail","6":"brand-alpha-spirit","7":"product_cat-todos-los-productos","8":"product_cat-perros","9":"product_cat-comida-humeda-para-perros","11":"first","12":"instock","13":"taxable","14":"shipping-taxable","15":"purchasable","16":"product-type-simple"},"jetpack_sharing_enabled":true,"_links":{"self":[{"href":"https:\/\/familycancat.com\/en\/wp-json\/wp\/v2\/product\/6026","targetHints":{"allow":["GET"]}}],"collection":[{"href":"https:\/\/familycancat.com\/en\/wp-json\/wp\/v2\/product"}],"about":[{"href":"https:\/\/familycancat.com\/en\/wp-json\/wp\/v2\/types\/product"}],"version-history":[{"count":2,"href":"https:\/\/familycancat.com\/en\/wp-json\/wp\/v2\/product\/6026\/revisions"}],"predecessor-version":[{"id":6554,"href":"https:\/\/familycancat.com\/en\/wp-json\/wp\/v2\/product\/6026\/revisions\/6554"}],"wp:featuredmedia":[{"embeddable":true,"href":"https:\/\/familycancat.com\/en\/wp-json\/wp\/v2\/media\/6553"}],"wp:attachment":[{"href":"https:\/\/familycancat.com\/en\/wp-json\/wp\/v2\/media?parent=6026"}],"wp:term":[{"taxonomy":"brand","embeddable":true,"href":"https:\/\/familycancat.com\/en\/wp-json\/wp\/v2\/etheme_brands?post=6026"},{"taxonomy":"product_cat","embeddable":true,"href":"https:\/\/familycancat.com\/en\/wp-json\/wp\/v2\/product_cat?post=6026"},{"taxonomy":"product_tag","embeddable":true,"href":"https:\/\/familycancat.com\/en\/wp-json\/wp\/v2\/product_tag?post=6026"}],"curies":[{"name":"wp","href":"https:\/\/api.w.org\/{rel}","templated":true}]}}