{"id":5985,"date":"2024-12-20T07:50:49","date_gmt":"2024-12-20T06:50:49","guid":{"rendered":"https:\/\/familycancat.com\/producto\/anibio-anti-placa-natural-60gr\/"},"modified":"2026-04-11T11:47:18","modified_gmt":"2026-04-11T10:47:18","slug":"anibio-anti-placa-natural-60gr","status":"publish","type":"product","link":"https:\/\/familycancat.com\/en\/product\/anibio-anti-placa-natural-60gr\/","title":{"rendered":"Anibio Anti-Placa para Perro y Gato 60GR"},"content":{"rendered":"<p><strong>Anti-Placa de Anibio<\/strong>\u00a0es una combinaci\u00f3n eficaz de ingredientes puramente naturales.<\/p>\n<p>Administrando diariamente este producto a base de algas marinas se produce un aumento de la liberaci\u00f3n de encimas naturales durante la masticaci\u00f3n del alimento, y de esta forma se ayuda a eliminar las manchas y el sarro de los dientes previni\u00e9ndose incluso nuevas formaciones de placa.<\/p>\n<p>Adem\u00e1s, este producto contiene amino\u00e1cidos, minerales y oligoelementos que favorecen al organismo.<\/p>\n<p>Ideal para un mantenimiento optimo despu\u00e9s de limpiezas bucales veterinarias.<\/p>\n<p>\u2022 Elimina el sarro<\/p>\n<p>\u2022 Combate el mal aliento<\/p>\n<p>Administraci\u00f3n recomendada en perros y gatos:<\/p>\n<p>&#8211; &lt; 20kg 1 medida\/d\u00eda<\/p>\n<p>&#8211; 20- 30kg 1-2 medidas\/d\u00eda<\/p>\n<p>Los efectos ser\u00e1n visibles a partir de la 3\u00aa semana.<\/p>\n<p>Se puede administrar durante largo tiempo.<\/p>\n<p>60g<\/p>\n<p><strong>Composici\u00f3n<\/strong><\/p>\n<p>Mezcla de algas marinas, pulpa de manzana \u2013\u00a0NUEVO: con Ratanhia Radix<\/p>\n<p><strong>Ingredientes adicionales por kg:<\/strong>\u00a0(E551a) \u00c1cido sil\u00edcio 10.000 mg.<\/p>","protected":false},"excerpt":{"rendered":"<p><strong>Anti-Placa de Anibio<\/strong>\u00a0es una combinaci\u00f3n eficaz de ingredientes puramente naturales.<\/p>","protected":false},"featured_media":6549,"template":"","meta":[],"etheme_brands":[{"term_id":112,"name":"ANIBIO","slug":"anibio","term_group":0,"term_taxonomy_id":112,"taxonomy":"brand","description":"","parent":0,"count":13,"filter":"raw"}],"product_cat":[96,20,126],"product_tag":[],"class_list":{"0":"post-5985","1":"product","2":"type-product","3":"status-publish","4":"has-post-thumbnail","6":"brand-anibio","7":"product_cat-todos-los-productos","8":"product_cat-perros","9":"product_cat-complementos-y-suplementos","11":"first","12":"instock","13":"featured","14":"taxable","15":"shipping-taxable","16":"purchasable","17":"product-type-simple"},"jetpack_sharing_enabled":true,"_links":{"self":[{"href":"https:\/\/familycancat.com\/en\/wp-json\/wp\/v2\/product\/5985","targetHints":{"allow":["GET"]}}],"collection":[{"href":"https:\/\/familycancat.com\/en\/wp-json\/wp\/v2\/product"}],"about":[{"href":"https:\/\/familycancat.com\/en\/wp-json\/wp\/v2\/types\/product"}],"version-history":[{"count":3,"href":"https:\/\/familycancat.com\/en\/wp-json\/wp\/v2\/product\/5985\/revisions"}],"predecessor-version":[{"id":9492,"href":"https:\/\/familycancat.com\/en\/wp-json\/wp\/v2\/product\/5985\/revisions\/9492"}],"wp:featuredmedia":[{"embeddable":true,"href":"https:\/\/familycancat.com\/en\/wp-json\/wp\/v2\/media\/6549"}],"wp:attachment":[{"href":"https:\/\/familycancat.com\/en\/wp-json\/wp\/v2\/media?parent=5985"}],"wp:term":[{"taxonomy":"brand","embeddable":true,"href":"https:\/\/familycancat.com\/en\/wp-json\/wp\/v2\/etheme_brands?post=5985"},{"taxonomy":"product_cat","embeddable":true,"href":"https:\/\/familycancat.com\/en\/wp-json\/wp\/v2\/product_cat?post=5985"},{"taxonomy":"product_tag","embeddable":true,"href":"https:\/\/familycancat.com\/en\/wp-json\/wp\/v2\/product_tag?post=5985"}],"curies":[{"name":"wp","href":"https:\/\/api.w.org\/{rel}","templated":true}]}}