{"id":5984,"date":"2024-12-20T07:50:49","date_gmt":"2024-12-20T06:50:49","guid":{"rendered":"https:\/\/familycancat.com\/producto\/anibio-barf-complex\/"},"modified":"2025-10-28T12:23:00","modified_gmt":"2025-10-28T11:23:00","slug":"anibio-barf-complex","status":"publish","type":"product","link":"https:\/\/familycancat.com\/en\/product\/anibio-barf-complex\/","title":{"rendered":"Anibio Barf-Complex 420 Gr"},"content":{"rendered":"<p>BARF- Complex ofrece una base para una nutrici\u00f3n saludable y natural con las principales vitaminas y sustancias vitales de alto grado biol\u00f3gico. Anibio BARF-COMPLEX est\u00e1 recomendado como suplemento diario a la dieta BARF de BARFY.<br \/>\nSu composici\u00f3n es libre de trigo y lleva la cantidad de vitaminas y minerales necesarios para una dieta equilibrada.<br \/>\nContiene levadura de cerveza com\u00fanmente usada como remedio natural para combatir pulgas y pr\u00e1sitos.<\/p>\n<p>Composici\u00f3n:<br \/>\nPolvo de lactosuero (parcialmente extra\u00eddo el az\u00facar), levadura de cerveza, mezcla de hierbas (ortiga, hinojo, an\u00eds, comino, abedul, musgo de Islandia), pulpa de manzana, dextrosa, zanahoria, linaza, concentrado de prote\u00edna de soja, fumarato de magnesio, carbonato de calcio, chelato de calcio, cloruro de potasio.<\/p>\n<p>Componentes anal\u00edticos:<br \/>\nProte\u00edna 16,1%, Fibra 10,2%, Grasa 5,1%, Ceniza 14,6%, Calcio 3,0%, Sodio 0,1%, Magnesio 0,7%, F\u00f3sforo 0,4%<\/p>\n<p>Administraci\u00f3n Recomendada:<br \/>\nPerros hasta 10kg de peso -&gt; \u00bd cuchara de postre al d\u00eda;<br \/>\nPerros hasta 30kg de peso -&gt; 1 cuchara de postre al d\u00eda;<br \/>\nPerros m\u00e1s de 30kg de peso -&gt; 2 cucharas de postre al d\u00eda<\/p>","protected":false},"excerpt":{"rendered":"<p>BARF Complex de Anibio aporta una base para una alimentaci\u00f3n sana y natural con las principales vitaminas y sustancias vitales de alto grado biol\u00f3gico. Formulado para mejorar el desarrollo y la condici\u00f3n f\u00edsica en general, observ\u00e1ndose como norma un mejor aspecto y vitalidad.<\/p>","protected":false},"featured_media":6743,"template":"","meta":[],"etheme_brands":[{"term_id":112,"name":"ANIBIO","slug":"anibio","term_group":0,"term_taxonomy_id":112,"taxonomy":"brand","description":"","parent":0,"count":13,"filter":"raw"}],"product_cat":[96,20,126],"product_tag":[],"class_list":{"0":"post-5984","1":"product","2":"type-product","3":"status-publish","4":"has-post-thumbnail","6":"brand-anibio","7":"product_cat-todos-los-productos","8":"product_cat-perros","9":"product_cat-complementos-y-suplementos","11":"first","12":"instock","13":"taxable","14":"shipping-taxable","15":"purchasable","16":"product-type-simple"},"jetpack_sharing_enabled":true,"_links":{"self":[{"href":"https:\/\/familycancat.com\/en\/wp-json\/wp\/v2\/product\/5984","targetHints":{"allow":["GET"]}}],"collection":[{"href":"https:\/\/familycancat.com\/en\/wp-json\/wp\/v2\/product"}],"about":[{"href":"https:\/\/familycancat.com\/en\/wp-json\/wp\/v2\/types\/product"}],"version-history":[{"count":2,"href":"https:\/\/familycancat.com\/en\/wp-json\/wp\/v2\/product\/5984\/revisions"}],"predecessor-version":[{"id":6744,"href":"https:\/\/familycancat.com\/en\/wp-json\/wp\/v2\/product\/5984\/revisions\/6744"}],"wp:featuredmedia":[{"embeddable":true,"href":"https:\/\/familycancat.com\/en\/wp-json\/wp\/v2\/media\/6743"}],"wp:attachment":[{"href":"https:\/\/familycancat.com\/en\/wp-json\/wp\/v2\/media?parent=5984"}],"wp:term":[{"taxonomy":"brand","embeddable":true,"href":"https:\/\/familycancat.com\/en\/wp-json\/wp\/v2\/etheme_brands?post=5984"},{"taxonomy":"product_cat","embeddable":true,"href":"https:\/\/familycancat.com\/en\/wp-json\/wp\/v2\/product_cat?post=5984"},{"taxonomy":"product_tag","embeddable":true,"href":"https:\/\/familycancat.com\/en\/wp-json\/wp\/v2\/product_tag?post=5984"}],"curies":[{"name":"wp","href":"https:\/\/api.w.org\/{rel}","templated":true}]}}