{"id":5980,"date":"2024-12-20T07:50:49","date_gmt":"2024-12-20T06:50:49","guid":{"rendered":"https:\/\/familycancat.com\/producto\/anibio-taurina-130g-suplemento-de-taurina-para-perros-y-gatos\/"},"modified":"2026-02-04T11:45:48","modified_gmt":"2026-02-04T10:45:48","slug":"anibio-taurina-130g-suplemento-de-taurina-para-perros-y-gatos","status":"publish","type":"product","link":"https:\/\/familycancat.com\/en\/product\/anibio-taurina-130g-suplemento-de-taurina-para-perros-y-gatos\/","title":{"rendered":"Anibio Taurina para Perros y Gatos 130 Gr"},"content":{"rendered":"<p>Anibio Taurin es un suplemento natural de taurina para gatos. La Taurina es un amino\u00e1cido esencial para los gatos, ya que lo necesitan para un correcto funcionamiento de diferentes \u00f3rganos: vista, m\u00fasculos, coraz\u00f3n, sistema inmune, sistema nervioso, defensas&#8230;El problema de la taurina es que los gatos no tienen la capacidad para generarla por s\u00ed mismos, por lo que necesitan obtenerla a trav\u00e9s de una correcta alimentaci\u00f3n.<\/p>\n<p>Una buena alimentaci\u00f3n (rica en prote\u00ednas c\u00e1rnicas) y suplementaci\u00f3n con Anibio Taurin, mantendr\u00e1n la vista, el coraz\u00f3n y el sistema inmune de tu gato en perfectas condiciones, garantizando el aporte necesario de taurina en tu gato.<\/p>\n<p>La administraci\u00f3n complementaria de taurina en gatos se considera en muchas ocasiones fundamental. El pollo y otras carnes contienen taurina, pero muchas veces no en suficiente cantidad como para cubrir las necesidades diarias de nuestras mascotas.<\/p>\n<p>Utiliza Anibio Taurin para prevenir carencias en tu gato y mantener su vista y sus principales \u00f3rganos en perfecto estado.<\/p>","protected":false},"excerpt":{"rendered":"<p>Aumenta la vitalidad del gato y perro. La Taurina es imprescindible para el gato. La cantidad de taurina en muchos alimentos es demasiado baja. Para cubrir esta necesidad y para prevenir signos de carencia, como p\u00e9rdida de visi\u00f3n o enfermedad del m\u00fasculo cardiaco, la administraci\u00f3n complementaria llega a ser fundamental.<\/p>","protected":false},"featured_media":6737,"template":"","meta":[],"etheme_brands":[{"term_id":112,"name":"ANIBIO","slug":"anibio","term_group":0,"term_taxonomy_id":112,"taxonomy":"brand","description":"","parent":0,"count":13,"filter":"raw"}],"product_cat":[96,20,126,25],"product_tag":[],"class_list":{"0":"post-5980","1":"product","2":"type-product","3":"status-publish","4":"has-post-thumbnail","6":"brand-anibio","7":"product_cat-todos-los-productos","8":"product_cat-perros","9":"product_cat-complementos-y-suplementos","10":"product_cat-gatos","12":"first","13":"instock","14":"taxable","15":"shipping-taxable","16":"purchasable","17":"product-type-simple"},"jetpack_sharing_enabled":true,"_links":{"self":[{"href":"https:\/\/familycancat.com\/en\/wp-json\/wp\/v2\/product\/5980","targetHints":{"allow":["GET"]}}],"collection":[{"href":"https:\/\/familycancat.com\/en\/wp-json\/wp\/v2\/product"}],"about":[{"href":"https:\/\/familycancat.com\/en\/wp-json\/wp\/v2\/types\/product"}],"version-history":[{"count":2,"href":"https:\/\/familycancat.com\/en\/wp-json\/wp\/v2\/product\/5980\/revisions"}],"predecessor-version":[{"id":6738,"href":"https:\/\/familycancat.com\/en\/wp-json\/wp\/v2\/product\/5980\/revisions\/6738"}],"wp:featuredmedia":[{"embeddable":true,"href":"https:\/\/familycancat.com\/en\/wp-json\/wp\/v2\/media\/6737"}],"wp:attachment":[{"href":"https:\/\/familycancat.com\/en\/wp-json\/wp\/v2\/media?parent=5980"}],"wp:term":[{"taxonomy":"brand","embeddable":true,"href":"https:\/\/familycancat.com\/en\/wp-json\/wp\/v2\/etheme_brands?post=5980"},{"taxonomy":"product_cat","embeddable":true,"href":"https:\/\/familycancat.com\/en\/wp-json\/wp\/v2\/product_cat?post=5980"},{"taxonomy":"product_tag","embeddable":true,"href":"https:\/\/familycancat.com\/en\/wp-json\/wp\/v2\/product_tag?post=5980"}],"curies":[{"name":"wp","href":"https:\/\/api.w.org\/{rel}","templated":true}]}}