{"id":5965,"date":"2024-12-20T07:50:48","date_gmt":"2024-12-20T06:50:48","guid":{"rendered":"https:\/\/familycancat.com\/producto\/nd-cat-pumpkin-neutered-codorniz-15kg\/"},"modified":"2026-04-14T16:48:27","modified_gmt":"2026-04-14T15:48:27","slug":"nd-cat-pumpkin-neutered-codorniz-15kg","status":"publish","type":"product","link":"https:\/\/familycancat.com\/en\/product\/nd-cat-pumpkin-neutered-codorniz-15kg\/","title":{"rendered":"Farmina ND Cat Pumpkin Neutered Codorniz 1,5 KG"},"content":{"rendered":"<p><strong><span class=\"titoletto\">COMPOSICI\u00d3N<\/span><\/strong><\/p>\n<p class=\"comp\">Codorniz (30%), prote\u00edna de codorniz deshidratada (28%), almid\u00f3n de guisante, calabaza deshidratada (5%), huevos deshidratados, grasa de pollo, arenque, prote\u00edna de arenque deshidratada, aceite de pescado (de arenque), zanahorias deshidratadas, harina de alfalfa, inulina, fructooligosac\u00e1ridos, extracto de levadura (fuente de manano-oligosac\u00e1ridos), granada deshidratada (0. 5%), manzana deshidratada, espinacas deshidratadas, c\u00e1scaras y semillas de psilio (0,3%), naranja dulce deshidratada, ar\u00e1ndanos deshidratados, cloruro de sodio, levadura de cerveza deshidratada, c\u00farcuma (0,2%), extracto de aloe vera.<\/p>\n<div class=\"text1\"><strong><span class=\"titoletto\">ADITIVOS POR KG<\/span><\/strong><\/p>\n<p class=\"comp\">Aditivos nutricionales: Vitamina A 18000IU; Vitamina D3 1200IU; Vitamina E 600mg; Vitamina C 300mg; Niacina 150mg; D-pantotenato de calcio 50mg; Vitamina B2 20mg; Vitamina B6 8. 1mg; Vitamina B1 10mg; Biotina 1,5mg; \u00c1cido f\u00f3lico 1,5mg; Vitamina B12 0,1mg; Cloruro de colina 2800mg; Betacaroteno 1,5mg; Zinc (quelato de zinc del an\u00e1logo hidroxilado de la metionina): 163. 8mg; Manganeso (quelato de manganeso del an\u00e1logo hidroxilado de la metionina): 64,6mg; Hierro (quelato de hierro (II) del hidrato de glicina): 58,3mg; Cobre (quelato de cobre del an\u00e1logo hidroxilado de la metionina): 15,8mg; DL-Metionina, t\u00e9cnicamente pura 5000mg; Taurina 5000mg; L-Carnitina 400mg. Aditivos organol\u00e9pticos: extracto de t\u00e9 verde 100mg; extracto de romero. Antioxidantes: extractos de tocoferol de aceites vegetales.<\/p>\n<\/div>\n<div class=\"text2\"><strong><span class=\"titoletto\">COMPONENTES ANAL\u00cdTICOS<\/span><\/strong><\/p>\n<p class=\"comp\">Prote\u00edna bruta 46.00%; Grasa bruta 11.00%; Fibra bruta 5.50%; Humedad 8.00%; Cenizas brutas 8.70%; Calcio 1.10%; F\u00f3sforo 0.90%; Magnesio 0.09%; Omega\u20106 2.00%; Omega\u20103 0.45%; DHA 0.30%; EPA 0.10%;<\/p>\n<p><strong><span class=\"titoletto\">VALOR ENERG\u00c9TICO<\/span><\/strong><\/p>\n<p class=\"comp\">EM Kcal\/Kg 3631 &#8211; Mj\/Kg 15,19<\/p>\n<\/div>","protected":false},"excerpt":{"rendered":"<p>Alimento completo para gatos adultos esterilizados.<br \/>\nElaborado a base de codorniz, calabaza y granada.<\/p>","protected":false},"featured_media":7273,"template":"","meta":[],"etheme_brands":[{"term_id":99,"name":"FARMINA","slug":"farmina","term_group":0,"term_taxonomy_id":99,"taxonomy":"brand","description":"","parent":0,"count":127,"filter":"raw"}],"product_cat":[96,25,21],"product_tag":[],"class_list":{"0":"post-5965","1":"product","2":"type-product","3":"status-publish","4":"has-post-thumbnail","6":"brand-farmina","7":"product_cat-todos-los-productos","8":"product_cat-gatos","9":"product_cat-pienso-gatos","11":"first","12":"instock","13":"taxable","14":"shipping-taxable","15":"purchasable","16":"product-type-simple"},"jetpack_sharing_enabled":true,"_links":{"self":[{"href":"https:\/\/familycancat.com\/en\/wp-json\/wp\/v2\/product\/5965","targetHints":{"allow":["GET"]}}],"collection":[{"href":"https:\/\/familycancat.com\/en\/wp-json\/wp\/v2\/product"}],"about":[{"href":"https:\/\/familycancat.com\/en\/wp-json\/wp\/v2\/types\/product"}],"version-history":[{"count":3,"href":"https:\/\/familycancat.com\/en\/wp-json\/wp\/v2\/product\/5965\/revisions"}],"predecessor-version":[{"id":8177,"href":"https:\/\/familycancat.com\/en\/wp-json\/wp\/v2\/product\/5965\/revisions\/8177"}],"wp:featuredmedia":[{"embeddable":true,"href":"https:\/\/familycancat.com\/en\/wp-json\/wp\/v2\/media\/7273"}],"wp:attachment":[{"href":"https:\/\/familycancat.com\/en\/wp-json\/wp\/v2\/media?parent=5965"}],"wp:term":[{"taxonomy":"brand","embeddable":true,"href":"https:\/\/familycancat.com\/en\/wp-json\/wp\/v2\/etheme_brands?post=5965"},{"taxonomy":"product_cat","embeddable":true,"href":"https:\/\/familycancat.com\/en\/wp-json\/wp\/v2\/product_cat?post=5965"},{"taxonomy":"product_tag","embeddable":true,"href":"https:\/\/familycancat.com\/en\/wp-json\/wp\/v2\/product_tag?post=5965"}],"curies":[{"name":"wp","href":"https:\/\/api.w.org\/{rel}","templated":true}]}}