{"id":5964,"date":"2024-12-20T07:50:48","date_gmt":"2024-12-20T06:50:48","guid":{"rendered":"https:\/\/familycancat.com\/producto\/nd-dog-puppy-pumpkin-mini-cordero-25kg\/"},"modified":"2026-01-29T13:00:17","modified_gmt":"2026-01-29T12:00:17","slug":"nd-dog-puppy-pumpkin-mini-cordero-25kg","status":"publish","type":"product","link":"https:\/\/familycancat.com\/en\/product\/nd-dog-puppy-pumpkin-mini-cordero-25kg\/","title":{"rendered":"Farmina ND Dog Puppy Pumpkin Mini Cordero 2,5kg"},"content":{"rendered":"<p><strong>Composici\u00f3n<\/strong><\/p>\n<p>cordero (24%), prote\u00edna de cordero deshidratada (22%), almid\u00f3n de guisante, grasa de pollo, prote\u00edna de arenque deshidratada, calabaza deshidratada (5%), arenque, huevos deshidratados, aceite de pescado (de arenque), fibra de guisante, zanahorias deshidratadas, harina de alfalfa, cart\u00edlago de pollo (fuente de glucosamina y sulfato de condroitina) inulina, fructooligosac\u00e1ridos, extracto de levadura (fuente de manano-oligosac\u00e1ridos), ar\u00e1ndano deshidratado (0,5%), espinacas deshidratadas, c\u00e1scaras y semillas de psyllium (0,3%), manzana deshidratada, naranja dulce deshidratada, granada deshidratada, cloruro s\u00f3dico, levadura de cerveza deshidratada, c\u00farcuma (0,2%), extracto de aloe vera.<\/p>\n<p><strong>INGREDIENTES Y NUTRICI\u00d3N<\/strong><\/p>\n<p>aditivos por kg<\/p>\n<p>Aditivos nutricionales: Vitamina A 16000IU; Vitamina D3 1600IU; Vitamina E 600mg; Vitamina C 160mg; Niacina 40mg; D-pantotenato de calcio 16mg; Vitamina B2 8mg; Vitamina B6 6,4mg; Vitamina B1 4. 8mg; Biotina 0,40mg; \u00c1cido f\u00f3lico 0,48mg; Vitamina B12 0,1mg; Cloruro de colina 2800mg; Betacaroteno 1,5mg; Zinc (quelato de zinc del an\u00e1logo hidroxilado de la metionina) 163. 8mg; Manganeso (quelato de manganeso del an\u00e1logo hidroxilado de la metionina): 64,6mg; Hierro (quelato de hierro (II) del hidrato de glicina): 58,3mg; Cobre (quelato de cobre del an\u00e1logo hidroxilado de la metionina): 15,8mg; Selenio (levadura inactivada con selenio): 0,00088; DL-metionina t\u00e9cnicamente pura 6000mg; Taurina 1000mg; L-carnitina 300mg. Aditivos sensoriales: extracto de t\u00e9 verde 100mg; extracto de romero. Antioxidantes: extractos de tocoferol de aceites vegetales.<\/p>\n<p><strong>Componentes anal\u00edticos<\/strong><\/p>\n<p>prote\u00edna bruta 30,00%; grasa bruta 20,00%; fibra bruta 2,50%; humedad 9,00%; ceniza bruta 8,10%; calcio 1,10%; f\u00f3sforo 0,91%; Omega-6 3,40%; Omega-3 0,90%; DHA 0,50%; EPA 0,30%; glucosamina 1400mg\/kg; sulfato de condroitina1100mg\/kg.<\/p>\n<p><strong>Valor energ\u00e9tico<\/strong><\/p>\n<p>EM Kcal\/Kg 4139 &#8211; Mj\/Kg 17,31<\/p>","protected":false},"excerpt":{"rendered":"<p>Alimento completo para cachorros y hembras gestantes o en per\u00edodo de lactaci\u00f3n de razas de tama\u00f1o peque\u00f1o y mini. Elaborado a base de cordero, calabaza y ar\u00e1ndanos.<\/p>","protected":false},"featured_media":8071,"template":"","meta":[],"etheme_brands":[{"term_id":99,"name":"FARMINA","slug":"farmina","term_group":0,"term_taxonomy_id":99,"taxonomy":"brand","description":"","parent":0,"count":127,"filter":"raw"}],"product_cat":[96,20,88,130],"product_tag":[],"class_list":{"0":"post-5964","1":"product","2":"type-product","3":"status-publish","4":"has-post-thumbnail","6":"brand-farmina","7":"product_cat-todos-los-productos","8":"product_cat-perros","9":"product_cat-pienso-para-perros","10":"product_cat-pienso-cachorros","12":"first","13":"instock","14":"taxable","15":"shipping-taxable","16":"purchasable","17":"product-type-simple"},"jetpack_sharing_enabled":true,"_links":{"self":[{"href":"https:\/\/familycancat.com\/en\/wp-json\/wp\/v2\/product\/5964","targetHints":{"allow":["GET"]}}],"collection":[{"href":"https:\/\/familycancat.com\/en\/wp-json\/wp\/v2\/product"}],"about":[{"href":"https:\/\/familycancat.com\/en\/wp-json\/wp\/v2\/types\/product"}],"version-history":[{"count":2,"href":"https:\/\/familycancat.com\/en\/wp-json\/wp\/v2\/product\/5964\/revisions"}],"predecessor-version":[{"id":8072,"href":"https:\/\/familycancat.com\/en\/wp-json\/wp\/v2\/product\/5964\/revisions\/8072"}],"wp:featuredmedia":[{"embeddable":true,"href":"https:\/\/familycancat.com\/en\/wp-json\/wp\/v2\/media\/8071"}],"wp:attachment":[{"href":"https:\/\/familycancat.com\/en\/wp-json\/wp\/v2\/media?parent=5964"}],"wp:term":[{"taxonomy":"brand","embeddable":true,"href":"https:\/\/familycancat.com\/en\/wp-json\/wp\/v2\/etheme_brands?post=5964"},{"taxonomy":"product_cat","embeddable":true,"href":"https:\/\/familycancat.com\/en\/wp-json\/wp\/v2\/product_cat?post=5964"},{"taxonomy":"product_tag","embeddable":true,"href":"https:\/\/familycancat.com\/en\/wp-json\/wp\/v2\/product_tag?post=5964"}],"curies":[{"name":"wp","href":"https:\/\/api.w.org\/{rel}","templated":true}]}}