{"id":5963,"date":"2024-12-20T07:50:48","date_gmt":"2024-12-20T06:50:48","guid":{"rendered":"https:\/\/familycancat.com\/producto\/vet-life-dog-hypoallergenic-pescado-2kg\/"},"modified":"2025-12-05T19:32:30","modified_gmt":"2025-12-05T18:32:30","slug":"vet-life-dog-hypoallergenic-pescado-2kg","status":"publish","type":"product","link":"https:\/\/familycancat.com\/en\/product\/vet-life-dog-hypoallergenic-pescado-2kg\/","title":{"rendered":"Farmina Vet Life Hypoallergenic Fish &#038; Potato 2 Kg"},"content":{"rendered":"<p>Reduce las reacciones adversas a los alimentos. Farmina Vet Life Hypoallergenic Fish &amp; Potato es un alimento diet\u00e9tico completo para perros indicado para la reducci\u00f3n de la intolerancia a los alimentos.<\/p>\n<p>Tambi\u00e9n se recomienda como apoyo de la funci\u00f3n tr\u00f3fica de la piel y sus ap\u00e9ndices: ojos, o\u00eddos, sacos anales.<\/p>\n<p><span class=\"titoletto\">COMPOSICI\u00d3N<\/span><\/p>\n<p class=\"comp\">Patata (69%), pescado seco (14%), aceite de pescado, carbonato de calcio, fosfato mono-dic\u00e1lcico, cloruro de sodio. Fuente proteica: pescado. Fuente de carbohidratos: patata.<\/p>\n<p>&nbsp;<\/p>","protected":false},"excerpt":{"rendered":"<p>Reduce las reacciones adversas a los alimentos. Farmina Vet Life Hypoallergenic Fish &amp; Potato es un alimento diet\u00e9tico completo para perros indicado para la reducci\u00f3n de la intolerancia a los alimentos. Tambi\u00e9n se recomienda como apoyo de la funci\u00f3n tr\u00f3fica de la piel y sus ap\u00e9ndices: ojos, o\u00eddos, sacos anales.<\/p>","protected":false},"featured_media":7123,"template":"","meta":[],"etheme_brands":[{"term_id":99,"name":"FARMINA","slug":"farmina","term_group":0,"term_taxonomy_id":99,"taxonomy":"brand","description":"","parent":0,"count":127,"filter":"raw"}],"product_cat":[96,20,88,134],"product_tag":[],"class_list":{"0":"post-5963","1":"product","2":"type-product","3":"status-publish","4":"has-post-thumbnail","6":"brand-farmina","7":"product_cat-todos-los-productos","8":"product_cat-perros","9":"product_cat-pienso-para-perros","10":"product_cat-dietas-veterinarias","12":"first","13":"instock","14":"taxable","15":"shipping-taxable","16":"purchasable","17":"product-type-simple"},"jetpack_sharing_enabled":true,"_links":{"self":[{"href":"https:\/\/familycancat.com\/en\/wp-json\/wp\/v2\/product\/5963","targetHints":{"allow":["GET"]}}],"collection":[{"href":"https:\/\/familycancat.com\/en\/wp-json\/wp\/v2\/product"}],"about":[{"href":"https:\/\/familycancat.com\/en\/wp-json\/wp\/v2\/types\/product"}],"version-history":[{"count":2,"href":"https:\/\/familycancat.com\/en\/wp-json\/wp\/v2\/product\/5963\/revisions"}],"predecessor-version":[{"id":7124,"href":"https:\/\/familycancat.com\/en\/wp-json\/wp\/v2\/product\/5963\/revisions\/7124"}],"wp:featuredmedia":[{"embeddable":true,"href":"https:\/\/familycancat.com\/en\/wp-json\/wp\/v2\/media\/7123"}],"wp:attachment":[{"href":"https:\/\/familycancat.com\/en\/wp-json\/wp\/v2\/media?parent=5963"}],"wp:term":[{"taxonomy":"brand","embeddable":true,"href":"https:\/\/familycancat.com\/en\/wp-json\/wp\/v2\/etheme_brands?post=5963"},{"taxonomy":"product_cat","embeddable":true,"href":"https:\/\/familycancat.com\/en\/wp-json\/wp\/v2\/product_cat?post=5963"},{"taxonomy":"product_tag","embeddable":true,"href":"https:\/\/familycancat.com\/en\/wp-json\/wp\/v2\/product_tag?post=5963"}],"curies":[{"name":"wp","href":"https:\/\/api.w.org\/{rel}","templated":true}]}}