{"id":5955,"date":"2024-12-20T07:50:48","date_gmt":"2024-12-20T06:50:48","guid":{"rendered":"https:\/\/familycancat.com\/producto\/ng-lata-gato-pavo-con-salmon-calabaza-y-arandanos-185gr\/"},"modified":"2025-03-12T18:35:42","modified_gmt":"2025-03-12T17:35:42","slug":"ng-lata-gato-pavo-con-salmon-calabaza-y-arandanos-185gr","status":"publish","type":"product","link":"https:\/\/familycancat.com\/en\/product\/ng-lata-gato-pavo-con-salmon-calabaza-y-arandanos-185gr\/","title":{"rendered":"Natural Greatness Gato Lata de Salm\u00f3n Pavo Calabaza Ar\u00e1ndanos 185gr"},"content":{"rendered":"<p>Natural Greatness PAVO CON SALM\u00d3N, CALABAZA Y AR\u00c1NDANOS es una excelente receta h\u00fameda completa, ultra premium e hipoalerg\u00e9nica formulada sin cereales y desarrollada idealmente para gatos adultos. La receta incorpora carnes de alta calidad como lo son el pavo y el salm\u00f3n, que aportan amino\u00e1cidos esenciales para garantizar la buena salud del gato. Destaca por su contenido en \u00e1cidos grasos omega 3 y 6, que otorgan a la piel y al pelaje del gato un aspecto sano y resplandeciente. Tambi\u00e9n contiene una cantidad equilibrada de vitaminas y minerales gracias a la inclusi\u00f3n de la calabaza y los ar\u00e1ndanos rojos a la receta.<\/p>\n<p>Composici\u00f3n: Carne de Pavo (30%), carne de Pollo (26%), Salm\u00f3n (4%), Calabaza (4%), Ar\u00e1ndanos (2%), Sustancias minerales, Aceite de girasol.<\/p>\n<p>Componentes anal\u00edticos: Prote\u00edna bruta 10,1%, Fibra bruta 0,5%, Grasas 8,3%, Ceniza bruta 2,1%, Humedad 77,7%, Taurina (total) 590 mg\/kg.<\/p>\n<p>Energ\u00eda metabolizable: 1148 Kcal\/kg.<\/p>\n<p>Formato: Lata de 185 gramos.<\/p>\n<p>Tipo de textura: Carne triturada de pavo y salm\u00f3n con trocitos de calabaza y ar\u00e1ndanos rojos.<br \/>\nFormato: Lata de 185 gramos.<\/p>\n<p>Tipo de textura: Carne de pollo triturada con trocitos de manzana, pi\u00f1a y papaya.<\/p>","protected":false},"excerpt":{"rendered":"<p>Natural Greatness PAVO CON SALM\u00d3N, CALABAZA Y AR\u00c1NDANOS es una excelente receta h\u00fameda completa, ultra premium e hipoalerg\u00e9nica formulada sin cereales y desarrollada idealmente para&#8230;<\/p>","protected":false},"featured_media":7941,"template":"","meta":[],"etheme_brands":[{"term_id":101,"name":"NATURAL GREATNESS","slug":"natural-greatness","term_group":0,"term_taxonomy_id":101,"taxonomy":"brand","description":"","parent":0,"count":73,"filter":"raw"}],"product_cat":[96,25,83],"product_tag":[],"class_list":{"0":"post-5955","1":"product","2":"type-product","3":"status-publish","4":"has-post-thumbnail","6":"brand-natural-greatness","7":"product_cat-todos-los-productos","8":"product_cat-gatos","9":"product_cat-comida-humeda-para-gatos","11":"first","12":"instock","13":"taxable","14":"shipping-taxable","15":"purchasable","16":"product-type-simple"},"jetpack_sharing_enabled":true,"_links":{"self":[{"href":"https:\/\/familycancat.com\/en\/wp-json\/wp\/v2\/product\/5955","targetHints":{"allow":["GET"]}}],"collection":[{"href":"https:\/\/familycancat.com\/en\/wp-json\/wp\/v2\/product"}],"about":[{"href":"https:\/\/familycancat.com\/en\/wp-json\/wp\/v2\/types\/product"}],"version-history":[{"count":2,"href":"https:\/\/familycancat.com\/en\/wp-json\/wp\/v2\/product\/5955\/revisions"}],"predecessor-version":[{"id":7942,"href":"https:\/\/familycancat.com\/en\/wp-json\/wp\/v2\/product\/5955\/revisions\/7942"}],"wp:featuredmedia":[{"embeddable":true,"href":"https:\/\/familycancat.com\/en\/wp-json\/wp\/v2\/media\/7941"}],"wp:attachment":[{"href":"https:\/\/familycancat.com\/en\/wp-json\/wp\/v2\/media?parent=5955"}],"wp:term":[{"taxonomy":"brand","embeddable":true,"href":"https:\/\/familycancat.com\/en\/wp-json\/wp\/v2\/etheme_brands?post=5955"},{"taxonomy":"product_cat","embeddable":true,"href":"https:\/\/familycancat.com\/en\/wp-json\/wp\/v2\/product_cat?post=5955"},{"taxonomy":"product_tag","embeddable":true,"href":"https:\/\/familycancat.com\/en\/wp-json\/wp\/v2\/product_tag?post=5955"}],"curies":[{"name":"wp","href":"https:\/\/api.w.org\/{rel}","templated":true}]}}