{"id":5953,"date":"2024-12-20T07:50:48","date_gmt":"2024-12-20T06:50:48","guid":{"rendered":"https:\/\/familycancat.com\/producto\/bbx-donuts-de-pollo-glaseado-de-zanahoria\/"},"modified":"2026-04-06T11:57:10","modified_gmt":"2026-04-06T10:57:10","slug":"bbx-donuts-de-pollo-glaseado-de-zanahoria","status":"publish","type":"product","link":"https:\/\/familycancat.com\/en\/product\/bbx-donuts-de-pollo-glaseado-de-zanahoria\/","title":{"rendered":"Donut de Pollo Glaseado de Zanahoria Bubimex"},"content":{"rendered":"<h3 id=\"descH3\" class=\"product-details-text\">Descripci\u00f3n<\/h3>\n<div data-descripcion-producto=\"\">Los donuts de pollo y zanahoria BUBIMEX son una recompensa irresistible para su perro. Fomentan la masticaci\u00f3n y refuerzan el v\u00ednculo con su mascota.<\/div>\n<h3 id=\"compH3\" class=\"product-details-text\">Composici\u00f3n<\/h3>\n<div data-composicion-producto=\"\">Composici\u00f3n: Harina de batata, pollo, almid\u00f3n de guisante, glicerina vegetal, harina de patata, zanahoria deshidratada, carbonato de calcio, calabaza deshidratada, levadura deshidratada, piment\u00f3n deshidratado, extracto de romero.Componentes anal\u00edticos: Prote\u00edna 15 %, contenido de grasa 1 %, fibra bruta 3 %, ceniza bruta 5 %, humedad 16 %. Aditivos tecnol\u00f3gicos: Antioxydantes, conservantes.<\/div>","protected":false},"excerpt":{"rendered":"<p>Los donuts de pollo y zanahoria BUBIMEX son una recompensa irresistible para su perro. Fomentan la masticaci\u00f3n y refuerzan el v\u00ednculo con su mascota.<\/p>","protected":false},"featured_media":6795,"template":"","meta":[],"etheme_brands":[{"term_id":105,"name":"BUBIMEX","slug":"bubimex","term_group":0,"term_taxonomy_id":105,"taxonomy":"brand","description":"","parent":0,"count":52,"filter":"raw"}],"product_cat":[96,20,128],"product_tag":[],"class_list":{"0":"post-5953","1":"product","2":"type-product","3":"status-publish","4":"has-post-thumbnail","6":"brand-bubimex","7":"product_cat-todos-los-productos","8":"product_cat-perros","9":"product_cat-mordedores","11":"first","12":"instock","13":"taxable","14":"shipping-taxable","15":"purchasable","16":"product-type-simple"},"jetpack_sharing_enabled":true,"_links":{"self":[{"href":"https:\/\/familycancat.com\/en\/wp-json\/wp\/v2\/product\/5953","targetHints":{"allow":["GET"]}}],"collection":[{"href":"https:\/\/familycancat.com\/en\/wp-json\/wp\/v2\/product"}],"about":[{"href":"https:\/\/familycancat.com\/en\/wp-json\/wp\/v2\/types\/product"}],"version-history":[{"count":3,"href":"https:\/\/familycancat.com\/en\/wp-json\/wp\/v2\/product\/5953\/revisions"}],"predecessor-version":[{"id":9086,"href":"https:\/\/familycancat.com\/en\/wp-json\/wp\/v2\/product\/5953\/revisions\/9086"}],"wp:featuredmedia":[{"embeddable":true,"href":"https:\/\/familycancat.com\/en\/wp-json\/wp\/v2\/media\/6795"}],"wp:attachment":[{"href":"https:\/\/familycancat.com\/en\/wp-json\/wp\/v2\/media?parent=5953"}],"wp:term":[{"taxonomy":"brand","embeddable":true,"href":"https:\/\/familycancat.com\/en\/wp-json\/wp\/v2\/etheme_brands?post=5953"},{"taxonomy":"product_cat","embeddable":true,"href":"https:\/\/familycancat.com\/en\/wp-json\/wp\/v2\/product_cat?post=5953"},{"taxonomy":"product_tag","embeddable":true,"href":"https:\/\/familycancat.com\/en\/wp-json\/wp\/v2\/product_tag?post=5953"}],"curies":[{"name":"wp","href":"https:\/\/api.w.org\/{rel}","templated":true}]}}