{"id":5942,"date":"2024-12-20T07:50:47","date_gmt":"2024-12-20T06:50:47","guid":{"rendered":"https:\/\/familycancat.com\/producto\/anibio-anti-placa-natural-140gr\/"},"modified":"2026-04-06T16:40:38","modified_gmt":"2026-04-06T15:40:38","slug":"anibio-anti-placa-natural-140gr","status":"publish","type":"product","link":"https:\/\/familycancat.com\/en\/product\/anibio-anti-placa-natural-140gr\/","title":{"rendered":"Anibio Anti-Placa para perro y gato 140GR"},"content":{"rendered":"<p>Descripci\u00f3n:<br \/>\nAnti-Placa de Anibio es una combinaci\u00f3n eficaz de ingredientes puramente naturales.<\/p>\n<p>Administrando diariamente este producto a base de algas marinas se produce un aumento de la liberaci\u00f3n de encimas naturales durante la masticaci\u00f3n del alimento, y de esta forma se ayuda a eliminar las manchas y el sarro de los dientes previni\u00e9ndose incluso nuevas formaciones de placa.<\/p>\n<p>Adem\u00e1s, este producto contiene amino\u00e1cidos, minerales y oligoelementos que favorecen al organismo.<\/p>\n<p>\u2705 Elimina el sarro<br \/>\n\u2705 Combate el mal aliento<\/p>\n<p>Ideal para un mantenimiento optimo despu\u00e9s de limpiezas bucales veterinarias.<\/p>","protected":false},"excerpt":{"rendered":"<p>Anti-Placa de Anibio es una combinaci\u00f3n eficaz de ingredientes puramente naturales.<\/p>","protected":false},"featured_media":7192,"template":"","meta":[],"etheme_brands":[{"term_id":112,"name":"ANIBIO","slug":"anibio","term_group":0,"term_taxonomy_id":112,"taxonomy":"brand","description":"","parent":0,"count":13,"filter":"raw"}],"product_cat":[96,20,25,135],"product_tag":[],"class_list":{"0":"post-5942","1":"product","2":"type-product","3":"status-publish","4":"has-post-thumbnail","6":"brand-anibio","7":"product_cat-todos-los-productos","8":"product_cat-perros","9":"product_cat-gatos","10":"product_cat-complementos-y-suplementos-gatos","12":"first","13":"instock","14":"taxable","15":"shipping-taxable","16":"purchasable","17":"product-type-simple"},"jetpack_sharing_enabled":true,"_links":{"self":[{"href":"https:\/\/familycancat.com\/en\/wp-json\/wp\/v2\/product\/5942","targetHints":{"allow":["GET"]}}],"collection":[{"href":"https:\/\/familycancat.com\/en\/wp-json\/wp\/v2\/product"}],"about":[{"href":"https:\/\/familycancat.com\/en\/wp-json\/wp\/v2\/types\/product"}],"version-history":[{"count":2,"href":"https:\/\/familycancat.com\/en\/wp-json\/wp\/v2\/product\/5942\/revisions"}],"predecessor-version":[{"id":7193,"href":"https:\/\/familycancat.com\/en\/wp-json\/wp\/v2\/product\/5942\/revisions\/7193"}],"wp:featuredmedia":[{"embeddable":true,"href":"https:\/\/familycancat.com\/en\/wp-json\/wp\/v2\/media\/7192"}],"wp:attachment":[{"href":"https:\/\/familycancat.com\/en\/wp-json\/wp\/v2\/media?parent=5942"}],"wp:term":[{"taxonomy":"brand","embeddable":true,"href":"https:\/\/familycancat.com\/en\/wp-json\/wp\/v2\/etheme_brands?post=5942"},{"taxonomy":"product_cat","embeddable":true,"href":"https:\/\/familycancat.com\/en\/wp-json\/wp\/v2\/product_cat?post=5942"},{"taxonomy":"product_tag","embeddable":true,"href":"https:\/\/familycancat.com\/en\/wp-json\/wp\/v2\/product_tag?post=5942"}],"curies":[{"name":"wp","href":"https:\/\/api.w.org\/{rel}","templated":true}]}}