{"id":5941,"date":"2024-12-20T07:50:47","date_gmt":"2024-12-20T06:50:47","guid":{"rendered":"https:\/\/familycancat.com\/producto\/anibio-knuppies-galletas-antiplaca\/"},"modified":"2025-11-30T13:37:37","modified_gmt":"2025-11-30T12:37:37","slug":"anibio-knuppies-galletas-antiplaca","status":"publish","type":"product","link":"https:\/\/familycancat.com\/en\/product\/anibio-knuppies-galletas-antiplaca\/","title":{"rendered":"Anibio Knuppies Anti-placa para Perro"},"content":{"rendered":"<p>Knuppies Anti-Placa contienen una composici\u00f3n eficaz de ingredientes puramente naturales.<\/p>\n<p>Durante la masticaci\u00f3n de las galletas se liberan encimas naturales, las cuales ayudan que se quite la placa de los dientes de su perro y evitan la nueva formaci\u00f3n.<\/p>\n<p>Sarro<br \/>\nPlaca<br \/>\nMal Aliento<br \/>\nIngredientes selectos apoyan la limpieza de dientes<br \/>\nEncimas naturales para la disminuci\u00f3n de placa hechos de una mezcla de algas marinas<br \/>\nvaliosas vitaminas, minerales y oligoelementos<br \/>\nSin conservantes, colorantes o aromas<br \/>\nApto para al\u00e9rgicos<br \/>\nAdministraci\u00f3n recomendada:<\/p>\n<p>Perros hasta 15kg: 1 galleta\/d\u00eda<br \/>\nPerros a partir de 15kg: 2-3 galletas\/d\u00eda<\/p>\n<p>Los primeros efectos ser\u00e1n visibles a partir de la tercera semana.<br \/>\nSe pueden administrar las galletas durante el tiempo necesario.<\/p>\n<p>Anti-placa est\u00e1 disponible en forma pura en polvo.<\/p>\n<p>Composici\u00f3n:<\/p>\n<p>Harina integral de trigo verde, harina integral de trigo sarraceno, avena, aceite de girasol, mezcla de algas naturales.<\/p>\n<p>Composici\u00f3n anal\u00edtica: Prote\u00edna bruta 12,2%, fibra bruta 1,7%, grasa 5,9%, ceniza 3,3%, humedad, 10,7%.<\/p>\n<p>Sin aditivos.<\/p>\n<p>Presentaci\u00f3n:<\/p>\n<p>envases de 250gr.<\/p>","protected":false},"excerpt":{"rendered":"<p>Galletas con el principio activo de anti-placa.<\/p>","protected":false},"featured_media":7189,"template":"","meta":[],"etheme_brands":[{"term_id":112,"name":"ANIBIO","slug":"anibio","term_group":0,"term_taxonomy_id":112,"taxonomy":"brand","description":"","parent":0,"count":13,"filter":"raw"}],"product_cat":[96,20,126],"product_tag":[],"class_list":{"0":"post-5941","1":"product","2":"type-product","3":"status-publish","4":"has-post-thumbnail","6":"brand-anibio","7":"product_cat-todos-los-productos","8":"product_cat-perros","9":"product_cat-complementos-y-suplementos","11":"first","12":"instock","13":"taxable","14":"shipping-taxable","15":"purchasable","16":"product-type-simple"},"jetpack_sharing_enabled":true,"_links":{"self":[{"href":"https:\/\/familycancat.com\/en\/wp-json\/wp\/v2\/product\/5941","targetHints":{"allow":["GET"]}}],"collection":[{"href":"https:\/\/familycancat.com\/en\/wp-json\/wp\/v2\/product"}],"about":[{"href":"https:\/\/familycancat.com\/en\/wp-json\/wp\/v2\/types\/product"}],"version-history":[{"count":3,"href":"https:\/\/familycancat.com\/en\/wp-json\/wp\/v2\/product\/5941\/revisions"}],"predecessor-version":[{"id":9493,"href":"https:\/\/familycancat.com\/en\/wp-json\/wp\/v2\/product\/5941\/revisions\/9493"}],"wp:featuredmedia":[{"embeddable":true,"href":"https:\/\/familycancat.com\/en\/wp-json\/wp\/v2\/media\/7189"}],"wp:attachment":[{"href":"https:\/\/familycancat.com\/en\/wp-json\/wp\/v2\/media?parent=5941"}],"wp:term":[{"taxonomy":"brand","embeddable":true,"href":"https:\/\/familycancat.com\/en\/wp-json\/wp\/v2\/etheme_brands?post=5941"},{"taxonomy":"product_cat","embeddable":true,"href":"https:\/\/familycancat.com\/en\/wp-json\/wp\/v2\/product_cat?post=5941"},{"taxonomy":"product_tag","embeddable":true,"href":"https:\/\/familycancat.com\/en\/wp-json\/wp\/v2\/product_tag?post=5941"}],"curies":[{"name":"wp","href":"https:\/\/api.w.org\/{rel}","templated":true}]}}