{"id":5909,"date":"2024-12-20T07:50:45","date_gmt":"2024-12-20T06:50:45","guid":{"rendered":"https:\/\/familycancat.com\/producto\/yow-up-perros-pollo-articular-115gr\/"},"modified":"2026-03-26T11:01:59","modified_gmt":"2026-03-26T10:01:59","slug":"yow-up-perros-pollo-articular-115gr","status":"publish","type":"product","link":"https:\/\/familycancat.com\/en\/product\/yow-up-perros-pollo-articular-115gr\/","title":{"rendered":"Yow Up Yogur para Perros Articular 115 GR"},"content":{"rendered":"<p>Incluye condroprotectores, col\u00e1geno y c\u00farcuma. Favorece la hidrataci\u00f3n, mejora las articulaciones y fortalece sus huesos.<\/p>\n<p>Composici\u00f3n: Productos l\u00e1cteos fermentados (Yogur sin lactosa) 90,2%, cereales 4,5%, pollo deshuesado 3%, pectina 1%, col\u00e1geno 0,5%, oligofructosa seca 0,5%, aromatizantes, HCl glucosamina 0,1%, sulfato de condroitina 0,05%.<\/p>\n<p>Aditivos\/kg: Vitamina E 200 UI<\/p>\n<p>Informaci\u00f3n nutricional: 0% grasa, sin az\u00facar a\u00f1adido, sin lactosa, con fibra prebi\u00f3tica, con col\u00e1geno y condroprotectores.<\/p>","protected":false},"excerpt":{"rendered":"<p>Incluye condroprotectores, col\u00e1geno y c\u00farcuma. Favorece la hidrataci\u00f3n, mejora las articulaciones y fortalece sus huesos.\u00a0 Aporta los nutrientes necesarios para tu peludo, que junto con el pollo, se convierte en un alimento que les encanta<\/p>","protected":false},"featured_media":7395,"template":"","meta":[],"etheme_brands":[{"term_id":116,"name":"YOW UP","slug":"yow-up","term_group":0,"term_taxonomy_id":116,"taxonomy":"brand","description":"","parent":0,"count":10,"filter":"raw"}],"product_cat":[96,20,126],"product_tag":[],"class_list":{"0":"post-5909","1":"product","2":"type-product","3":"status-publish","4":"has-post-thumbnail","6":"brand-yow-up","7":"product_cat-todos-los-productos","8":"product_cat-perros","9":"product_cat-complementos-y-suplementos","11":"first","12":"instock","13":"taxable","14":"shipping-taxable","15":"purchasable","16":"product-type-simple"},"jetpack_sharing_enabled":true,"_links":{"self":[{"href":"https:\/\/familycancat.com\/en\/wp-json\/wp\/v2\/product\/5909","targetHints":{"allow":["GET"]}}],"collection":[{"href":"https:\/\/familycancat.com\/en\/wp-json\/wp\/v2\/product"}],"about":[{"href":"https:\/\/familycancat.com\/en\/wp-json\/wp\/v2\/types\/product"}],"version-history":[{"count":2,"href":"https:\/\/familycancat.com\/en\/wp-json\/wp\/v2\/product\/5909\/revisions"}],"predecessor-version":[{"id":7396,"href":"https:\/\/familycancat.com\/en\/wp-json\/wp\/v2\/product\/5909\/revisions\/7396"}],"wp:featuredmedia":[{"embeddable":true,"href":"https:\/\/familycancat.com\/en\/wp-json\/wp\/v2\/media\/7395"}],"wp:attachment":[{"href":"https:\/\/familycancat.com\/en\/wp-json\/wp\/v2\/media?parent=5909"}],"wp:term":[{"taxonomy":"brand","embeddable":true,"href":"https:\/\/familycancat.com\/en\/wp-json\/wp\/v2\/etheme_brands?post=5909"},{"taxonomy":"product_cat","embeddable":true,"href":"https:\/\/familycancat.com\/en\/wp-json\/wp\/v2\/product_cat?post=5909"},{"taxonomy":"product_tag","embeddable":true,"href":"https:\/\/familycancat.com\/en\/wp-json\/wp\/v2\/product_tag?post=5909"}],"curies":[{"name":"wp","href":"https:\/\/api.w.org\/{rel}","templated":true}]}}