{"id":5908,"date":"2024-12-20T07:50:45","date_gmt":"2024-12-20T06:50:45","guid":{"rendered":"https:\/\/familycancat.com\/producto\/yow-up-gatos-l-casei-pavo-85gr\/"},"modified":"2026-03-16T11:26:23","modified_gmt":"2026-03-16T10:26:23","slug":"yow-up-gatos-l-casei-pavo-85gr","status":"publish","type":"product","link":"https:\/\/familycancat.com\/en\/product\/yow-up-gatos-l-casei-pavo-85gr\/","title":{"rendered":"Yow Up L-Casei Sabor Pavo para Gatos 85 Gr"},"content":{"rendered":"<p>El primer l\u00e1cteo fermentado del mundo, sin necesidad de fr\u00edo, con millones de probi\u00f3ticos activos que contribuye a la mejora del sistema inmunitario y digestivo de gatos.<\/p>\n<p>Productos l\u00e1cteos fermentados (yogur sin lactosa) 90%, almid\u00f3n de ma\u00edz, pavo deshuesado 3%, pectina, fructo-oligosac\u00e1ridos 0,5% y Lacticaseibacillus casei (bacterias inactivas encapsuladas) 0,04%. Aditivos: Aromatizantes y Aditivos nutricionales\/kg: Vitamina E (3a700) 200 UI, Taurina (3a370) 400 mg , Vitamina D3 (3a671) 50 UI, y \u00c1cido f\u00f3lico (3a316) 50 mg.<\/p>\n<p>Componente anal\u00edticos:<\/p>\n<p>Prote\u00edna bruta: 3,7%<br \/>\nFibras brutas: 0,40%<br \/>\nGrasa bruta: 0,30%<br \/>\nCenizas brutas: 0,70%<br \/>\nHumedad: 85,3%<br \/>\nLactosa:<\/p>","protected":false},"excerpt":{"rendered":"<p>El primer l\u00e1cteo fermentado del mundo, sin necesidad de fr\u00edo, con millones de probi\u00f3ticos activos que contribuye a la mejora del sistema inmunitario y digestivo de gatos.<\/p>","protected":false},"featured_media":7398,"template":"","meta":[],"etheme_brands":[{"term_id":116,"name":"YOW UP","slug":"yow-up","term_group":0,"term_taxonomy_id":116,"taxonomy":"brand","description":"","parent":0,"count":10,"filter":"raw"}],"product_cat":[96,25,135],"product_tag":[],"class_list":{"0":"post-5908","1":"product","2":"type-product","3":"status-publish","4":"has-post-thumbnail","6":"brand-yow-up","7":"product_cat-todos-los-productos","8":"product_cat-gatos","9":"product_cat-complementos-y-suplementos-gatos","11":"first","12":"instock","13":"taxable","14":"shipping-taxable","15":"purchasable","16":"product-type-simple"},"jetpack_sharing_enabled":true,"_links":{"self":[{"href":"https:\/\/familycancat.com\/en\/wp-json\/wp\/v2\/product\/5908","targetHints":{"allow":["GET"]}}],"collection":[{"href":"https:\/\/familycancat.com\/en\/wp-json\/wp\/v2\/product"}],"about":[{"href":"https:\/\/familycancat.com\/en\/wp-json\/wp\/v2\/types\/product"}],"version-history":[{"count":2,"href":"https:\/\/familycancat.com\/en\/wp-json\/wp\/v2\/product\/5908\/revisions"}],"predecessor-version":[{"id":7399,"href":"https:\/\/familycancat.com\/en\/wp-json\/wp\/v2\/product\/5908\/revisions\/7399"}],"wp:featuredmedia":[{"embeddable":true,"href":"https:\/\/familycancat.com\/en\/wp-json\/wp\/v2\/media\/7398"}],"wp:attachment":[{"href":"https:\/\/familycancat.com\/en\/wp-json\/wp\/v2\/media?parent=5908"}],"wp:term":[{"taxonomy":"brand","embeddable":true,"href":"https:\/\/familycancat.com\/en\/wp-json\/wp\/v2\/etheme_brands?post=5908"},{"taxonomy":"product_cat","embeddable":true,"href":"https:\/\/familycancat.com\/en\/wp-json\/wp\/v2\/product_cat?post=5908"},{"taxonomy":"product_tag","embeddable":true,"href":"https:\/\/familycancat.com\/en\/wp-json\/wp\/v2\/product_tag?post=5908"}],"curies":[{"name":"wp","href":"https:\/\/api.w.org\/{rel}","templated":true}]}}