{"id":5885,"date":"2024-12-20T07:50:44","date_gmt":"2024-12-20T06:50:44","guid":{"rendered":"https:\/\/familycancat.com\/producto\/nd-cat-kitten-prime-pollo-15kg\/"},"modified":"2026-02-23T11:49:31","modified_gmt":"2026-02-23T10:49:31","slug":"nd-cat-kitten-prime-pollo-15kg","status":"publish","type":"product","link":"https:\/\/familycancat.com\/en\/product\/nd-cat-kitten-prime-pollo-15kg\/","title":{"rendered":"Farmina ND Cat Prime Kitten Pollo pienso para gatitos 1,5KG"},"content":{"rendered":"<p>Con pollo y granada. Alimento completo para gatitos y hembras gestantes o en per\u00edodo de lactaci\u00f3n.<\/p>\n<p>COMPOSICI\u00d3N,Pollo deshuesado (30%), prote\u00edna de pollo deshidratada (28%), patata, grasa de pollo, huevo entero deshidratado, arenque, prote\u00edna de arenque deshidratado, aceite de pescado (de arenque), fibra de guisante, zanahoria deshidratada, alfalfa deshid,ratada, inulina, fructo-oligosac\u00e1ridos, extracto de levadura (fuente de manano-oligosac\u00e1ridos), granada deshidratada (05%), manzana deshidratada, espinaca deshidratada, psyllium (03%), naranja dulce deshidratada, ar\u00e1ndano deshidratado, cloruro, de sodio, levadura de cerveza deshidratada, c\u00farcuma (02%), glucosamina, sulfato de condroitina.<\/p>\n<p>de sodio, levadura de cerveza deshidratada, c\u00farcuma (02%), glucosamina, sulfato de condroitina.<\/p>\n<p>ADITIVOS POR KG,\u00bbAditivos nutricionales Vitamina A 18000UI; Vitamina D3 1200UI; Vitamina E 600mg; Vitamina C 300mg; Niacina 150mg; \u00e1cido pantot\u00e9nico 50mg; Vitamina B2 20mg; Vitamina B6 81mg; Vitamina B1 10mg; Vitamina H 15mg; \u00e1cido f\u00f3lico 15mg; Vitamina B12 \u00ab,\u00bb01mg; cloruro de colina 2500mg; Beta-carotenos 15mg; quelato de zinc del an\u00e1logo hidroxilado de la metionina 910mg; quelato de manganeso del an\u00e1logo hidroxilado de la metionina 380mg; quelato de hierro del hidrato de glicina 250mg; quelato de \u00ab,\u00bbcobre del an\u00e1logo hidroxilado de la metionina 88mg; DL-metionina 5000mg; Taurina 4000mg; L-Carnitina300mg. Aditivos organol\u00e9pticos extracto de aloe vera 1000mg; extracto de t\u00e9 verde 100mg; extracto de romero. Antioxidantes extracto de origen n\u00bb,atural rico en tocoferoles.<\/p>\n<p>atural rico en tocoferoles.<\/p>\n<p>COMPONENTES ANAL\u00cdTICOS,\u00bbProte\u00edna bruta 4400%; grasa bruta 2000%; fibra bruta 180%; humedad 800%; ceniza bruta 850%; Calcio 150%; F\u00f3sforo 130%; Magnesio 009%; Omega-6 330%; Omega-3 090%; DHA 050%; EPA 030%; Glucosamina 1200mg\/kg; Sulfato de condroitina 900mg\u00bb,\/kg.<\/p>\n<p>\/kg.<\/p>\n<p>VALOR ENERG\u00c9TICO,EM Kcal\/Kg 4204 &#8211; Mj\/Kg 17,59<\/p>","protected":false},"excerpt":{"rendered":"<p>Farmina ND Cat Prime Kitten con Sabor a Pollo y Granada es un alimento excepcional que no solo satisfar\u00e1 el paladar de tu gatito, sino que tambi\u00e9n se destaca por su f\u00f3rmula equilibrada y altamente digestible.<\/p>","protected":false},"featured_media":7259,"template":"","meta":[],"etheme_brands":[{"term_id":99,"name":"FARMINA","slug":"farmina","term_group":0,"term_taxonomy_id":99,"taxonomy":"brand","description":"","parent":0,"count":127,"filter":"raw"}],"product_cat":[96,25,21],"product_tag":[],"class_list":{"0":"post-5885","1":"product","2":"type-product","3":"status-publish","4":"has-post-thumbnail","6":"brand-farmina","7":"product_cat-todos-los-productos","8":"product_cat-gatos","9":"product_cat-pienso-gatos","11":"first","12":"instock","13":"taxable","14":"shipping-taxable","15":"purchasable","16":"product-type-simple"},"jetpack_sharing_enabled":true,"_links":{"self":[{"href":"https:\/\/familycancat.com\/en\/wp-json\/wp\/v2\/product\/5885","targetHints":{"allow":["GET"]}}],"collection":[{"href":"https:\/\/familycancat.com\/en\/wp-json\/wp\/v2\/product"}],"about":[{"href":"https:\/\/familycancat.com\/en\/wp-json\/wp\/v2\/types\/product"}],"version-history":[{"count":2,"href":"https:\/\/familycancat.com\/en\/wp-json\/wp\/v2\/product\/5885\/revisions"}],"predecessor-version":[{"id":7260,"href":"https:\/\/familycancat.com\/en\/wp-json\/wp\/v2\/product\/5885\/revisions\/7260"}],"wp:featuredmedia":[{"embeddable":true,"href":"https:\/\/familycancat.com\/en\/wp-json\/wp\/v2\/media\/7259"}],"wp:attachment":[{"href":"https:\/\/familycancat.com\/en\/wp-json\/wp\/v2\/media?parent=5885"}],"wp:term":[{"taxonomy":"brand","embeddable":true,"href":"https:\/\/familycancat.com\/en\/wp-json\/wp\/v2\/etheme_brands?post=5885"},{"taxonomy":"product_cat","embeddable":true,"href":"https:\/\/familycancat.com\/en\/wp-json\/wp\/v2\/product_cat?post=5885"},{"taxonomy":"product_tag","embeddable":true,"href":"https:\/\/familycancat.com\/en\/wp-json\/wp\/v2\/product_tag?post=5885"}],"curies":[{"name":"wp","href":"https:\/\/api.w.org\/{rel}","templated":true}]}}