{"id":5856,"date":"2024-12-20T07:50:43","date_gmt":"2024-12-20T06:50:43","guid":{"rendered":"https:\/\/familycancat.com\/producto\/nd-cat-prime-neutered-pollo-15gr\/"},"modified":"2026-04-09T18:42:43","modified_gmt":"2026-04-09T17:42:43","slug":"nd-cat-prime-neutered-pollo-15gr","status":"publish","type":"product","link":"https:\/\/familycancat.com\/en\/product\/nd-cat-prime-neutered-pollo-15gr\/","title":{"rendered":"Farmina ND CAT Prime Neutered Pollo 1,5 KG"},"content":{"rendered":"<p>COMPOSICI\u00d3N<\/p>\n<p>Pollo deshuesado (30%), prote\u00edna de pollo deshidratada (28%), patata, grasa de pollo, huevo entero deshidratado, arenque, prote\u00edna de arenque deshidratado, aceite de pescado (de arenque), fibra de guisante, zanahoria deshidratada, alfalfa deshidratada, inulina, fructo-oligosac\u00e1ridos, extracto de levadura (fuente de manano-oligosac\u00e1ridos), granada deshidratada (0.5%), manzana deshidratada, espinaca deshidratada, psyllium (0.3%), naranja dulce deshidratada, ar\u00e1ndano deshidratado, cloruro de sodio, levadura de cerveza deshidratada, c\u00farcuma (0.2%), glucosamina, sulfato de condroitina.<\/p>","protected":false},"excerpt":{"rendered":"<p>COMPOSICI\u00d3N Pollo deshuesado (30%), prote\u00edna de pollo deshidratada (28%), patata, grasa de pollo, huevo entero deshidratado, arenque, prote\u00edna de arenque deshidratado, aceite de pescado (de&#8230;<\/p>","protected":false},"featured_media":7279,"template":"","meta":[],"etheme_brands":[{"term_id":99,"name":"FARMINA","slug":"farmina","term_group":0,"term_taxonomy_id":99,"taxonomy":"brand","description":"","parent":0,"count":127,"filter":"raw"}],"product_cat":[96],"product_tag":[],"class_list":{"0":"post-5856","1":"product","2":"type-product","3":"status-publish","4":"has-post-thumbnail","6":"brand-farmina","7":"product_cat-todos-los-productos","9":"first","10":"instock","11":"taxable","12":"shipping-taxable","13":"purchasable","14":"product-type-simple"},"jetpack_sharing_enabled":true,"_links":{"self":[{"href":"https:\/\/familycancat.com\/en\/wp-json\/wp\/v2\/product\/5856","targetHints":{"allow":["GET"]}}],"collection":[{"href":"https:\/\/familycancat.com\/en\/wp-json\/wp\/v2\/product"}],"about":[{"href":"https:\/\/familycancat.com\/en\/wp-json\/wp\/v2\/types\/product"}],"version-history":[{"count":1,"href":"https:\/\/familycancat.com\/en\/wp-json\/wp\/v2\/product\/5856\/revisions"}],"predecessor-version":[{"id":7280,"href":"https:\/\/familycancat.com\/en\/wp-json\/wp\/v2\/product\/5856\/revisions\/7280"}],"wp:featuredmedia":[{"embeddable":true,"href":"https:\/\/familycancat.com\/en\/wp-json\/wp\/v2\/media\/7279"}],"wp:attachment":[{"href":"https:\/\/familycancat.com\/en\/wp-json\/wp\/v2\/media?parent=5856"}],"wp:term":[{"taxonomy":"brand","embeddable":true,"href":"https:\/\/familycancat.com\/en\/wp-json\/wp\/v2\/etheme_brands?post=5856"},{"taxonomy":"product_cat","embeddable":true,"href":"https:\/\/familycancat.com\/en\/wp-json\/wp\/v2\/product_cat?post=5856"},{"taxonomy":"product_tag","embeddable":true,"href":"https:\/\/familycancat.com\/en\/wp-json\/wp\/v2\/product_tag?post=5856"}],"curies":[{"name":"wp","href":"https:\/\/api.w.org\/{rel}","templated":true}]}}