{"id":5851,"date":"2024-12-20T07:50:43","date_gmt":"2024-12-20T06:50:43","guid":{"rendered":"https:\/\/familycancat.com\/producto\/ownat-dog-gf-prime-adult-pollopavo-3kg\/"},"modified":"2026-01-12T18:35:27","modified_gmt":"2026-01-12T17:35:27","slug":"ownat-dog-gf-prime-adult-pollopavo-3kg","status":"publish","type":"product","link":"https:\/\/familycancat.com\/en\/product\/ownat-dog-gf-prime-adult-pollopavo-3kg\/","title":{"rendered":"Ownat Prime Grain Free Adult Pollo y Pavo 3 KG"},"content":{"rendered":"<p>Composici\u00f3n:<\/p>\n<p>Carne fresca de pollo y pavo* (m\u00edn. 50% antes de la extrusi\u00f3n), carnes deshidratadas (20%), ra\u00edces de mandioca*, guisantes enteros*, grasa av\u00edcola (preservada con antioxidantes naturales), pescado deshidratado (anchoveta, jurel y caballa), vaina de algarroba*, patata deshidratada*, prote\u00edna hidrolizada de pollo, pulpa de remolacha, huevo deshidratado*, manzana fresca* (1%), aceite de pescado (preservado con antioxidantes naturales), alfalfa deshidratada*, levadura de cerveza*, algas marinas deshidratadas*, fructo y manano oligosac\u00e1ridos, sal gema*, glucosamina, condroitina, yucca Schidigera, ar\u00e1ndanos*, tomillo*, flor de manzanilla*, hinojo*, equin\u00e1cea*, t\u00e9 verde*. *Ingredientes naturales.<\/p>","protected":false},"excerpt":{"rendered":"<p><strong>Ownat Prime Adult Pollo y Pavo<\/strong>\u00a0elaborado con un 50% de carne fresca de pollo y pavo aporta prote\u00ednas de m\u00e1xima calidad nutricional, las m\u00e1s digestibles y apetentes. Adult se ha formulado para cubrir las necesidades nutricionales de perros en fase adulta con un nivel de actividad normal.<\/p>","protected":false},"featured_media":7032,"template":"","meta":[],"etheme_brands":[{"term_id":102,"name":"OWNAT","slug":"ownat","term_group":0,"term_taxonomy_id":102,"taxonomy":"brand","description":"","parent":0,"count":17,"filter":"raw"}],"product_cat":[96,20,88,132],"product_tag":[],"class_list":{"0":"post-5851","1":"product","2":"type-product","3":"status-publish","4":"has-post-thumbnail","6":"brand-ownat","7":"product_cat-todos-los-productos","8":"product_cat-perros","9":"product_cat-pienso-para-perros","10":"product_cat-pienso-perro-adulto-raza-mediana-grande","12":"first","13":"outofstock","14":"taxable","15":"shipping-taxable","16":"purchasable","17":"product-type-simple"},"jetpack_sharing_enabled":true,"_links":{"self":[{"href":"https:\/\/familycancat.com\/en\/wp-json\/wp\/v2\/product\/5851","targetHints":{"allow":["GET"]}}],"collection":[{"href":"https:\/\/familycancat.com\/en\/wp-json\/wp\/v2\/product"}],"about":[{"href":"https:\/\/familycancat.com\/en\/wp-json\/wp\/v2\/types\/product"}],"version-history":[{"count":2,"href":"https:\/\/familycancat.com\/en\/wp-json\/wp\/v2\/product\/5851\/revisions"}],"predecessor-version":[{"id":7033,"href":"https:\/\/familycancat.com\/en\/wp-json\/wp\/v2\/product\/5851\/revisions\/7033"}],"wp:featuredmedia":[{"embeddable":true,"href":"https:\/\/familycancat.com\/en\/wp-json\/wp\/v2\/media\/7032"}],"wp:attachment":[{"href":"https:\/\/familycancat.com\/en\/wp-json\/wp\/v2\/media?parent=5851"}],"wp:term":[{"taxonomy":"brand","embeddable":true,"href":"https:\/\/familycancat.com\/en\/wp-json\/wp\/v2\/etheme_brands?post=5851"},{"taxonomy":"product_cat","embeddable":true,"href":"https:\/\/familycancat.com\/en\/wp-json\/wp\/v2\/product_cat?post=5851"},{"taxonomy":"product_tag","embeddable":true,"href":"https:\/\/familycancat.com\/en\/wp-json\/wp\/v2\/product_tag?post=5851"}],"curies":[{"name":"wp","href":"https:\/\/api.w.org\/{rel}","templated":true}]}}