{"id":5849,"date":"2024-12-20T07:50:43","date_gmt":"2024-12-20T06:50:43","guid":{"rendered":"https:\/\/familycancat.com\/producto\/ownat-dog-just-gf-adult-lamb-3kg\/"},"modified":"2026-04-09T18:23:02","modified_gmt":"2026-04-09T17:23:02","slug":"ownat-dog-just-gf-adult-lamb-3kg","status":"publish","type":"product","link":"https:\/\/familycancat.com\/en\/product\/ownat-dog-just-gf-adult-lamb-3kg\/","title":{"rendered":"Ownat Just Grain Free Lamb 3 Kg"},"content":{"rendered":"<p>Ownat Just Grain Free es un pienso completo y equilibrado adecuado para perros de todas las razas. La receta utiliza un 40% de carne deshidratada y un 20% de cordero fresco, lo que suministra un gran aporte de prote\u00ednas de alta calidad para proporcionar toda la energ\u00eda que necesitan cada d\u00eda. La carne se acompa\u00f1a con frutas y verduras como las manzanas y los guisantes, y con plantas como el tomillo, la flor de manzanilla y el hinojo. Toda esta combinaci\u00f3n de ingredientes naturales confiere a las croquetas un sabor irresistible.<\/p>\n<p>El pienso Ownat Just Grain Free no s\u00f3lo utiliza ingredientes naturales y un gran porcentaje de carne, tambi\u00e9n incorpora cordero fresco. Una receta muy natural y sana que tu perro devorar\u00e1 con m\u00e1s gusto que nunca. Otro componente muy com\u00fan en el pienso es el aceite de pescado, que contribuye a mantener una piel y un pelo sanos y a reforzar el sistema inmunitario gracias a los aportes de \u00e1cidos grasos omega 3 y omega 6. Ownat a\u00f1ade a su receta la condroitina y la glucosamina para el mantenimiento de las articulaciones, protegiendolas del desgaste.<\/p>","protected":false},"excerpt":{"rendered":"<div id=\"product-description-short-3322\" class=\"product-description\">\n<h5 class=\"subtitle\">Ownat Just Grain Free Lamb es un alimento completo y equilibrado para perros en fase adulta con un nivel de actividad normal. Con un 20% de carne fresca de cordero, est\u00e1 especialmente indicado para animales que presenten sensibilidad e intolerancias digestivas en la piel o el pelo.<\/h5>\n<\/div>\n<div id=\"product-additional-info\">\n<div class=\"product-additional-info\">\n<div class=\"social-sharing\"><\/div>\n<\/div>\n<\/div>","protected":false},"featured_media":7037,"template":"","meta":[],"etheme_brands":[{"term_id":102,"name":"OWNAT","slug":"ownat","term_group":0,"term_taxonomy_id":102,"taxonomy":"brand","description":"","parent":0,"count":17,"filter":"raw"}],"product_cat":[96,20,88,132],"product_tag":[],"class_list":{"0":"post-5849","1":"product","2":"type-product","3":"status-publish","4":"has-post-thumbnail","6":"brand-ownat","7":"product_cat-todos-los-productos","8":"product_cat-perros","9":"product_cat-pienso-para-perros","10":"product_cat-pienso-perro-adulto-raza-mediana-grande","12":"first","13":"instock","14":"taxable","15":"shipping-taxable","16":"purchasable","17":"product-type-simple"},"jetpack_sharing_enabled":true,"_links":{"self":[{"href":"https:\/\/familycancat.com\/en\/wp-json\/wp\/v2\/product\/5849","targetHints":{"allow":["GET"]}}],"collection":[{"href":"https:\/\/familycancat.com\/en\/wp-json\/wp\/v2\/product"}],"about":[{"href":"https:\/\/familycancat.com\/en\/wp-json\/wp\/v2\/types\/product"}],"version-history":[{"count":2,"href":"https:\/\/familycancat.com\/en\/wp-json\/wp\/v2\/product\/5849\/revisions"}],"predecessor-version":[{"id":7039,"href":"https:\/\/familycancat.com\/en\/wp-json\/wp\/v2\/product\/5849\/revisions\/7039"}],"wp:featuredmedia":[{"embeddable":true,"href":"https:\/\/familycancat.com\/en\/wp-json\/wp\/v2\/media\/7037"}],"wp:attachment":[{"href":"https:\/\/familycancat.com\/en\/wp-json\/wp\/v2\/media?parent=5849"}],"wp:term":[{"taxonomy":"brand","embeddable":true,"href":"https:\/\/familycancat.com\/en\/wp-json\/wp\/v2\/etheme_brands?post=5849"},{"taxonomy":"product_cat","embeddable":true,"href":"https:\/\/familycancat.com\/en\/wp-json\/wp\/v2\/product_cat?post=5849"},{"taxonomy":"product_tag","embeddable":true,"href":"https:\/\/familycancat.com\/en\/wp-json\/wp\/v2\/product_tag?post=5849"}],"curies":[{"name":"wp","href":"https:\/\/api.w.org\/{rel}","templated":true}]}}