{"id":5844,"date":"2024-12-20T07:50:42","date_gmt":"2024-12-20T06:50:42","guid":{"rendered":"https:\/\/familycancat.com\/producto\/ownat-cat-just-gf-fish-sterilized-3kg\/"},"modified":"2025-07-22T18:20:51","modified_gmt":"2025-07-22T17:20:51","slug":"ownat-cat-just-gf-fish-sterilized-3kg","status":"publish","type":"product","link":"https:\/\/familycancat.com\/en\/product\/ownat-cat-just-gf-fish-sterilized-3kg\/","title":{"rendered":"Ownat Prime Sterilized Fish 3 Kg"},"content":{"rendered":"<p>Especialmente formulado para cubrir las necesidades nutricionales de gatos adultos esterilizados y mantener su peso ideal. Contiene un 12% de pescado fresco, aportando prote\u00ednas de alta calidad, un sabor irresistible y un alto contenido en omega-3 que ayuda a mantener la piel sana y el cabello sedoso y brillante.<\/p>","protected":false},"excerpt":{"rendered":"<p>Ownat Prime Sterilized Fish est\u00e1 especialmente formulado para satisfacer las necesidades nutricionales de los gatos esterilizados. Incorpora un 20% de pescado fresco, que aporta prote\u00ednas de la m\u00e1xima calidad y un sabor excepcional. Rico en fibras con un gran poder saciante que le ayuda a mantener su peso \u00f3ptimo.<\/p>","protected":false},"featured_media":7059,"template":"","meta":[],"etheme_brands":[{"term_id":102,"name":"OWNAT","slug":"ownat","term_group":0,"term_taxonomy_id":102,"taxonomy":"brand","description":"","parent":0,"count":17,"filter":"raw"}],"product_cat":[96,25,21],"product_tag":[],"class_list":{"0":"post-5844","1":"product","2":"type-product","3":"status-publish","4":"has-post-thumbnail","6":"brand-ownat","7":"product_cat-todos-los-productos","8":"product_cat-gatos","9":"product_cat-pienso-gatos","11":"first","12":"instock","13":"taxable","14":"shipping-taxable","15":"purchasable","16":"product-type-simple"},"jetpack_sharing_enabled":true,"_links":{"self":[{"href":"https:\/\/familycancat.com\/en\/wp-json\/wp\/v2\/product\/5844","targetHints":{"allow":["GET"]}}],"collection":[{"href":"https:\/\/familycancat.com\/en\/wp-json\/wp\/v2\/product"}],"about":[{"href":"https:\/\/familycancat.com\/en\/wp-json\/wp\/v2\/types\/product"}],"version-history":[{"count":1,"href":"https:\/\/familycancat.com\/en\/wp-json\/wp\/v2\/product\/5844\/revisions"}],"predecessor-version":[{"id":7060,"href":"https:\/\/familycancat.com\/en\/wp-json\/wp\/v2\/product\/5844\/revisions\/7060"}],"wp:featuredmedia":[{"embeddable":true,"href":"https:\/\/familycancat.com\/en\/wp-json\/wp\/v2\/media\/7059"}],"wp:attachment":[{"href":"https:\/\/familycancat.com\/en\/wp-json\/wp\/v2\/media?parent=5844"}],"wp:term":[{"taxonomy":"brand","embeddable":true,"href":"https:\/\/familycancat.com\/en\/wp-json\/wp\/v2\/etheme_brands?post=5844"},{"taxonomy":"product_cat","embeddable":true,"href":"https:\/\/familycancat.com\/en\/wp-json\/wp\/v2\/product_cat?post=5844"},{"taxonomy":"product_tag","embeddable":true,"href":"https:\/\/familycancat.com\/en\/wp-json\/wp\/v2\/product_tag?post=5844"}],"curies":[{"name":"wp","href":"https:\/\/api.w.org\/{rel}","templated":true}]}}