{"id":5826,"date":"2024-12-20T07:50:41","date_gmt":"2024-12-20T06:50:41","guid":{"rendered":"https:\/\/familycancat.com\/producto\/sense-cat-sterilized-pollo-y-pato-15-kg\/"},"modified":"2026-04-21T17:04:14","modified_gmt":"2026-04-21T16:04:14","slug":"sense-cat-sterilized-pollo-y-pato-15-kg","status":"publish","type":"product","link":"https:\/\/familycancat.com\/en\/product\/sense-cat-sterilized-pollo-y-pato-15-kg\/","title":{"rendered":"Dibaq Sense Cat Sterilized Grain Free 1,5 Kg"},"content":{"rendered":"<p>Pienso Grain Free con un 80% de ingredientes de origen animal, ideal para gatos adultos esterilizados o con tendencia al sobrepeso. Elaborado sin cereales, con carnes frescas y una variedad de frutas y verduras frescas..<\/p>\n<p>Composici\u00f3n<\/p>\n<p>Carnes frescas 40% (carne fresca de pollo 20%*, carne fresca de pato 20%*), pollo deshidratado 35%, guisantes pelados*, patata, aceite de pollo 4,5%, pulpa de remolacha, verduras y frutas frescas 4% (champi\u00f1\u00f3n*, ar\u00e1ndanos*, mango *y manzana*), fibra vegetal, sustancias minerales, aceite de salm\u00f3n 0,5% (fuente de \u00e1cidos grasos omega 3 y 6), extracto de malta, Ceratonia siliqua* , pack protector articular 0,1% (Condroitina sulfato, glucosamina clorhidrato y MSM), complejo renal 0,1% (DL-Metionina, extractos de ar\u00e1ndanos y de c\u00edtricos), ra\u00edz de achicoria 0,05% (fuente de inulina-FOS), levaduras (MOS), Complejo dental 0,04% (Jengibre* y Ortiga*), L-Carnitina, yuca .* Ingredientes naturales.<\/p>","protected":false},"excerpt":{"rendered":"<p>Dibaq Sense Grain Free Sterilized es un pienso sin cereales para gatos esterilizados o con tendencia al sobrepeso. Receta Grain Free con carnes frescas de pollo y pato, frutas y verduras frescas ( champi\u00f1ones, ar\u00e1ndanos, mango y manzana), extracto de malta, yuca, protectores articulares, complejo renal, complejo dental, L-Carnitina y taurina<\/p>","protected":false},"featured_media":6709,"template":"","meta":[],"etheme_brands":[{"term_id":127,"name":"SENSE","slug":"sense","term_group":0,"term_taxonomy_id":127,"taxonomy":"brand","description":"","parent":0,"count":20,"filter":"raw"}],"product_cat":[96,25,21],"product_tag":[],"class_list":{"0":"post-5826","1":"product","2":"type-product","3":"status-publish","4":"has-post-thumbnail","6":"brand-sense","7":"product_cat-todos-los-productos","8":"product_cat-gatos","9":"product_cat-pienso-gatos","11":"first","12":"instock","13":"taxable","14":"shipping-taxable","15":"purchasable","16":"product-type-simple"},"jetpack_sharing_enabled":true,"_links":{"self":[{"href":"https:\/\/familycancat.com\/en\/wp-json\/wp\/v2\/product\/5826","targetHints":{"allow":["GET"]}}],"collection":[{"href":"https:\/\/familycancat.com\/en\/wp-json\/wp\/v2\/product"}],"about":[{"href":"https:\/\/familycancat.com\/en\/wp-json\/wp\/v2\/types\/product"}],"version-history":[{"count":3,"href":"https:\/\/familycancat.com\/en\/wp-json\/wp\/v2\/product\/5826\/revisions"}],"predecessor-version":[{"id":8197,"href":"https:\/\/familycancat.com\/en\/wp-json\/wp\/v2\/product\/5826\/revisions\/8197"}],"wp:featuredmedia":[{"embeddable":true,"href":"https:\/\/familycancat.com\/en\/wp-json\/wp\/v2\/media\/6709"}],"wp:attachment":[{"href":"https:\/\/familycancat.com\/en\/wp-json\/wp\/v2\/media?parent=5826"}],"wp:term":[{"taxonomy":"brand","embeddable":true,"href":"https:\/\/familycancat.com\/en\/wp-json\/wp\/v2\/etheme_brands?post=5826"},{"taxonomy":"product_cat","embeddable":true,"href":"https:\/\/familycancat.com\/en\/wp-json\/wp\/v2\/product_cat?post=5826"},{"taxonomy":"product_tag","embeddable":true,"href":"https:\/\/familycancat.com\/en\/wp-json\/wp\/v2\/product_tag?post=5826"}],"curies":[{"name":"wp","href":"https:\/\/api.w.org\/{rel}","templated":true}]}}