{"id":5825,"date":"2024-12-20T07:50:41","date_gmt":"2024-12-20T06:50:41","guid":{"rendered":"https:\/\/familycancat.com\/producto\/sense-cat-urinary-salmon-y-atun-15-kg\/"},"modified":"2026-04-21T17:04:33","modified_gmt":"2026-04-21T16:04:33","slug":"sense-cat-urinary-salmon-y-atun-15-kg","status":"publish","type":"product","link":"https:\/\/familycancat.com\/en\/product\/sense-cat-urinary-salmon-y-atun-15-kg\/","title":{"rendered":"Dibaq Sense Cat Urinary Grain Free 1,5 Kg"},"content":{"rendered":"<p>Alimento completo hipoalerg\u00e9nico para gatos adultos y gatos esterilizados sin cereales. Elaborado con carnes frescas de Salm\u00f3n y At\u00fan, Zanahor\u00eda, espinacas, ar\u00e1ndanos y manzana frescas, complejo renal, extracto de yuca, protector articular, FOS y MOS y complejo dental. Receta sin gluten con ingredientes 100% Naturales.<\/p>\n<p>Composici\u00f3n<\/p>\n<p>Pescados 72% (salm\u00f3n fresco 20%*, at\u00fan fresco 20%*, salm\u00f3n deshidratado 32%), guisantes pelados*, aceite de pavo 9%, pulpa de remolacha, patata 6,5%, verduras y frutas frescas 4% (zanahorias*, espinacas*, ar\u00e1ndanos *y manzana*), aceite de salm\u00f3n 1% (fuente de \u00e1cidos grasos omega 3 y 6), Ceratonia siliqua* , fibra vegetal, sustancias minerales, complejo renal 0,15% (DL-Metionina, extractos de ar\u00e1ndanos y de c\u00edtricos), extracto de yuca 0,1%, pack protector articular 0,1% (Condroitina sulfato, glucosamina clorhidrato y MSM), ra\u00edz de achicoria 0,05% (fuente de inulina-FOS), levaduras (MOS), Complejo dental 0,04% (Jengibre* y Ortiga*). * Ingredientes naturales.<\/p>","protected":false},"excerpt":{"rendered":"<p>Alimento completo hipoalerg\u00e9nico para gatos adultos sin cereales. Elaborado con carnes frescas de Salm\u00f3n y At\u00fan, Zanahor\u00eda, espinacas, ar\u00e1ndanos y manzana frescas, complejo renal, extracto de yuca, protector articular, FOS y MOS y complejo dental.<\/p>\n<p>Receta sin gluten con ingredientes 100% Naturales<\/p>","protected":false},"featured_media":6706,"template":"","meta":[],"etheme_brands":[{"term_id":98,"name":"DIBAQ","slug":"dibaq","term_group":0,"term_taxonomy_id":98,"taxonomy":"brand","description":"","parent":0,"count":26,"filter":"raw"}],"product_cat":[96,25,21],"product_tag":[],"class_list":{"0":"post-5825","1":"product","2":"type-product","3":"status-publish","4":"has-post-thumbnail","6":"brand-dibaq","7":"product_cat-todos-los-productos","8":"product_cat-gatos","9":"product_cat-pienso-gatos","11":"first","12":"instock","13":"taxable","14":"shipping-taxable","15":"purchasable","16":"product-type-simple"},"jetpack_sharing_enabled":true,"_links":{"self":[{"href":"https:\/\/familycancat.com\/en\/wp-json\/wp\/v2\/product\/5825","targetHints":{"allow":["GET"]}}],"collection":[{"href":"https:\/\/familycancat.com\/en\/wp-json\/wp\/v2\/product"}],"about":[{"href":"https:\/\/familycancat.com\/en\/wp-json\/wp\/v2\/types\/product"}],"version-history":[{"count":5,"href":"https:\/\/familycancat.com\/en\/wp-json\/wp\/v2\/product\/5825\/revisions"}],"predecessor-version":[{"id":8195,"href":"https:\/\/familycancat.com\/en\/wp-json\/wp\/v2\/product\/5825\/revisions\/8195"}],"wp:featuredmedia":[{"embeddable":true,"href":"https:\/\/familycancat.com\/en\/wp-json\/wp\/v2\/media\/6706"}],"wp:attachment":[{"href":"https:\/\/familycancat.com\/en\/wp-json\/wp\/v2\/media?parent=5825"}],"wp:term":[{"taxonomy":"brand","embeddable":true,"href":"https:\/\/familycancat.com\/en\/wp-json\/wp\/v2\/etheme_brands?post=5825"},{"taxonomy":"product_cat","embeddable":true,"href":"https:\/\/familycancat.com\/en\/wp-json\/wp\/v2\/product_cat?post=5825"},{"taxonomy":"product_tag","embeddable":true,"href":"https:\/\/familycancat.com\/en\/wp-json\/wp\/v2\/product_tag?post=5825"}],"curies":[{"name":"wp","href":"https:\/\/api.w.org\/{rel}","templated":true}]}}