{"id":5824,"date":"2024-12-20T07:50:41","date_gmt":"2024-12-20T06:50:41","guid":{"rendered":"https:\/\/familycancat.com\/producto\/sense-dog-puppy-pavo-y-salmon-2kg\/"},"modified":"2025-11-04T13:08:10","modified_gmt":"2025-11-04T12:08:10","slug":"sense-dog-puppy-pavo-y-salmon-2kg","status":"publish","type":"product","link":"https:\/\/familycancat.com\/en\/product\/sense-dog-puppy-pavo-y-salmon-2kg\/","title":{"rendered":"Dibaq Sense Salm\u00f3n y Pavo Puppy Grain Free 2 Kg"},"content":{"rendered":"<p>Alimento completo hipoalerg\u00e9nico dise\u00f1ado para los cachorros de todas las razas desde el primer mes de vida hasta la edad de 12-18 meses. La carne de pavo y el salm\u00f3n fresco usados en su elaboraci\u00f3n son en origen de consumo humano, garantizando adecuados niveles de prote\u00ednas de alto valor biol\u00f3gico, que son la garant\u00eda para el correcto crecimiento de los cachorros.<\/p>\n<p>COMPOSICI\u00d3N: Carne fresca de pavo 20%, salm\u00f3n fresco 20%, carne deshidratada de pavo 16%, patata, guisantes pelados, aceite de pollo, concentrado de prote\u00ednas vegetales, prote\u00edna deshidratada de pollo, pulpa de remolacha, hidrolizado de h\u00edgado de pollo, verduras y frutas frescas 4% (boniato, zanahoria y manzana), Ceratonia siliqua, aceite de salm\u00f3n (fuente de \u00e1cidos grasos omega 3 y 6), sustancias minerales, pack protector articular (condrotina sultato, glucosamina sulfato y MSM), yuca, ra\u00edz de achicoria (fuente de inulina-FOS), levaduras (MOS) y plantas arom\u00e1ticas con propiedades antioxidantes naturales (romero, tomillo y or\u00e9gano).<\/p>","protected":false},"excerpt":{"rendered":"<p>Dibaq Sense Puppy es un alimento grain free para cachorros de todas las razas hasta los 12-18 meses y hembras en gestaci\u00f3n o lactantes, elaborado con carne de pavo y salm\u00f3n frescos.<\/p>","protected":false},"featured_media":6702,"template":"","meta":[],"etheme_brands":[{"term_id":98,"name":"DIBAQ","slug":"dibaq","term_group":0,"term_taxonomy_id":98,"taxonomy":"brand","description":"","parent":0,"count":26,"filter":"raw"}],"product_cat":[96,20,88,130],"product_tag":[],"class_list":{"0":"post-5824","1":"product","2":"type-product","3":"status-publish","4":"has-post-thumbnail","6":"brand-dibaq","7":"product_cat-todos-los-productos","8":"product_cat-perros","9":"product_cat-pienso-para-perros","10":"product_cat-pienso-cachorros","12":"first","13":"instock","14":"taxable","15":"shipping-taxable","16":"purchasable","17":"product-type-simple"},"jetpack_sharing_enabled":true,"_links":{"self":[{"href":"https:\/\/familycancat.com\/en\/wp-json\/wp\/v2\/product\/5824","targetHints":{"allow":["GET"]}}],"collection":[{"href":"https:\/\/familycancat.com\/en\/wp-json\/wp\/v2\/product"}],"about":[{"href":"https:\/\/familycancat.com\/en\/wp-json\/wp\/v2\/types\/product"}],"version-history":[{"count":2,"href":"https:\/\/familycancat.com\/en\/wp-json\/wp\/v2\/product\/5824\/revisions"}],"predecessor-version":[{"id":6704,"href":"https:\/\/familycancat.com\/en\/wp-json\/wp\/v2\/product\/5824\/revisions\/6704"}],"wp:featuredmedia":[{"embeddable":true,"href":"https:\/\/familycancat.com\/en\/wp-json\/wp\/v2\/media\/6702"}],"wp:attachment":[{"href":"https:\/\/familycancat.com\/en\/wp-json\/wp\/v2\/media?parent=5824"}],"wp:term":[{"taxonomy":"brand","embeddable":true,"href":"https:\/\/familycancat.com\/en\/wp-json\/wp\/v2\/etheme_brands?post=5824"},{"taxonomy":"product_cat","embeddable":true,"href":"https:\/\/familycancat.com\/en\/wp-json\/wp\/v2\/product_cat?post=5824"},{"taxonomy":"product_tag","embeddable":true,"href":"https:\/\/familycancat.com\/en\/wp-json\/wp\/v2\/product_tag?post=5824"}],"curies":[{"name":"wp","href":"https:\/\/api.w.org\/{rel}","templated":true}]}}