{"id":5821,"date":"2024-12-20T07:50:41","date_gmt":"2024-12-20T06:50:41","guid":{"rendered":"https:\/\/familycancat.com\/producto\/sense-dog-salmon-mini-2kg\/"},"modified":"2026-04-10T18:17:31","modified_gmt":"2026-04-10T17:17:31","slug":"sense-dog-salmon-mini-2kg","status":"publish","type":"product","link":"https:\/\/familycancat.com\/en\/product\/sense-dog-salmon-mini-2kg\/","title":{"rendered":"Dibaq Sense Salm\u00f3n Mini Grain Free 2 Kg"},"content":{"rendered":"<p>Comida hipoalerg\u00e9nica 100% natural para perros adultos de razas mini elaborado con salm\u00f3n fresco que ayuda al sistema inmunol\u00f3gico y mejora el pelaje<\/p>\n<p>Composici\u00f3n<\/p>\n<p>Salm\u00f3n fresco 25%*, arenques frescos 22%*, salm\u00f3n deshidratado 23%, guisantes pelados*, patata, aceite de pollo, almid\u00f3n de guisante, pulpa de remolacha, hidrolizado de salm\u00f3n, verduras y frutas frescas 4% (espinacas*, zanahoria* y manzana*), Ceratonia siliqua* (fuente de fibra), aceite de salm\u00f3n (fuente de \u00e1cidos grasos omega 3 y 6), fibra vegetal (lignocelulosa), sustancias minerales, pack protector articular (Condroitina sulfato, Glucosamina sulfato y MSM), yuca, ra\u00edz de achicoria (fuente de inulina-FOS), levaduras (MOS) y plantas arom\u00e1ticas con propiedades antioxidantes naturales (tomillo, romero y or\u00e9gano). *Ingredientes naturales.<\/p>","protected":false},"excerpt":{"rendered":"<p>Dibaq Sense Salm\u00f3n Mini es un alimento completo hipoalerg\u00e9nico elaborado con pescados frescos y deshidratados, formulado sin cereales, con alta digestabilidad y desarrollado especialmente para perros de razas mini de todas las edades con digesti\u00f3n sensible, o para aquellos que requieran una alimentaci\u00f3n libre de cereales y carnes por tener una intolerancia alimentaria a los mismos.<\/p>","protected":false},"featured_media":6690,"template":"","meta":[],"etheme_brands":[{"term_id":98,"name":"DIBAQ","slug":"dibaq","term_group":0,"term_taxonomy_id":98,"taxonomy":"brand","description":"","parent":0,"count":26,"filter":"raw"}],"product_cat":[96,20,88],"product_tag":[],"class_list":{"0":"post-5821","1":"product","2":"type-product","3":"status-publish","4":"has-post-thumbnail","6":"brand-dibaq","7":"product_cat-todos-los-productos","8":"product_cat-perros","9":"product_cat-pienso-para-perros","11":"first","12":"instock","13":"taxable","14":"shipping-taxable","15":"purchasable","16":"product-type-simple"},"jetpack_sharing_enabled":true,"_links":{"self":[{"href":"https:\/\/familycancat.com\/en\/wp-json\/wp\/v2\/product\/5821","targetHints":{"allow":["GET"]}}],"collection":[{"href":"https:\/\/familycancat.com\/en\/wp-json\/wp\/v2\/product"}],"about":[{"href":"https:\/\/familycancat.com\/en\/wp-json\/wp\/v2\/types\/product"}],"version-history":[{"count":2,"href":"https:\/\/familycancat.com\/en\/wp-json\/wp\/v2\/product\/5821\/revisions"}],"predecessor-version":[{"id":6691,"href":"https:\/\/familycancat.com\/en\/wp-json\/wp\/v2\/product\/5821\/revisions\/6691"}],"wp:featuredmedia":[{"embeddable":true,"href":"https:\/\/familycancat.com\/en\/wp-json\/wp\/v2\/media\/6690"}],"wp:attachment":[{"href":"https:\/\/familycancat.com\/en\/wp-json\/wp\/v2\/media?parent=5821"}],"wp:term":[{"taxonomy":"brand","embeddable":true,"href":"https:\/\/familycancat.com\/en\/wp-json\/wp\/v2\/etheme_brands?post=5821"},{"taxonomy":"product_cat","embeddable":true,"href":"https:\/\/familycancat.com\/en\/wp-json\/wp\/v2\/product_cat?post=5821"},{"taxonomy":"product_tag","embeddable":true,"href":"https:\/\/familycancat.com\/en\/wp-json\/wp\/v2\/product_tag?post=5821"}],"curies":[{"name":"wp","href":"https:\/\/api.w.org\/{rel}","templated":true}]}}