{"id":5812,"date":"2024-12-20T07:50:41","date_gmt":"2024-12-20T06:50:41","guid":{"rendered":"https:\/\/familycancat.com\/producto\/sense-dog-lata-jabali-y-ciervo-380g\/"},"modified":"2026-04-01T09:41:03","modified_gmt":"2026-04-01T08:41:03","slug":"sense-dog-lata-jabali-y-ciervo-380g","status":"publish","type":"product","link":"https:\/\/familycancat.com\/en\/product\/sense-dog-lata-jabali-y-ciervo-380g\/","title":{"rendered":"Dibaq Sense Ciervo y Jabal\u00ed H\u00famedo 380 Gr"},"content":{"rendered":"<p>Alimento h\u00famedo para perros sin cereales elaborado con ciervo, jabal\u00ed y ar\u00e1ndanos.<\/p>\n<p>COMPOSICI\u00d3N: Carnes frescas 76% (ciervo 41%, jabal\u00ed 35%), patata, verduras y frutas frescas 4% (boniatos, pimiento rojo y ar\u00e1ndanos), aceite de salm\u00f3n 1% (fuente de \u00e1cidos grasos omega 3 y 6), pack protector articular 0,5% (condroitina sulfato, glucosamina sulfato y MSM), sustancias minerales, plantas arom\u00e1ticas con propiedades antioxidantes naturales 0,02% (romero, tomillo y or\u00e9gano).<\/p>","protected":false},"excerpt":{"rendered":"<p>Alimento h\u00famedo para perros sin cereales elaborado con ciervo, jabal\u00ed y ar\u00e1ndanos.<\/p>","protected":false},"featured_media":6649,"template":"","meta":[],"etheme_brands":[{"term_id":98,"name":"DIBAQ","slug":"dibaq","term_group":0,"term_taxonomy_id":98,"taxonomy":"brand","description":"","parent":0,"count":26,"filter":"raw"}],"product_cat":[96,20,89],"product_tag":[],"class_list":{"0":"post-5812","1":"product","2":"type-product","3":"status-publish","4":"has-post-thumbnail","6":"brand-dibaq","7":"product_cat-todos-los-productos","8":"product_cat-perros","9":"product_cat-comida-humeda-para-perros","11":"first","12":"instock","13":"taxable","14":"shipping-taxable","15":"purchasable","16":"product-type-simple"},"jetpack_sharing_enabled":true,"_links":{"self":[{"href":"https:\/\/familycancat.com\/en\/wp-json\/wp\/v2\/product\/5812","targetHints":{"allow":["GET"]}}],"collection":[{"href":"https:\/\/familycancat.com\/en\/wp-json\/wp\/v2\/product"}],"about":[{"href":"https:\/\/familycancat.com\/en\/wp-json\/wp\/v2\/types\/product"}],"version-history":[{"count":2,"href":"https:\/\/familycancat.com\/en\/wp-json\/wp\/v2\/product\/5812\/revisions"}],"predecessor-version":[{"id":6650,"href":"https:\/\/familycancat.com\/en\/wp-json\/wp\/v2\/product\/5812\/revisions\/6650"}],"wp:featuredmedia":[{"embeddable":true,"href":"https:\/\/familycancat.com\/en\/wp-json\/wp\/v2\/media\/6649"}],"wp:attachment":[{"href":"https:\/\/familycancat.com\/en\/wp-json\/wp\/v2\/media?parent=5812"}],"wp:term":[{"taxonomy":"brand","embeddable":true,"href":"https:\/\/familycancat.com\/en\/wp-json\/wp\/v2\/etheme_brands?post=5812"},{"taxonomy":"product_cat","embeddable":true,"href":"https:\/\/familycancat.com\/en\/wp-json\/wp\/v2\/product_cat?post=5812"},{"taxonomy":"product_tag","embeddable":true,"href":"https:\/\/familycancat.com\/en\/wp-json\/wp\/v2\/product_tag?post=5812"}],"curies":[{"name":"wp","href":"https:\/\/api.w.org\/{rel}","templated":true}]}}