{"id":5805,"date":"2024-12-20T07:50:40","date_gmt":"2024-12-20T06:50:40","guid":{"rendered":"https:\/\/familycancat.com\/producto\/sense-supl-multiv-y-barf-200gr\/"},"modified":"2025-11-11T20:07:08","modified_gmt":"2025-11-11T19:07:08","slug":"sense-supl-multiv-y-barf-200gr","status":"publish","type":"product","link":"https:\/\/familycancat.com\/en\/product\/sense-supl-multiv-y-barf-200gr\/","title":{"rendered":"Dibaq Sense Suplemento Multivitaminas y Dieta Barf 260 gr"},"content":{"rendered":"<p>Alimento complementario para perros adultos: multivitaminas que permite elaborar dietas equilibradas en vitaminas y minerales. Formato 260 g<\/p>\n<p>Fosfato bic\u00e1lcico, carbonato c\u00e1lcico, fosfato dihidrogenado de sodio, fosfato hidrogenado de magnesio, aves y v\u00edsceras de ave hidrolizadas, alga Chorella 2 %, levadura de cerveza 1,5 %.<\/p>","protected":false},"excerpt":{"rendered":"<p>Alimento complementario para perros adultos: multivitaminas que permite elaborar dietas equilibradas en vitaminas y minerales. Formato 260 g Fosfato bic\u00e1lcico, carbonato c\u00e1lcico, fosfato dihidrogenado de&#8230;<\/p>","protected":false},"featured_media":7994,"template":"","meta":[],"etheme_brands":[{"term_id":127,"name":"SENSE","slug":"sense","term_group":0,"term_taxonomy_id":127,"taxonomy":"brand","description":"","parent":0,"count":20,"filter":"raw"}],"product_cat":[96,20,126],"product_tag":[],"class_list":{"0":"post-5805","1":"product","2":"type-product","3":"status-publish","4":"has-post-thumbnail","6":"brand-sense","7":"product_cat-todos-los-productos","8":"product_cat-perros","9":"product_cat-complementos-y-suplementos","11":"first","12":"instock","13":"taxable","14":"shipping-taxable","15":"purchasable","16":"product-type-simple"},"jetpack_sharing_enabled":true,"_links":{"self":[{"href":"https:\/\/familycancat.com\/en\/wp-json\/wp\/v2\/product\/5805","targetHints":{"allow":["GET"]}}],"collection":[{"href":"https:\/\/familycancat.com\/en\/wp-json\/wp\/v2\/product"}],"about":[{"href":"https:\/\/familycancat.com\/en\/wp-json\/wp\/v2\/types\/product"}],"version-history":[{"count":2,"href":"https:\/\/familycancat.com\/en\/wp-json\/wp\/v2\/product\/5805\/revisions"}],"predecessor-version":[{"id":7995,"href":"https:\/\/familycancat.com\/en\/wp-json\/wp\/v2\/product\/5805\/revisions\/7995"}],"wp:featuredmedia":[{"embeddable":true,"href":"https:\/\/familycancat.com\/en\/wp-json\/wp\/v2\/media\/7994"}],"wp:attachment":[{"href":"https:\/\/familycancat.com\/en\/wp-json\/wp\/v2\/media?parent=5805"}],"wp:term":[{"taxonomy":"brand","embeddable":true,"href":"https:\/\/familycancat.com\/en\/wp-json\/wp\/v2\/etheme_brands?post=5805"},{"taxonomy":"product_cat","embeddable":true,"href":"https:\/\/familycancat.com\/en\/wp-json\/wp\/v2\/product_cat?post=5805"},{"taxonomy":"product_tag","embeddable":true,"href":"https:\/\/familycancat.com\/en\/wp-json\/wp\/v2\/product_tag?post=5805"}],"curies":[{"name":"wp","href":"https:\/\/api.w.org\/{rel}","templated":true}]}}