{"id":5777,"date":"2024-12-20T07:50:39","date_gmt":"2024-12-20T06:50:39","guid":{"rendered":"https:\/\/familycancat.com\/producto\/ownat-cat-just-gf-sterilizad-pollo-adult-8kg\/"},"modified":"2026-02-25T11:59:04","modified_gmt":"2026-02-25T10:59:04","slug":"ownat-cat-just-gf-sterilizad-pollo-adult-8kg","status":"publish","type":"product","link":"https:\/\/familycancat.com\/en\/product\/ownat-cat-just-gf-sterilizad-pollo-adult-8kg\/","title":{"rendered":"Ownat Just Grain Free Sterilized Gato 8 Kg"},"content":{"rendered":"<p>Alimento completo para gatos esterilizados Ownat Just Grain Free Sterilized<br \/>\nOwnat Grain Free Sterilized es un pienso para gatos esterilizados formulado para cuidar su salud y su condici\u00f3n f\u00edsica. Su f\u00f3rmula permite el mantenimiento del peso ideal tras la esterilizaci\u00f3n, evitando que el gato engorde.<\/p>\n<p>El pienso Ownat Just Sterilized es un alimento completo y equilibrado elaborado \u00fanicamente con ingredientes naturales y de alta calidad. No utiliza conservantes ni colorantes artificiales, s\u00f3lo antioxidantes naturales. Contiene un 50% de carne; tambi\u00e9n incorpora pescado y huevo como fuente de prote\u00ednas. Para proporcionar una receta equilibrada y saludable, la carne se acompa\u00f1a con frutas, verduras y plantas como los guisantes, las manzanas, los ar\u00e1ndanos, las algas marinas y el tomillo.<\/p>\n<p>Ownat Just Grain Free Sterilized tambi\u00e9n a\u00f1ade aceite de pescado, con omega 3 y omega 6 para una piel sana y un pelaje. Adem\u00e1s, tu gato tambi\u00e9n tendr\u00e1 unas articulaciones fuertes y protegidas gracias a los aportes de la glucosamina y la condroitina. El pienso est\u00e1 libre de cereales, lo que favorece una buena salud digestiva y lo hace adecuado para gatos con el est\u00f3mago sensible o con intolerancia a los granos.<\/p>","protected":false},"excerpt":{"rendered":"<p class=\"subtitle\">Los gatos esterilizados presentan una tendencia natural al sobrepeso. Por ello nuestra formulaci\u00f3n ayuda a mantener el peso ideal mediante un aporte reducido de materias grasas, incorporando al mismo tiempo, una elevada proporci\u00f3n de prote\u00ednas para asegurar el correcto mantenimiento fisiol\u00f3gico del gato.<\/p>\n<p>Libre de Grano.<\/p>","protected":false},"featured_media":7077,"template":"","meta":[],"etheme_brands":[{"term_id":102,"name":"OWNAT","slug":"ownat","term_group":0,"term_taxonomy_id":102,"taxonomy":"brand","description":"","parent":0,"count":17,"filter":"raw"}],"product_cat":[96,25,21],"product_tag":[],"class_list":{"0":"post-5777","1":"product","2":"type-product","3":"status-publish","4":"has-post-thumbnail","6":"brand-ownat","7":"product_cat-todos-los-productos","8":"product_cat-gatos","9":"product_cat-pienso-gatos","11":"first","12":"outofstock","13":"taxable","14":"shipping-taxable","15":"purchasable","16":"product-type-simple"},"jetpack_sharing_enabled":true,"_links":{"self":[{"href":"https:\/\/familycancat.com\/en\/wp-json\/wp\/v2\/product\/5777","targetHints":{"allow":["GET"]}}],"collection":[{"href":"https:\/\/familycancat.com\/en\/wp-json\/wp\/v2\/product"}],"about":[{"href":"https:\/\/familycancat.com\/en\/wp-json\/wp\/v2\/types\/product"}],"version-history":[{"count":2,"href":"https:\/\/familycancat.com\/en\/wp-json\/wp\/v2\/product\/5777\/revisions"}],"predecessor-version":[{"id":7078,"href":"https:\/\/familycancat.com\/en\/wp-json\/wp\/v2\/product\/5777\/revisions\/7078"}],"wp:featuredmedia":[{"embeddable":true,"href":"https:\/\/familycancat.com\/en\/wp-json\/wp\/v2\/media\/7077"}],"wp:attachment":[{"href":"https:\/\/familycancat.com\/en\/wp-json\/wp\/v2\/media?parent=5777"}],"wp:term":[{"taxonomy":"brand","embeddable":true,"href":"https:\/\/familycancat.com\/en\/wp-json\/wp\/v2\/etheme_brands?post=5777"},{"taxonomy":"product_cat","embeddable":true,"href":"https:\/\/familycancat.com\/en\/wp-json\/wp\/v2\/product_cat?post=5777"},{"taxonomy":"product_tag","embeddable":true,"href":"https:\/\/familycancat.com\/en\/wp-json\/wp\/v2\/product_tag?post=5777"}],"curies":[{"name":"wp","href":"https:\/\/api.w.org\/{rel}","templated":true}]}}