{"id":5770,"date":"2024-12-20T07:50:39","date_gmt":"2024-12-20T06:50:39","guid":{"rendered":"https:\/\/familycancat.com\/producto\/ng-gato-wild-instinct-baby-kitten-6kg\/"},"modified":"2026-02-26T11:32:25","modified_gmt":"2026-02-26T10:32:25","slug":"ng-gato-wild-instinct-baby-kitten-6kg","status":"publish","type":"product","link":"https:\/\/familycancat.com\/en\/product\/ng-gato-wild-instinct-baby-kitten-6kg\/","title":{"rendered":"Natural Greatness Cat Wild Instinct 6 Kg"},"content":{"rendered":"<p>Natural Greatness WILD INSTINCT es una excelente receta ultra premium e hipoalerg\u00e9nica formulada sin cereales y desarrollada idealmente para satisfacer las necesidades nutricionales de gatitos (a partir de 1 mes de vida), gatas gestantes y gatos adultos. Esta receta favorece el tr\u00e1nsito digestivo e incorpora extracto de malta para prevenir la formaci\u00f3n de bolas de pelo en el est\u00f3mago del gato. Este alimento ha sido elaborado con altos porcentajes c\u00e1rnicos, bajo en carbohidratos y con niveles \u00f3ptimos de taurina para garantizar la buena salud del gato.<\/p>\n<p>Composici\u00f3n: Carne fresca de pollo (40%), Carne deshidratada de pollo y Carne deshidratada de pavo (30%), Patata, Aceite de Pollo (7,5%), Hidrolizado de h\u00edgado de pollo (5%), Guisantes, Salm\u00f3n deshidratado (2,5%), Pulpa de remolacha, Aceite de salm\u00f3n (0,8%), Levaduras, Huevo entero deshidratado (0,5%), Achicoria, Sustancias Minerales, Extracto de malta, Inulina (FOS), Manano-oligosac\u00e1ridos (MOS), Extractos de C\u00edtricos (ricos en bioflavonoides), Yuca, Romero, Glucosamina, Condroitina.<\/p>\n<p>Componentes anal\u00edticos: Prote\u00edna bruta (41%), Aceites y grasas brutas (21%), Fibra bruta (1,5%), Ceniza bruta (7,2%), Carbohidratos (20,6%), Calcio (1,4%), F\u00f3sforo (1,1%), Magnesio (0,1%), \u00c1cidos grasos omega 3 (0,5%), \u00c1cidos grasos omega 6 (3,6%), Taurina 2.500 mg\/kg, Metionina 2.400 mg\/kg.<\/p>\n<p>Energ\u00eda metabolizable: 4.100 kcal\/kg.<\/p>\n<p>Formatos: 600 gr \/ 2 kg \/ 6 kg.<\/p>","protected":false},"excerpt":{"rendered":"<div id=\"product-description-short-3128\" class=\"product-description\">\n<p>Natural Greatness Wild Instinct para gato. Receta Hipoalerg\u00e9nica formulada sin cereales ni grano, sin lactosa, sin colorantes ni saborizantes artificiales y sin conservantes artificiales.<\/p>\n<p>Alto porcentaje de carne y baja en carbohidratos, adecuada para gatitos, gatas lactantes y gatos adultos.<\/p>\n<\/div>\n<div id=\"product-additional-info\">\n<div class=\"product-additional-info\">\n<div class=\"social-sharing\"><\/div>\n<\/div>\n<\/div>","protected":false},"featured_media":8086,"template":"","meta":[],"etheme_brands":[{"term_id":101,"name":"NATURAL GREATNESS","slug":"natural-greatness","term_group":0,"term_taxonomy_id":101,"taxonomy":"brand","description":"","parent":0,"count":73,"filter":"raw"}],"product_cat":[96,25,21],"product_tag":[],"class_list":{"0":"post-5770","1":"product","2":"type-product","3":"status-publish","4":"has-post-thumbnail","6":"brand-natural-greatness","7":"product_cat-todos-los-productos","8":"product_cat-gatos","9":"product_cat-pienso-gatos","11":"first","12":"instock","13":"taxable","14":"shipping-taxable","15":"purchasable","16":"product-type-simple"},"jetpack_sharing_enabled":true,"_links":{"self":[{"href":"https:\/\/familycancat.com\/en\/wp-json\/wp\/v2\/product\/5770","targetHints":{"allow":["GET"]}}],"collection":[{"href":"https:\/\/familycancat.com\/en\/wp-json\/wp\/v2\/product"}],"about":[{"href":"https:\/\/familycancat.com\/en\/wp-json\/wp\/v2\/types\/product"}],"version-history":[{"count":1,"href":"https:\/\/familycancat.com\/en\/wp-json\/wp\/v2\/product\/5770\/revisions"}],"predecessor-version":[{"id":8087,"href":"https:\/\/familycancat.com\/en\/wp-json\/wp\/v2\/product\/5770\/revisions\/8087"}],"wp:featuredmedia":[{"embeddable":true,"href":"https:\/\/familycancat.com\/en\/wp-json\/wp\/v2\/media\/8086"}],"wp:attachment":[{"href":"https:\/\/familycancat.com\/en\/wp-json\/wp\/v2\/media?parent=5770"}],"wp:term":[{"taxonomy":"brand","embeddable":true,"href":"https:\/\/familycancat.com\/en\/wp-json\/wp\/v2\/etheme_brands?post=5770"},{"taxonomy":"product_cat","embeddable":true,"href":"https:\/\/familycancat.com\/en\/wp-json\/wp\/v2\/product_cat?post=5770"},{"taxonomy":"product_tag","embeddable":true,"href":"https:\/\/familycancat.com\/en\/wp-json\/wp\/v2\/product_tag?post=5770"}],"curies":[{"name":"wp","href":"https:\/\/api.w.org\/{rel}","templated":true}]}}