{"id":5763,"date":"2024-12-20T07:50:38","date_gmt":"2024-12-20T06:50:38","guid":{"rendered":"https:\/\/familycancat.com\/producto\/familycan-65-mini-salmon-escoces-6kg\/"},"modified":"2026-03-23T18:19:48","modified_gmt":"2026-03-23T17:19:48","slug":"familycan-65-mini-salmon-escoces-6kg","status":"publish","type":"product","link":"https:\/\/familycancat.com\/en\/product\/familycan-65-mini-salmon-escoces-6kg\/","title":{"rendered":"FamilyCan 65% Salm\u00f3n Escoc\u00e9s Raza Peque\u00f1a 6KG"},"content":{"rendered":"<p><strong>65% Total de Salmo\u0301n<\/strong><\/p>\n<div class=\"page\" title=\"Page 5\">\n<div class=\"section\">\n<div class=\"layoutArea\">\n<div class=\"column\">\n<p>Naturalmente rico en omega-3, que tiene propiedades antiinflamatorias y mejora la condicio\u0301n de la piel y el pelaje.<\/p>\n<div class=\"page\" title=\"Page 5\">\n<div class=\"section\">\n<div class=\"layoutArea\">\n<div class=\"column\">\n<p><strong>Mi\u0301nimo de 35% de Salmo\u0301n Escoce\u0301s Preparado Fresco<\/strong><\/p>\n<div class=\"page\" title=\"Page 5\">\n<div class=\"section\">\n<div class=\"layoutArea\">\n<div class=\"column\">\n<p>El Salmo\u0301n Escoce\u0301s se alimenta con comida de mejor calidad,<br \/>\ny su cri\u0301a es menos intensiva, con menos peces en la malla, lo cual les permite nadar ma\u0301s y desarrollar ma\u0301s masa muscular.<\/p>\n<div class=\"page\" title=\"Page 5\">\n<div class=\"section\">\n<div class=\"layoutArea\">\n<div class=\"column\">\n<p><strong>Mezcla Superfood<\/strong><\/p>\n<p>Una mezcla de 5 superalimentos cuidadosamente seleccionados, todos y cada uno de ellos con sus beneficios u\u0301nicos.<\/p>\n<div class=\"page\" title=\"Page 5\">\n<div class=\"section\">\n<div class=\"layoutArea\">\n<div class=\"column\">\n<p><strong>Receta Grain Free<\/strong><br \/>\nReceta formulada sin cereales.<\/p>\n<div class=\"page\" title=\"Page 5\">\n<div class=\"section\">\n<div class=\"layoutArea\">\n<div class=\"column\">\n<p><strong>COMPOSICIO\u0301N:<\/strong><\/p>\n<p>65% de Salmo\u0301n (35% de Salmo\u0301n Escoce\u0301s Preparado Fresco, 22% de Salmo\u0301n Deshidratado, 5% de Aceite de Salmo\u0301n, 3% de Caldo de Salmo\u0301n), Boniato, Alubias, Pulpa de Remolacha, Suplemento de Omega 3, Mezcla de Superfoods Deshidratados* (Incluyendo Eneldo, Espinacas, Hinojo, Espa\u0301rragos, Tomate), Minerales, Fructooligosaca\u0301ridos (FOS, 192 mg\/kg), Glucosamina (170 mg\/kg), MSM \/ Metilsulfonilmetano (170 mg\/kg), Sulfato de Condroitina (125 mg\/kg), Mannanoligosaca\u0301ridos (MOS, 48 mg\/kg), Nucleo\u0301tidos, Extracto de oliva (0.01%). *Cada ingrediente equivale a 4% de ingredientes frescos<\/p>\n<\/div>\n<\/div>\n<\/div>\n<\/div>\n<\/div>\n<\/div>\n<\/div>\n<\/div>\n<\/div>\n<\/div>\n<\/div>\n<\/div>\n<\/div>\n<\/div>\n<\/div>\n<\/div>\n<\/div>\n<\/div>\n<\/div>\n<\/div>\n<\/div>\n<\/div>\n<\/div>\n<\/div>","protected":false},"excerpt":{"rendered":"<p>Salmo\u0301n Escoce\u0301s con Eneldo, Espinacas, Hinojo, Espa\u0301rragos y Tomate<\/p>","protected":false},"featured_media":7299,"template":"","meta":[],"etheme_brands":[{"term_id":100,"name":"FAMILYCAN","slug":"familycan","term_group":0,"term_taxonomy_id":100,"taxonomy":"brand","description":"","parent":0,"count":67,"filter":"raw"}],"product_cat":[96,20,88,131],"product_tag":[],"class_list":{"0":"post-5763","1":"product","2":"type-product","3":"status-publish","4":"has-post-thumbnail","6":"brand-familycan","7":"product_cat-todos-los-productos","8":"product_cat-perros","9":"product_cat-pienso-para-perros","10":"product_cat-pienso-perro-adulto-raza-mini","12":"first","13":"instock","14":"taxable","15":"shipping-taxable","16":"purchasable","17":"product-type-simple"},"jetpack_sharing_enabled":true,"_links":{"self":[{"href":"https:\/\/familycancat.com\/en\/wp-json\/wp\/v2\/product\/5763","targetHints":{"allow":["GET"]}}],"collection":[{"href":"https:\/\/familycancat.com\/en\/wp-json\/wp\/v2\/product"}],"about":[{"href":"https:\/\/familycancat.com\/en\/wp-json\/wp\/v2\/types\/product"}],"version-history":[{"count":4,"href":"https:\/\/familycancat.com\/en\/wp-json\/wp\/v2\/product\/5763\/revisions"}],"predecessor-version":[{"id":8309,"href":"https:\/\/familycancat.com\/en\/wp-json\/wp\/v2\/product\/5763\/revisions\/8309"}],"wp:featuredmedia":[{"embeddable":true,"href":"https:\/\/familycancat.com\/en\/wp-json\/wp\/v2\/media\/7299"}],"wp:attachment":[{"href":"https:\/\/familycancat.com\/en\/wp-json\/wp\/v2\/media?parent=5763"}],"wp:term":[{"taxonomy":"brand","embeddable":true,"href":"https:\/\/familycancat.com\/en\/wp-json\/wp\/v2\/etheme_brands?post=5763"},{"taxonomy":"product_cat","embeddable":true,"href":"https:\/\/familycancat.com\/en\/wp-json\/wp\/v2\/product_cat?post=5763"},{"taxonomy":"product_tag","embeddable":true,"href":"https:\/\/familycancat.com\/en\/wp-json\/wp\/v2\/product_tag?post=5763"}],"curies":[{"name":"wp","href":"https:\/\/api.w.org\/{rel}","templated":true}]}}