{"id":5756,"date":"2024-12-20T07:50:38","date_gmt":"2024-12-20T06:50:38","guid":{"rendered":"https:\/\/familycancat.com\/producto\/farmina-nd-puppy-spirulina-mini-cordero-2kg\/"},"modified":"2025-09-08T19:23:18","modified_gmt":"2025-09-08T18:23:18","slug":"farmina-nd-puppy-spirulina-mini-cordero-2kg","status":"publish","type":"product","link":"https:\/\/familycancat.com\/en\/product\/farmina-nd-puppy-spirulina-mini-cordero-2kg\/","title":{"rendered":"Farmina ND Dog Puppy Spirulina Mini Cordero 2 Kg"},"content":{"rendered":"<p>COMPOSICI\u00d3N<br \/>\nCordero (24%), prote\u00ednas deshidratadas de cordero (22%), boniato, grasa de pollo, prote\u00ednas deshidratadas de arenque, spirulina deshidratada (5%), arenque, huevos deshidratados, bayas de goji deshidratadas (2,5%), aceite de pescado (de arenque), fibra de guisante, zanahoria deshidratada, harina de alfalfa, cart\u00edlago de pollo (fuente de glucosamina y sulfato de condroitina), inulina, fructo-oligosac\u00e1ridos, extracto de levadura (fuente de manano-oligosac\u00e1ridos), espinacas deshidratadas, c\u00e1scaras y semillas de psyllium, cloruro s\u00f3dico, levadura de cerveza deshidratada, c\u00farcuma, extracto de aloe vera.<\/p>\n<p>Vitamina A 16000IU; Vitamina D3 1600IU; Vitamina E 600mg; Vitamina C 160mg; Niacina 40mg; D-pantotenato de calcio 16mg; Vitamina B2 8mg; Vitamina B6 6,4mg; Vitamina B1 4,8mg; Biotina 0,40mg; \u00c1cido f\u00f3lico 0,48mg; Vitamina B12 0,1mg; Cloruro de colina 2800mg; Betacaroteno 1,5mg; Zinc (Quelato de zinc del an\u00e1logo hidroxilado de la metionina): 163,8mg; Manganeso (quelato de manganeso del an\u00e1logo hidroxilado de la metionina): 64,6mg; Hierro [quelato de hierro (II) de hidrato de glicina] 58,3 mg; Cobre (quelato de cobre del an\u00e1logo hidroxilado de la metionina): 15,8mg; Selenio (levadura selenizada inactivada): 0,00088mg; DL-metionina, t\u00e9cnicamente pura 6000mg; Taurina 1000mg; L-carnitina 300mg.<br \/>\nAditivos organol\u00e9pticos: extracto de t\u00e9 verde 100mg; extracto de romero. Antioxidantes: extractos de tocoferol de aceites vegetales.<\/p>\n<p>COMPONENTES ANAL\u00cdTICOS<br \/>\nprote\u00edna bruta 30,00%; grasa bruta 20,00%; fibra bruta 2,50%; humedad 9,00%; ceniza bruta 8,10%; calcio 1,10%; f\u00f3sforo 0,91%; Omega-6 3,40%; Omega-3 0,90%; DHA 0,50%; EPA 0,30%; glucosamina 1400mg\/kg; condroit\u00edn sulfato 1100mg\/kg.<\/p>\n<p>VALOR ENERG\u00c9TICO<br \/>\nEM Kcal\/Kg 4074 &#8211; Mj\/Kg 17,04<\/p>","protected":false},"excerpt":{"rendered":"<p>COMPOSICI\u00d3N Cordero (24%), prote\u00ednas deshidratadas de cordero (22%), boniato, grasa de pollo, prote\u00ednas deshidratadas de arenque, spirulina deshidratada (5%), arenque, huevos deshidratados, bayas de goji&#8230;<\/p>","protected":false},"featured_media":7268,"template":"","meta":[],"etheme_brands":[{"term_id":99,"name":"FARMINA","slug":"farmina","term_group":0,"term_taxonomy_id":99,"taxonomy":"brand","description":"","parent":0,"count":127,"filter":"raw"}],"product_cat":[96,20,88,130],"product_tag":[],"class_list":{"0":"post-5756","1":"product","2":"type-product","3":"status-publish","4":"has-post-thumbnail","6":"brand-farmina","7":"product_cat-todos-los-productos","8":"product_cat-perros","9":"product_cat-pienso-para-perros","10":"product_cat-pienso-cachorros","12":"first","13":"instock","14":"taxable","15":"shipping-taxable","16":"purchasable","17":"product-type-simple"},"jetpack_sharing_enabled":true,"_links":{"self":[{"href":"https:\/\/familycancat.com\/en\/wp-json\/wp\/v2\/product\/5756","targetHints":{"allow":["GET"]}}],"collection":[{"href":"https:\/\/familycancat.com\/en\/wp-json\/wp\/v2\/product"}],"about":[{"href":"https:\/\/familycancat.com\/en\/wp-json\/wp\/v2\/types\/product"}],"version-history":[{"count":2,"href":"https:\/\/familycancat.com\/en\/wp-json\/wp\/v2\/product\/5756\/revisions"}],"predecessor-version":[{"id":7269,"href":"https:\/\/familycancat.com\/en\/wp-json\/wp\/v2\/product\/5756\/revisions\/7269"}],"wp:featuredmedia":[{"embeddable":true,"href":"https:\/\/familycancat.com\/en\/wp-json\/wp\/v2\/media\/7268"}],"wp:attachment":[{"href":"https:\/\/familycancat.com\/en\/wp-json\/wp\/v2\/media?parent=5756"}],"wp:term":[{"taxonomy":"brand","embeddable":true,"href":"https:\/\/familycancat.com\/en\/wp-json\/wp\/v2\/etheme_brands?post=5756"},{"taxonomy":"product_cat","embeddable":true,"href":"https:\/\/familycancat.com\/en\/wp-json\/wp\/v2\/product_cat?post=5756"},{"taxonomy":"product_tag","embeddable":true,"href":"https:\/\/familycancat.com\/en\/wp-json\/wp\/v2\/product_tag?post=5756"}],"curies":[{"name":"wp","href":"https:\/\/api.w.org\/{rel}","templated":true}]}}