{"id":5755,"date":"2024-12-20T07:50:38","date_gmt":"2024-12-20T06:50:38","guid":{"rendered":"https:\/\/familycancat.com\/producto\/nd-cat-ocean-neutered-arenque-15kg\/"},"modified":"2026-03-26T18:41:06","modified_gmt":"2026-03-26T17:41:06","slug":"nd-cat-ocean-neutered-arenque-15kg","status":"publish","type":"product","link":"https:\/\/familycancat.com\/en\/product\/nd-cat-ocean-neutered-arenque-15kg\/","title":{"rendered":"Farmina ND Cat Ocean Neutered Arenque 1,5KG"},"content":{"rendered":"<p>Alimento completo para gatos adultos castrados.<\/p>\n<p>COMPOSICI\u00d3N<br \/>\nArenque (34%), prote\u00edna de arenque deshidratada (32%), batata, huevos deshidratados, aceite de pescado (de arenque), pulpa de remolacha deshidratada, zanahoria deshidratada, harina de alfalfa, inulina, fructo-oligosac\u00e1ridos, extracto de levadura (fuente de manano-oligosac\u00e1ridos), naranja dulce deshidratada (0.5%), manzana deshidratada, granada deshidratada, espinacas deshidratadas, c\u00e1scaras y semillas de psyllium, ar\u00e1ndanos deshidratados, cloruro de sodio, levadura de cerveza deshidratada, c\u00farcuma (0,2%), extracto de aloe vera.<\/p>\n<p>INGREDIENTES Y NUTRICI\u00d3N<br \/>\nADITIVOS POR KG<br \/>\nAditivos nutricionales: Vitamina A 18000IU; Vitamina D3 1200IU; Vitamina E 600mg; Vitamina C 300mg; Niacina 150mg; D-pantotenato de calcio 50mg; Vitamina B2 20mg; Vitamina B6 8,1mg; Vitamina B1 10mg; Biotina 1,5mg; \u00c1cido f\u00f3lico 1,5mg; Vitamina B12 0,1mg; Cloruro de colina 2800mg; Betacaroteno 1,5mg; Zinc (quelato de zinc del an\u00e1logo hidroxilado de la metionina): 163. 8mg; Manganeso (quelato de manganeso del an\u00e1logo hidroxilado de la metionina): 64,6mg; Hierro [quelato de hierro (II) del hidrato de glicina]: 58,3mg; Cobre (quelato de cobre del an\u00e1logo hidroxilado de la metionina): 15,8mg; DL-metionina, t\u00e9cnicamente pura 5000mg; Taurina 5000mg; L-carnitina 400mg. Aditivos sensoriales: extracto de t\u00e9 verde 100mg; extracto de romero. Antioxidantes: extractos de tocoferol de aceites vegetales.<br \/>\nCOMPONENTES ANAL\u00cdTICOS<br \/>\nProte\u00edna bruta 46,00%; grasa bruta 11,00%; fibra bruta 5,10%; humedad 8,00%; ceniza bruta 8,90%; calcio 1,00%; f\u00f3sforo 0,90%; magnesio 0,08%; Omega-6 1,80%; Omega-3 0,60%; DHA 0,35%; EPA 0,15%.<\/p>\n<p>VALOR ENERG\u00c9TICO<br \/>\nEM Kcal\/Kg 3643 &#8211; Mj\/Kg 15,24<\/p>","protected":false},"excerpt":{"rendered":"<p>Alimento completo para gatos adultos castrados. COMPOSICI\u00d3N Arenque (34%), prote\u00edna de arenque deshidratada (32%), batata, huevos deshidratados, aceite de pescado (de arenque), pulpa de remolacha&#8230;<\/p>","protected":false},"featured_media":7262,"template":"","meta":[],"etheme_brands":[{"term_id":99,"name":"FARMINA","slug":"farmina","term_group":0,"term_taxonomy_id":99,"taxonomy":"brand","description":"","parent":0,"count":127,"filter":"raw"}],"product_cat":[96,25,21],"product_tag":[],"class_list":{"0":"post-5755","1":"product","2":"type-product","3":"status-publish","4":"has-post-thumbnail","6":"brand-farmina","7":"product_cat-todos-los-productos","8":"product_cat-gatos","9":"product_cat-pienso-gatos","11":"first","12":"instock","13":"taxable","14":"shipping-taxable","15":"purchasable","16":"product-type-simple"},"jetpack_sharing_enabled":true,"_links":{"self":[{"href":"https:\/\/familycancat.com\/en\/wp-json\/wp\/v2\/product\/5755","targetHints":{"allow":["GET"]}}],"collection":[{"href":"https:\/\/familycancat.com\/en\/wp-json\/wp\/v2\/product"}],"about":[{"href":"https:\/\/familycancat.com\/en\/wp-json\/wp\/v2\/types\/product"}],"version-history":[{"count":2,"href":"https:\/\/familycancat.com\/en\/wp-json\/wp\/v2\/product\/5755\/revisions"}],"predecessor-version":[{"id":7263,"href":"https:\/\/familycancat.com\/en\/wp-json\/wp\/v2\/product\/5755\/revisions\/7263"}],"wp:featuredmedia":[{"embeddable":true,"href":"https:\/\/familycancat.com\/en\/wp-json\/wp\/v2\/media\/7262"}],"wp:attachment":[{"href":"https:\/\/familycancat.com\/en\/wp-json\/wp\/v2\/media?parent=5755"}],"wp:term":[{"taxonomy":"brand","embeddable":true,"href":"https:\/\/familycancat.com\/en\/wp-json\/wp\/v2\/etheme_brands?post=5755"},{"taxonomy":"product_cat","embeddable":true,"href":"https:\/\/familycancat.com\/en\/wp-json\/wp\/v2\/product_cat?post=5755"},{"taxonomy":"product_tag","embeddable":true,"href":"https:\/\/familycancat.com\/en\/wp-json\/wp\/v2\/product_tag?post=5755"}],"curies":[{"name":"wp","href":"https:\/\/api.w.org\/{rel}","templated":true}]}}