{"id":5735,"date":"2024-12-20T07:50:37","date_gmt":"2024-12-20T06:50:37","guid":{"rendered":"https:\/\/familycancat.com\/producto\/ng-cordero-con-papaya-arandanos-y-romero-400gr\/"},"modified":"2026-04-01T18:31:23","modified_gmt":"2026-04-01T17:31:23","slug":"ng-cordero-con-papaya-arandanos-y-romero-400gr","status":"publish","type":"product","link":"https:\/\/familycancat.com\/en\/product\/ng-cordero-con-papaya-arandanos-y-romero-400gr\/","title":{"rendered":"Natural Greatness Lata Cordero Papaya Ar\u00e1ndanos Romero 400gr"},"content":{"rendered":"<div><strong>Natural Greatness Lata Cordero Papaya Ar\u00e1ndanos Romero<\/strong><\/div>\n<div><\/div>\n<div>Alimento completo para perros formulado sin conservantes, saborizantes ni solorantes artificiales. La receta Cordero con papaya, ar\u00e1ndanos y romero contiene como \u00fanica fuente de prote\u00edna la carne de cordero.<br \/>\nAr\u00e1ndanos: Los ar\u00e1ndanos son la baya m\u00e1s com\u00fan usada para luchar contra las infecciones del tracto urinario en los seres humanos, y lo mismo se aplica a los compa\u00f1eros caninos. Previenen y controlan las infecciones del tracto urinario mediante la reducci\u00f3n del pH de la orina del perro.<br \/>\nPapaya: Rica en fibra que ayuda a tratar problemas digestivos tales como la hinchaz\u00f3n y las flatulencias. Adem\u00e1s de la fibra, la papaya tambi\u00e9n contiene vitaminas K, E, A y C, \u00e1cido f\u00f3lico y potasio.<br \/>\nRomero: Esta hierba es alta en hierro, calcio y vitamina B6. El romero tambi\u00e9n se ha demostrado que act\u00faa como un antioxidante.\u00bb<\/div>\n<div>\n<p><strong>Composici\u00f3n:<\/strong><\/p>\n<p>Cordero (carne, coraz\u00f3n, h\u00edgado, tripas y pulmones) (65 %), Caldo (28,8 %), Papaya (3 %), Ar\u00e1ndanos (2 %), Minerales (1 %), Romero (0,1 %) y Aceite de salm\u00f3n (0,1 %).<\/p>\n<p>&nbsp;<\/p>\n<p><strong>Analisis Nutricional<\/strong><\/p>\n<p>Prote\u00edna bruta 10,7 %, Fibras 0,4 %, Grasa 7,1 %, Ceniza 2,2 % y Humedad 75 %.<\/p>\n<\/div>","protected":false},"excerpt":{"rendered":"<p>Natural Greatness Lata Cordero Papaya Ar\u00e1ndanos Romero Alimento completo para perros formulado sin conservantes, saborizantes ni solorantes artificiales. La receta Cordero con papaya, ar\u00e1ndanos y&#8230;<\/p>","protected":false},"featured_media":7973,"template":"","meta":[],"etheme_brands":[{"term_id":101,"name":"NATURAL GREATNESS","slug":"natural-greatness","term_group":0,"term_taxonomy_id":101,"taxonomy":"brand","description":"","parent":0,"count":73,"filter":"raw"}],"product_cat":[96],"product_tag":[],"class_list":{"0":"post-5735","1":"product","2":"type-product","3":"status-publish","4":"has-post-thumbnail","6":"brand-natural-greatness","7":"product_cat-todos-los-productos","9":"first","10":"instock","11":"taxable","12":"shipping-taxable","13":"purchasable","14":"product-type-simple"},"jetpack_sharing_enabled":true,"_links":{"self":[{"href":"https:\/\/familycancat.com\/en\/wp-json\/wp\/v2\/product\/5735","targetHints":{"allow":["GET"]}}],"collection":[{"href":"https:\/\/familycancat.com\/en\/wp-json\/wp\/v2\/product"}],"about":[{"href":"https:\/\/familycancat.com\/en\/wp-json\/wp\/v2\/types\/product"}],"version-history":[{"count":1,"href":"https:\/\/familycancat.com\/en\/wp-json\/wp\/v2\/product\/5735\/revisions"}],"predecessor-version":[{"id":7974,"href":"https:\/\/familycancat.com\/en\/wp-json\/wp\/v2\/product\/5735\/revisions\/7974"}],"wp:featuredmedia":[{"embeddable":true,"href":"https:\/\/familycancat.com\/en\/wp-json\/wp\/v2\/media\/7973"}],"wp:attachment":[{"href":"https:\/\/familycancat.com\/en\/wp-json\/wp\/v2\/media?parent=5735"}],"wp:term":[{"taxonomy":"brand","embeddable":true,"href":"https:\/\/familycancat.com\/en\/wp-json\/wp\/v2\/etheme_brands?post=5735"},{"taxonomy":"product_cat","embeddable":true,"href":"https:\/\/familycancat.com\/en\/wp-json\/wp\/v2\/product_cat?post=5735"},{"taxonomy":"product_tag","embeddable":true,"href":"https:\/\/familycancat.com\/en\/wp-json\/wp\/v2\/product_tag?post=5735"}],"curies":[{"name":"wp","href":"https:\/\/api.w.org\/{rel}","templated":true}]}}