{"id":5720,"date":"2024-12-20T07:50:37","date_gmt":"2024-12-20T06:50:37","guid":{"rendered":"https:\/\/familycancat.com\/producto\/vet-life-lata-cat-renal-85gr\/"},"modified":"2026-03-09T18:31:49","modified_gmt":"2026-03-09T17:31:49","slug":"vet-life-lata-cat-renal-85gr","status":"publish","type":"product","link":"https:\/\/familycancat.com\/en\/product\/vet-life-lata-cat-renal-85gr\/","title":{"rendered":"Farmina Vet Life Cat Renal 85 Gr"},"content":{"rendered":"<p>Insuficiencia renal cr\u00f3nica o temporal; coadyuvante para el tratamiento de la insuficiencia cardiaca congestiva.<br \/>\nFarmina Vet Life Renal es un alimento diet\u00e9tico completo formulado para el soporte de la funci\u00f3n renal en gatos con insuficiencia renal temporal o cr\u00f3nica. Presenta bajas concentraciones de f\u00f3sforo y moderado contenido en prote\u00ednas, pero prote\u00ednas de muy alta calidad.<\/p>","protected":false},"excerpt":{"rendered":"<p><span class=\"titoletto\">COMPOSICI\u00d3N<\/span><\/p>\n<p class=\"comp\">Carne de pollo, batata, prote\u00ednas de pescado hidrolizadas, aceite de pescado, h\u00edgados de pollo, pescado (sardina), grasa animal (pollo), semillas de quinoa, yema l\u00edquida de huevo, carbonato de calcio, fibra de guisante, fructooligosac\u00e1rido, cloruro de potasio, cloruro de sodio, c\u00e1scaras y semillas de psyllium, Yucca schidigera, levadura seca de cerveza, glucosamina.<\/p>","protected":false},"featured_media":7133,"template":"","meta":[],"etheme_brands":[{"term_id":99,"name":"FARMINA","slug":"farmina","term_group":0,"term_taxonomy_id":99,"taxonomy":"brand","description":"","parent":0,"count":127,"filter":"raw"}],"product_cat":[96,20,89],"product_tag":[],"class_list":{"0":"post-5720","1":"product","2":"type-product","3":"status-publish","4":"has-post-thumbnail","6":"brand-farmina","7":"product_cat-todos-los-productos","8":"product_cat-perros","9":"product_cat-comida-humeda-para-perros","11":"first","12":"instock","13":"taxable","14":"shipping-taxable","15":"purchasable","16":"product-type-simple"},"jetpack_sharing_enabled":true,"_links":{"self":[{"href":"https:\/\/familycancat.com\/en\/wp-json\/wp\/v2\/product\/5720","targetHints":{"allow":["GET"]}}],"collection":[{"href":"https:\/\/familycancat.com\/en\/wp-json\/wp\/v2\/product"}],"about":[{"href":"https:\/\/familycancat.com\/en\/wp-json\/wp\/v2\/types\/product"}],"version-history":[{"count":2,"href":"https:\/\/familycancat.com\/en\/wp-json\/wp\/v2\/product\/5720\/revisions"}],"predecessor-version":[{"id":7134,"href":"https:\/\/familycancat.com\/en\/wp-json\/wp\/v2\/product\/5720\/revisions\/7134"}],"wp:featuredmedia":[{"embeddable":true,"href":"https:\/\/familycancat.com\/en\/wp-json\/wp\/v2\/media\/7133"}],"wp:attachment":[{"href":"https:\/\/familycancat.com\/en\/wp-json\/wp\/v2\/media?parent=5720"}],"wp:term":[{"taxonomy":"brand","embeddable":true,"href":"https:\/\/familycancat.com\/en\/wp-json\/wp\/v2\/etheme_brands?post=5720"},{"taxonomy":"product_cat","embeddable":true,"href":"https:\/\/familycancat.com\/en\/wp-json\/wp\/v2\/product_cat?post=5720"},{"taxonomy":"product_tag","embeddable":true,"href":"https:\/\/familycancat.com\/en\/wp-json\/wp\/v2\/product_tag?post=5720"}],"curies":[{"name":"wp","href":"https:\/\/api.w.org\/{rel}","templated":true}]}}