{"id":5719,"date":"2024-12-20T07:50:37","date_gmt":"2024-12-20T06:50:37","guid":{"rendered":"https:\/\/familycancat.com\/producto\/vet-life-lata-dog-renal-300gr\/"},"modified":"2026-04-10T12:28:49","modified_gmt":"2026-04-10T11:28:49","slug":"vet-life-lata-dog-renal-300gr","status":"publish","type":"product","link":"https:\/\/familycancat.com\/en\/product\/vet-life-lata-dog-renal-300gr\/","title":{"rendered":"Farmina Vet Life Dog Renal 300 Gr"},"content":{"rendered":"","protected":false},"excerpt":{"rendered":"<p>Insuficiencia renal cr\u00f3nica o temporal; coadyuvante para el tratamiento de la insuficiencia cardiaca congestiva.<br \/>\nFarmina Vet Life Renal es un alimento diet\u00e9tico completo formulado para el soporte de la funci\u00f3n renal en perros con insuficiencia renal temporal o cr\u00f3nica.<\/p>","protected":false},"featured_media":7163,"template":"","meta":[],"etheme_brands":[{"term_id":99,"name":"FARMINA","slug":"farmina","term_group":0,"term_taxonomy_id":99,"taxonomy":"brand","description":"","parent":0,"count":127,"filter":"raw"}],"product_cat":[96,20,89],"product_tag":[],"class_list":{"0":"post-5719","1":"product","2":"type-product","3":"status-publish","4":"has-post-thumbnail","6":"brand-farmina","7":"product_cat-todos-los-productos","8":"product_cat-perros","9":"product_cat-comida-humeda-para-perros","11":"first","12":"instock","13":"taxable","14":"shipping-taxable","15":"purchasable","16":"product-type-simple"},"jetpack_sharing_enabled":true,"_links":{"self":[{"href":"https:\/\/familycancat.com\/en\/wp-json\/wp\/v2\/product\/5719","targetHints":{"allow":["GET"]}}],"collection":[{"href":"https:\/\/familycancat.com\/en\/wp-json\/wp\/v2\/product"}],"about":[{"href":"https:\/\/familycancat.com\/en\/wp-json\/wp\/v2\/types\/product"}],"version-history":[{"count":2,"href":"https:\/\/familycancat.com\/en\/wp-json\/wp\/v2\/product\/5719\/revisions"}],"predecessor-version":[{"id":7164,"href":"https:\/\/familycancat.com\/en\/wp-json\/wp\/v2\/product\/5719\/revisions\/7164"}],"wp:featuredmedia":[{"embeddable":true,"href":"https:\/\/familycancat.com\/en\/wp-json\/wp\/v2\/media\/7163"}],"wp:attachment":[{"href":"https:\/\/familycancat.com\/en\/wp-json\/wp\/v2\/media?parent=5719"}],"wp:term":[{"taxonomy":"brand","embeddable":true,"href":"https:\/\/familycancat.com\/en\/wp-json\/wp\/v2\/etheme_brands?post=5719"},{"taxonomy":"product_cat","embeddable":true,"href":"https:\/\/familycancat.com\/en\/wp-json\/wp\/v2\/product_cat?post=5719"},{"taxonomy":"product_tag","embeddable":true,"href":"https:\/\/familycancat.com\/en\/wp-json\/wp\/v2\/product_tag?post=5719"}],"curies":[{"name":"wp","href":"https:\/\/api.w.org\/{rel}","templated":true}]}}