{"id":5718,"date":"2024-12-20T07:50:37","date_gmt":"2024-12-20T06:50:37","guid":{"rendered":"https:\/\/familycancat.com\/producto\/vet-life-lata-dog-gastrointestinal-300gr\/"},"modified":"2026-02-24T18:01:30","modified_gmt":"2026-02-24T17:01:30","slug":"vet-life-lata-dog-gastrointestinal-300gr","status":"publish","type":"product","link":"https:\/\/familycancat.com\/en\/product\/vet-life-lata-dog-gastrointestinal-300gr\/","title":{"rendered":"Farmina Vet Life Dog Gastrointestinal 300 Gr"},"content":{"rendered":"","protected":false},"excerpt":{"rendered":"<p>Farmina Vet Life Gastrointestinal es un alimento diet\u00e9tico completo formulado para la reducci\u00f3n de los trastornos agudos de la absorci\u00f3n intestinal, para la compensaci\u00f3n de la mala digesti\u00f3n y la insuficiencia pancre\u00e1tica exocrina en perros.<\/p>","protected":false},"featured_media":7160,"template":"","meta":[],"etheme_brands":[{"term_id":99,"name":"FARMINA","slug":"farmina","term_group":0,"term_taxonomy_id":99,"taxonomy":"brand","description":"","parent":0,"count":127,"filter":"raw"}],"product_cat":[96,20,89],"product_tag":[],"class_list":{"0":"post-5718","1":"product","2":"type-product","3":"status-publish","4":"has-post-thumbnail","6":"brand-farmina","7":"product_cat-todos-los-productos","8":"product_cat-perros","9":"product_cat-comida-humeda-para-perros","11":"first","12":"instock","13":"taxable","14":"shipping-taxable","15":"purchasable","16":"product-type-simple"},"jetpack_sharing_enabled":true,"_links":{"self":[{"href":"https:\/\/familycancat.com\/en\/wp-json\/wp\/v2\/product\/5718","targetHints":{"allow":["GET"]}}],"collection":[{"href":"https:\/\/familycancat.com\/en\/wp-json\/wp\/v2\/product"}],"about":[{"href":"https:\/\/familycancat.com\/en\/wp-json\/wp\/v2\/types\/product"}],"version-history":[{"count":2,"href":"https:\/\/familycancat.com\/en\/wp-json\/wp\/v2\/product\/5718\/revisions"}],"predecessor-version":[{"id":7161,"href":"https:\/\/familycancat.com\/en\/wp-json\/wp\/v2\/product\/5718\/revisions\/7161"}],"wp:featuredmedia":[{"embeddable":true,"href":"https:\/\/familycancat.com\/en\/wp-json\/wp\/v2\/media\/7160"}],"wp:attachment":[{"href":"https:\/\/familycancat.com\/en\/wp-json\/wp\/v2\/media?parent=5718"}],"wp:term":[{"taxonomy":"brand","embeddable":true,"href":"https:\/\/familycancat.com\/en\/wp-json\/wp\/v2\/etheme_brands?post=5718"},{"taxonomy":"product_cat","embeddable":true,"href":"https:\/\/familycancat.com\/en\/wp-json\/wp\/v2\/product_cat?post=5718"},{"taxonomy":"product_tag","embeddable":true,"href":"https:\/\/familycancat.com\/en\/wp-json\/wp\/v2\/product_tag?post=5718"}],"curies":[{"name":"wp","href":"https:\/\/api.w.org\/{rel}","templated":true}]}}