{"id":5668,"date":"2024-12-20T07:50:34","date_gmt":"2024-12-20T06:50:34","guid":{"rendered":"https:\/\/familycancat.com\/producto\/familycan-mini-salmon-con-trucha-2kg\/"},"modified":"2026-03-23T13:15:09","modified_gmt":"2026-03-23T12:15:09","slug":"familycan-mini-salmon-con-trucha-2kg","status":"publish","type":"product","link":"https:\/\/familycancat.com\/en\/product\/familycan-mini-salmon-con-trucha-2kg\/","title":{"rendered":"FamilyCan Salm\u00f3n con Trucha, Boniato y Esp\u00e1rragos Raza Peque\u00f1a 2KG"},"content":{"rendered":"<p><strong>SALMO\u0301N Y TRUCHA PREPARADO FRESCO<\/strong><\/p>\n<div class=\"page\" title=\"Page 1\">\n<div class=\"section\">\n<div class=\"layoutArea\">\n<div class=\"column\">\n<p>El mejor salmo\u0301n y trucha recie\u0301n preparado se cocina a una temperatura suave de 82 grados para proteger las valiosas protei\u0301nas, aumentar la digestibilidad y potenciar los sabores.<\/p>\n<p>El Salmo\u0301n es naturalmente rico en a\u0301cidos grasos esenciales Omega 3 que tienen propiedades antiinflamatorias y ayudan a mantener la salud de la piel, el pelaje y las articulaciones.<\/p>\n<div class=\"page\" title=\"Page 1\">\n<div class=\"section\">\n<div class=\"layoutArea\">\n<div class=\"column\">\n<p><strong>ESPA\u0301RRAGOS<\/strong><\/p>\n<div class=\"page\" title=\"Page 1\">\n<div class=\"section\">\n<div class=\"layoutArea\">\n<div class=\"column\">\n<p>Los Espa\u0301rragos son ricos en vitaminas A, C y K y a\u0301cido fo\u0301lico los cuales contribuyen a la salud y el bienestar general.<\/p>\n<div class=\"page\" title=\"Page 1\">\n<div class=\"section\">\n<div class=\"layoutArea\">\n<div class=\"column\">\n<p><strong>53% TOTAL DE SALMO\u0301N Y TRUCHA<\/strong><\/p>\n<div class=\"page\" title=\"Page 1\">\n<div class=\"section\">\n<div class=\"layoutArea\">\n<div class=\"column\">\n<p>Rico en aminoa\u0301cidos, vitaminas y minerales, el Salmo\u0301n y la Trucha son una deliciosa fuente de protei\u0301nas bajas en grasa.<\/p>\n<div class=\"page\" title=\"Page 1\">\n<div class=\"section\">\n<div class=\"layoutArea\">\n<div class=\"column\">\n<p><strong>MI\u0301NIMO DE 26% DE SALMO\u0301N Y TRUCHA PREPARADOS FRESCOS<\/strong><\/p>\n<div class=\"page\" title=\"Page 1\">\n<div class=\"section\">\n<div class=\"layoutArea\">\n<div class=\"column\">\n<p>Una fuente de protei\u0301nas de origen responsable y altamente digestible.<\/p>\n<div class=\"page\" title=\"Page 1\">\n<div class=\"section\">\n<div class=\"layoutArea\">\n<div class=\"column\">\n<p><strong>SWEET POTATO<\/strong><\/p>\n<div class=\"page\" title=\"Page 1\">\n<div class=\"section\">\n<div class=\"layoutArea\">\n<div class=\"column\">\n<p>Adema\u0301s de ser una excelente alternativa a los cereales, el Boniato es un carbohidrato complejo rico en vitamina B<\/p>\n<div class=\"page\" title=\"Page 1\">\n<div class=\"section\">\n<div class=\"layoutArea\">\n<div class=\"column\">\n<p><strong>ADDED OMEGA 3 SUPPLEMENT<\/strong><\/p>\n<div class=\"page\" title=\"Page 1\">\n<div class=\"section\">\n<div class=\"layoutArea\">\n<div class=\"column\">\n<p>Ayuda a mantener la piel y el pelaje sanos.<\/p>\n<div class=\"page\" title=\"Page 1\">\n<div class=\"section\">\n<div class=\"layoutArea\">\n<div class=\"column\">\n<p><strong>SALUD DIGESTIVA<\/strong><\/p>\n<div class=\"page\" title=\"Page 1\">\n<div class=\"section\">\n<div class=\"layoutArea\">\n<div class=\"column\">\n<p>Prebio\u0301ticos MOS y FOS los cuales pueden fomentar el crecimiento saludable de las bacterias intestinales y ayudan a una buena digestio\u0301n.<\/p>\n<div class=\"page\" title=\"Page 1\">\n<div class=\"section\">\n<div class=\"layoutArea\">\n<div class=\"column\">\n<p><strong>NO ADDED PRESERVATIVES OR COLORINGS<\/strong><\/p>\n<div class=\"page\" title=\"Page 1\">\n<div class=\"section\">\n<div class=\"layoutArea\">\n<div class=\"column\">\n<p>Naturally preserved with rosemary extract.<\/p>\n<div class=\"page\" title=\"Page 2\">\n<div class=\"section\">\n<div class=\"layoutArea\">\n<div class=\"column\">\n<p><strong>COMPOSITION<\/strong><\/p>\n<div class=\"page\" title=\"Page 2\">\n<div class=\"section\">\n<div class=\"layoutArea\">\n<div class=\"column\">\n<p>Salmo\u0301n y Trucha 53% (incluyendo Salmo\u0301n y Trucha Preparados Frescos 27%, Salmo\u0301n Deshidratado 20%, Aceite de Salmo\u0301n 4% Caldo de Salmo\u0301n 2%), Boniato (22%), Guisantes (9%), Patata, Pulpa de Remolacha, Semillas de Lino, Minerales, Suplemento de Omega 3, Espa\u0301rragos (0,3%), Fructooligosaca\u0301rido (FOS, 96 mg\/kg), Mannanoligosaca\u0301ridos (MOS, 24 mg\/kg)<\/p>\n<div class=\"page\" title=\"Page 2\">\n<div class=\"section\">\n<div class=\"layoutArea\">\n<div class=\"column\">\n<p><strong>ANALYTICAL CONSTITUENTS<\/strong><\/p>\n<div class=\"page\" title=\"Page 2\">\n<div class=\"section\">\n<div class=\"layoutArea\">\n<div class=\"column\">Protei\u0301na Bruta &#8230;&#8230;&#8230;&#8230;&#8230; 27%<br \/>\nCrude Fat \u2026\u2026\u2026\u2026\u2026\u2026 15%<br \/>\nFibra Bruta &#8230;&#8230;&#8230;&#8230;&#8230;&#8230;.. 3%<br \/>\nCeniza Bruta &#8230;&#8230;&#8230;&#8230;&#8230;&#8230; 8%<br \/>\nHumidity \u2026\u2026\u2026\u2026\u2026\u2026\u2026.. 8%<br \/>\nNFE &#8230;&#8230;&#8230;&#8230;&#8230;&#8230;&#8230;&#8230;&#8230;&#8230;. 39%<br \/>\nEnergi\u0301a Metabolizable &#8230;. 376 kcal\/100g<\/div>\n<div class=\"column\">A\u0301cidos Grasos Omega 6 .. 1,1%<\/div>\n<div class=\"column\">A\u0301cidos Grasos Omega 3 .. 3,5%<\/div>\n<div class=\"column\">Calcio &#8230;&#8230;&#8230;&#8230;&#8230;&#8230;&#8230;&#8230;&#8230;. 1,6%<\/div>\n<div class=\"column\">Fo\u0301sforo &#8230;&#8230;&#8230;&#8230;&#8230;&#8230;&#8230;&#8230;&#8230; 1,5%<\/div>\n<div>\n<div class=\"page\" title=\"Page 2\">\n<div class=\"section\">\n<div class=\"layoutArea\">\n<div class=\"column\">\n<p><strong>ADITIVOS NUTRICIONALES POR KG:<\/strong><\/p>\n<div class=\"page\" title=\"Page 2\">\n<div class=\"section\">\n<div class=\"layoutArea\">\n<div class=\"column\">\n<p><strong>Vitaminas:<\/strong> Vitamina A 15.000 UI, Vitamina D3 2.000 UI, Vitamina E 95 UI<\/p>\n<p><strong>Oligoelementos:<\/strong> Zinc (Sulfato Monohidratado de Zinc) 50 mg, Hierro (Hierro (II) Sulfato Monohidratado) 50 mg, Manganeso (Sulfato de Manganeso Monohidratado) 35 mg, Yodo (Yodato de Calcio Anhidro) 1 mg<\/p>\n<\/div>\n<\/div>\n<\/div>\n<\/div>\n<\/div>\n<\/div>\n<\/div>\n<\/div>\n<\/div>\n<\/div>\n<\/div>\n<\/div>\n<\/div>\n<\/div>\n<\/div>\n<\/div>\n<\/div>\n<\/div>\n<\/div>\n<\/div>\n<\/div>\n<\/div>\n<\/div>\n<\/div>\n<\/div>\n<\/div>\n<\/div>\n<\/div>\n<\/div>\n<\/div>\n<\/div>\n<\/div>\n<\/div>\n<\/div>\n<\/div>\n<\/div>\n<\/div>\n<\/div>\n<\/div>\n<\/div>\n<\/div>\n<\/div>\n<\/div>\n<\/div>\n<\/div>\n<\/div>\n<\/div>\n<\/div>\n<\/div>\n<\/div>\n<\/div>\n<\/div>\n<\/div>\n<\/div>\n<\/div>\n<\/div>\n<\/div>\n<\/div>\n<\/div>\n<\/div>\n<\/div>\n<\/div>\n<\/div>\n<\/div>\n<\/div>\n<\/div>\n<\/div>\n<\/div>\n<\/div>\n<\/div>\n<\/div>\n<\/div>\n<\/div>\n<\/div>\n<\/div>\n<\/div>\n<\/div>\n<\/div>\n<\/div>\n<\/div>\n<\/div>\n<\/div>\n<\/div>\n<\/div>","protected":false},"excerpt":{"rendered":"<p><strong>SALMO\u0301N Y TRUCHA PREPARADO FRESCO<\/strong><\/p>\n<div class=\"page\" title=\"Page 1\">\n<div class=\"section\">\n<div class=\"layoutArea\">\n<div class=\"column\">\n<p>El mejor salmo\u0301n y trucha recie\u0301n preparado se cocina a una temperatura suave de 82 grados para proteger las valiosas protei\u0301nas, aumentar la digestibilidad y potenciar los sabores.<\/p>\n<\/div>\n<\/div>\n<\/div>\n<\/div>","protected":false},"featured_media":7607,"template":"","meta":[],"etheme_brands":[{"term_id":100,"name":"FAMILYCAN","slug":"familycan","term_group":0,"term_taxonomy_id":100,"taxonomy":"brand","description":"","parent":0,"count":67,"filter":"raw"}],"product_cat":[96,20,88,131],"product_tag":[],"class_list":{"0":"post-5668","1":"product","2":"type-product","3":"status-publish","4":"has-post-thumbnail","6":"brand-familycan","7":"product_cat-todos-los-productos","8":"product_cat-perros","9":"product_cat-pienso-para-perros","10":"product_cat-pienso-perro-adulto-raza-mini","12":"first","13":"instock","14":"taxable","15":"shipping-taxable","16":"purchasable","17":"product-type-simple"},"jetpack_sharing_enabled":true,"_links":{"self":[{"href":"https:\/\/familycancat.com\/en\/wp-json\/wp\/v2\/product\/5668","targetHints":{"allow":["GET"]}}],"collection":[{"href":"https:\/\/familycancat.com\/en\/wp-json\/wp\/v2\/product"}],"about":[{"href":"https:\/\/familycancat.com\/en\/wp-json\/wp\/v2\/types\/product"}],"version-history":[{"count":2,"href":"https:\/\/familycancat.com\/en\/wp-json\/wp\/v2\/product\/5668\/revisions"}],"predecessor-version":[{"id":7679,"href":"https:\/\/familycancat.com\/en\/wp-json\/wp\/v2\/product\/5668\/revisions\/7679"}],"wp:featuredmedia":[{"embeddable":true,"href":"https:\/\/familycancat.com\/en\/wp-json\/wp\/v2\/media\/7607"}],"wp:attachment":[{"href":"https:\/\/familycancat.com\/en\/wp-json\/wp\/v2\/media?parent=5668"}],"wp:term":[{"taxonomy":"brand","embeddable":true,"href":"https:\/\/familycancat.com\/en\/wp-json\/wp\/v2\/etheme_brands?post=5668"},{"taxonomy":"product_cat","embeddable":true,"href":"https:\/\/familycancat.com\/en\/wp-json\/wp\/v2\/product_cat?post=5668"},{"taxonomy":"product_tag","embeddable":true,"href":"https:\/\/familycancat.com\/en\/wp-json\/wp\/v2\/product_tag?post=5668"}],"curies":[{"name":"wp","href":"https:\/\/api.w.org\/{rel}","templated":true}]}}