{"id":5666,"date":"2024-12-20T07:50:34","date_gmt":"2024-12-20T06:50:34","guid":{"rendered":"https:\/\/familycancat.com\/producto\/vet-life-lata-cat-gastrointestinal-85gr\/"},"modified":"2026-03-31T18:28:09","modified_gmt":"2026-03-31T17:28:09","slug":"vet-life-lata-cat-gastrointestinal-85gr","status":"publish","type":"product","link":"https:\/\/familycancat.com\/en\/product\/vet-life-lata-cat-gastrointestinal-85gr\/","title":{"rendered":"Farmina Vet Life Cat Gastrointestinal 85 Gr"},"content":{"rendered":"<p>nsuficiencia renal cr\u00f3nica o temporal; coadyuvante para el tratamiento de la insuficiencia cardiaca congestiva.<br \/>\nFarmina Vet Life Renal es un alimento diet\u00e9tico completo formulado para el soporte de la funci\u00f3n renal en gatos con insuficiencia renal temporal o cr\u00f3nica. Presenta bajas concentraciones de f\u00f3sforo y moderado contenido en prote\u00ednas, pero prote\u00ednas de muy alta calidad.<\/p>","protected":false},"excerpt":{"rendered":"<p>Farmina Vet Life Gastrointestinal es un alimento diet\u00e9tico completo formulado para la reducci\u00f3n de los trastornos agudos de la absorci\u00f3n intestinal en gatos.<\/p>","protected":false},"featured_media":7173,"template":"","meta":[],"etheme_brands":[{"term_id":99,"name":"FARMINA","slug":"farmina","term_group":0,"term_taxonomy_id":99,"taxonomy":"brand","description":"","parent":0,"count":127,"filter":"raw"}],"product_cat":[96,25,83],"product_tag":[],"class_list":{"0":"post-5666","1":"product","2":"type-product","3":"status-publish","4":"has-post-thumbnail","6":"brand-farmina","7":"product_cat-todos-los-productos","8":"product_cat-gatos","9":"product_cat-comida-humeda-para-gatos","11":"first","12":"instock","13":"taxable","14":"shipping-taxable","15":"purchasable","16":"product-type-simple"},"jetpack_sharing_enabled":true,"_links":{"self":[{"href":"https:\/\/familycancat.com\/en\/wp-json\/wp\/v2\/product\/5666","targetHints":{"allow":["GET"]}}],"collection":[{"href":"https:\/\/familycancat.com\/en\/wp-json\/wp\/v2\/product"}],"about":[{"href":"https:\/\/familycancat.com\/en\/wp-json\/wp\/v2\/types\/product"}],"version-history":[{"count":2,"href":"https:\/\/familycancat.com\/en\/wp-json\/wp\/v2\/product\/5666\/revisions"}],"predecessor-version":[{"id":7174,"href":"https:\/\/familycancat.com\/en\/wp-json\/wp\/v2\/product\/5666\/revisions\/7174"}],"wp:featuredmedia":[{"embeddable":true,"href":"https:\/\/familycancat.com\/en\/wp-json\/wp\/v2\/media\/7173"}],"wp:attachment":[{"href":"https:\/\/familycancat.com\/en\/wp-json\/wp\/v2\/media?parent=5666"}],"wp:term":[{"taxonomy":"brand","embeddable":true,"href":"https:\/\/familycancat.com\/en\/wp-json\/wp\/v2\/etheme_brands?post=5666"},{"taxonomy":"product_cat","embeddable":true,"href":"https:\/\/familycancat.com\/en\/wp-json\/wp\/v2\/product_cat?post=5666"},{"taxonomy":"product_tag","embeddable":true,"href":"https:\/\/familycancat.com\/en\/wp-json\/wp\/v2\/product_tag?post=5666"}],"curies":[{"name":"wp","href":"https:\/\/api.w.org\/{rel}","templated":true}]}}