{"id":5664,"date":"2024-12-20T07:50:34","date_gmt":"2024-12-20T06:50:34","guid":{"rendered":"https:\/\/familycancat.com\/producto\/vet-life-lata-cat-struvite-85gr\/"},"modified":"2026-03-23T12:57:07","modified_gmt":"2026-03-23T11:57:07","slug":"vet-life-lata-cat-struvite-85gr","status":"publish","type":"product","link":"https:\/\/familycancat.com\/en\/product\/vet-life-lata-cat-struvite-85gr\/","title":{"rendered":"Farmina Vet Life Cat Struvite 85 Gr"},"content":{"rendered":"<p>Alimento h\u00famedo para la disoluci\u00f3n de los c\u00e1lculos de estruvita y reducci\u00f3n de las recidivas de los c\u00e1lculos de estruvita. Acidificaci\u00f3n urinaria.<br \/>\nFarmina Vet Life Struvite es un alimento diet\u00e9tico completo formulado para la disoluci\u00f3n de c\u00e1lculos de estruvita y reducir la aparici\u00f3n de recidivas de los c\u00e1lculos de estruvita en gatos.<\/p>\n<p><span class=\"titoletto\">COMPOSICI\u00d3N<\/span><\/p>\n<p class=\"comp\">Carne de pollo, patata, prote\u00edna de pescado hidrolizada, pescado (sardina y at\u00fan), h\u00edgado de pollo, huevo entero deshidratado, aceite de pescado, grasa animal (de pollo), quinoa, cloruro pot\u00e1sico, cloruro de socio, fibra de guisante, fructo-oligosac\u00e1ridos, extracto de levadura (fuente de manano-oligosac\u00e1ridos), levadura de cerveza deshidratada. Acidificante urinario: sulfato c\u00e1lcico dihidrato (4.5g\/kg).<\/p>","protected":false},"excerpt":{"rendered":"<p>Alimento h\u00famedo para la disoluci\u00f3n de los c\u00e1lculos de estruvita y reducci\u00f3n de las recidivas de los c\u00e1lculos de estruvita. Acidificaci\u00f3n urinaria. Farmina Vet Life&#8230;<\/p>","protected":false},"featured_media":7136,"template":"","meta":[],"etheme_brands":[{"term_id":99,"name":"FARMINA","slug":"farmina","term_group":0,"term_taxonomy_id":99,"taxonomy":"brand","description":"","parent":0,"count":127,"filter":"raw"}],"product_cat":[96,25,83],"product_tag":[],"class_list":{"0":"post-5664","1":"product","2":"type-product","3":"status-publish","4":"has-post-thumbnail","6":"brand-farmina","7":"product_cat-todos-los-productos","8":"product_cat-gatos","9":"product_cat-comida-humeda-para-gatos","11":"first","12":"instock","13":"taxable","14":"shipping-taxable","15":"purchasable","16":"product-type-simple"},"jetpack_sharing_enabled":true,"_links":{"self":[{"href":"https:\/\/familycancat.com\/en\/wp-json\/wp\/v2\/product\/5664","targetHints":{"allow":["GET"]}}],"collection":[{"href":"https:\/\/familycancat.com\/en\/wp-json\/wp\/v2\/product"}],"about":[{"href":"https:\/\/familycancat.com\/en\/wp-json\/wp\/v2\/types\/product"}],"version-history":[{"count":2,"href":"https:\/\/familycancat.com\/en\/wp-json\/wp\/v2\/product\/5664\/revisions"}],"predecessor-version":[{"id":7137,"href":"https:\/\/familycancat.com\/en\/wp-json\/wp\/v2\/product\/5664\/revisions\/7137"}],"wp:featuredmedia":[{"embeddable":true,"href":"https:\/\/familycancat.com\/en\/wp-json\/wp\/v2\/media\/7136"}],"wp:attachment":[{"href":"https:\/\/familycancat.com\/en\/wp-json\/wp\/v2\/media?parent=5664"}],"wp:term":[{"taxonomy":"brand","embeddable":true,"href":"https:\/\/familycancat.com\/en\/wp-json\/wp\/v2\/etheme_brands?post=5664"},{"taxonomy":"product_cat","embeddable":true,"href":"https:\/\/familycancat.com\/en\/wp-json\/wp\/v2\/product_cat?post=5664"},{"taxonomy":"product_tag","embeddable":true,"href":"https:\/\/familycancat.com\/en\/wp-json\/wp\/v2\/product_tag?post=5664"}],"curies":[{"name":"wp","href":"https:\/\/api.w.org\/{rel}","templated":true}]}}