{"id":5648,"date":"2024-12-20T07:50:33","date_gmt":"2024-12-20T06:50:33","guid":{"rendered":"https:\/\/familycancat.com\/producto\/ng-urinary-struvite-6kg\/"},"modified":"2026-03-25T12:01:11","modified_gmt":"2026-03-25T11:01:11","slug":"ng-urinary-struvite-6kg","status":"publish","type":"product","link":"https:\/\/familycancat.com\/en\/product\/ng-urinary-struvite-6kg\/","title":{"rendered":"Natural Greatness Vet Dog Urinary-Struvite 6 kg"},"content":{"rendered":"<h3 class=\"section-title\">Descripci\u00f3n<\/h3>\n<div id=\"description\" class=\"info_content\" aria-labelledby=\"description-info\">\n<div class=\"product-description\">\n<p>Natural Greatness Urinary Struvite tambi\u00e9n posee un contenido reducido en sodio, potasio y calcio para apoyar el buen funcionamiento del aparato urinario. Adem\u00e1s, cabe destacar su alta digestibilidad gracias a las prote\u00ednas de alto valor biol\u00f3gico de origen animal que incorpora entre sus ingredientes.<\/p>\n<p><strong>Composici\u00f3n:<\/strong><\/p>\n<p>Carne deshidratada de pavo y pollo (15 %), Patata extrusionada, Guisantes, Carne fresca de pollo (11 %), Aceite de pollo (9 %), Tapioca, F\u00e9cula de patata, Boniato, Prote\u00edna de guisantes, Patata deshidratada, Hidrolizado de h\u00edgado de pavo y pollo (2,5 %), Semilla de linaza, Pulpa de manzana, Pulpa de remolacha, Aceite de salm\u00f3n (0,5 %), Levadura de cerveza, Algarroba, Mezcla de frutas (manzana, ciruela y c\u00edtricos) (0,3%), Mix de vegetales (N\u00e9beda, tomillo, mora y t\u00e9 verde) (0,3 %), Huevo deshidratado, Cloruro c\u00e1lcico, Hidrolizado de prote\u00edna l\u00e1ctea (0,1 %), Inulina (FOS), Pared celular hidrolizada de levaduras (fuente de MOS), Cloruro pot\u00e1sico, Glucosamina 700 mg\/kg, Sulfato de condroitina 300 mg\/kg, Fenogreco, Jengibre, C\u00farcuma.<\/p>\n<p>Energ\u00eda metabolizable: 3845 kcal\/kg.<\/p>\n<p><strong>An\u00e1lisis Nutricional:<\/strong><\/p>\n<p>Prote\u00edna bruta (20 %), Grasa bruta (17 %), Fibra bruta (3,5 %), Ceniza bruta (6,5 %), Calcio (0,9 %), F\u00f3sforo (0,6 %), Sodio (0,6 %), Magnesio (0,1 %), Potasio (0,6 %), Cloruro (0,45 %), Azufre (0,5 %), \u00c1cidos grasos omega 3 (0,5 %), \u00c1cidos grasos omega 6 (2,66 %).<\/p>\n<p><strong>Aditivos:<\/strong><\/p>\n<p>Aditivos nutricionales: Vitamina A 23 000 UI\/kg, Vitamina D3 1900 UI\/kg, Vitamina E 200 mg\/kg, Vitamina C 200 mg\/kg, Hierro (sulfato de hierro (II), monohidratado) 60 mg\/kg, Yodo (yoduro pot\u00e1sico) 2,8 mg\/kg, Cobre (sulfato de cobre (II) pentahidratado) 8 mg\/kg, Manganeso (sulfato manganoso monohidratado) 6 mg\/kg, Zinc (\u00f3xido de zinc) 96 mg\/kg, Selenio (selenito de sodio) 0,10 mg\/kg, DL-metionina 1800 mg\/kg. Aditivos tecnol\u00f3gicos: Antioxidantes: Extractos de tocoferol de aceites vegetales. Bentonita 10 000 mg\/kg. Aditivos zoot\u00e9cnicos: Reductor del pH urinario: Cloruro am\u00f3nico 5000 mg\/kg<\/p>\n<\/div>\n<\/div>","protected":false},"excerpt":{"rendered":"<p>Natural Greatness Urinary Struvite es una receta hipoalerg\u00e9nica completa y sin cereales destinada a perros adultos con urolitiasis por estruvita. Este alimento se caracteriza por su poder de disoluci\u00f3n y reducci\u00f3n de la aparici\u00f3n de c\u00e1lculos de estruvita gracias a sus propiedades de acidificaci\u00f3n de la orina y a su bajo contenido en magnesio.<\/p>","protected":false},"featured_media":8108,"template":"","meta":[],"etheme_brands":[{"term_id":101,"name":"NATURAL GREATNESS","slug":"natural-greatness","term_group":0,"term_taxonomy_id":101,"taxonomy":"brand","description":"","parent":0,"count":73,"filter":"raw"}],"product_cat":[96,20,88,134],"product_tag":[],"class_list":{"0":"post-5648","1":"product","2":"type-product","3":"status-publish","4":"has-post-thumbnail","6":"brand-natural-greatness","7":"product_cat-todos-los-productos","8":"product_cat-perros","9":"product_cat-pienso-para-perros","10":"product_cat-dietas-veterinarias","12":"first","13":"instock","14":"taxable","15":"shipping-taxable","16":"purchasable","17":"product-type-simple"},"jetpack_sharing_enabled":true,"_links":{"self":[{"href":"https:\/\/familycancat.com\/en\/wp-json\/wp\/v2\/product\/5648","targetHints":{"allow":["GET"]}}],"collection":[{"href":"https:\/\/familycancat.com\/en\/wp-json\/wp\/v2\/product"}],"about":[{"href":"https:\/\/familycancat.com\/en\/wp-json\/wp\/v2\/types\/product"}],"version-history":[{"count":2,"href":"https:\/\/familycancat.com\/en\/wp-json\/wp\/v2\/product\/5648\/revisions"}],"predecessor-version":[{"id":8109,"href":"https:\/\/familycancat.com\/en\/wp-json\/wp\/v2\/product\/5648\/revisions\/8109"}],"wp:featuredmedia":[{"embeddable":true,"href":"https:\/\/familycancat.com\/en\/wp-json\/wp\/v2\/media\/8108"}],"wp:attachment":[{"href":"https:\/\/familycancat.com\/en\/wp-json\/wp\/v2\/media?parent=5648"}],"wp:term":[{"taxonomy":"brand","embeddable":true,"href":"https:\/\/familycancat.com\/en\/wp-json\/wp\/v2\/etheme_brands?post=5648"},{"taxonomy":"product_cat","embeddable":true,"href":"https:\/\/familycancat.com\/en\/wp-json\/wp\/v2\/product_cat?post=5648"},{"taxonomy":"product_tag","embeddable":true,"href":"https:\/\/familycancat.com\/en\/wp-json\/wp\/v2\/product_tag?post=5648"}],"curies":[{"name":"wp","href":"https:\/\/api.w.org\/{rel}","templated":true}]}}