{"id":5644,"date":"2024-12-20T07:50:33","date_gmt":"2024-12-20T06:50:33","guid":{"rendered":"https:\/\/familycancat.com\/producto\/churu-cat-receta-de-atun-con-cangrejo\/"},"modified":"2025-12-02T19:54:22","modified_gmt":"2025-12-02T18:54:22","slug":"churu-cat-receta-de-atun-con-cangrejo","status":"publish","type":"product","link":"https:\/\/familycancat.com\/en\/product\/churu-cat-receta-de-atun-con-cangrejo\/","title":{"rendered":"Churu Cat At\u00fan con Cangrejo 14 gr x 4 Tubos"},"content":{"rendered":"<p>Descripci\u00f3n<br \/>\nSnack cremoso de at\u00fan para gatos<br \/>\nEn el mercado es posible encontrar actualmente una gran oferta de alimentos y golosinas para las mascotas, pero si hay alguna que haya sido particularmente llamativa, sin duda es la variedad de chuches en crema o de consistencia m\u00e1s l\u00edquida.<\/p>\n<p>En Churu lo saben y por eso presentan estos snacks cremosos para gatos, que ofrecen una experiencia sensorial \u00fanica para tu mascota, pues combina un sabor irresistible con una textura suave y agradable al paladar de tu amigo peludo.<\/p>\n<p>Este snack de at\u00fan es un alimento libre de cereales y muy f\u00e1cil de digerir, elaborado con ingredientes naturales y prote\u00ednas seleccionadas, para aportarle a tu felino un balance de nutrientes adecuado que lo mantenga contento y sano. Por otra parte, gracias a su consistencia h\u00fameda, tambi\u00e9n es una fuente de hidrataci\u00f3n adicional a la dieta habitual del animal, por lo que ayuda a mantener el tracto urinario en buenas condiciones.<\/p>\n<p>Adicionalmente, su contenido de col\u00e1geno, vitaminas, minerales y antioxidantes permiten que el gato tenga una mejor salud articular, un sistema inmunitario m\u00e1s fuerte y una piel y pelaje m\u00e1s suave y brillante. Este alimento puedes ofrecerlo solo o tambi\u00e9n como complemento del pienso, as\u00ed como una ayuda extra al momento de darle medicamentos al gato.<\/p>","protected":false},"excerpt":{"rendered":"<p>Descripci\u00f3n Snack cremoso de at\u00fan para gatos En el mercado es posible encontrar actualmente una gran oferta de alimentos y golosinas para las mascotas, pero&#8230;<\/p>","protected":false},"featured_media":9197,"template":"","meta":[],"etheme_brands":[{"term_id":110,"name":"CHURU","slug":"churu","term_group":0,"term_taxonomy_id":110,"taxonomy":"brand","description":"","parent":0,"count":14,"filter":"raw"}],"product_cat":[96,25,34],"product_tag":[],"class_list":{"0":"post-5644","1":"product","2":"type-product","3":"status-publish","4":"has-post-thumbnail","6":"brand-churu","7":"product_cat-todos-los-productos","8":"product_cat-gatos","9":"product_cat-snacks-gatos","11":"first","12":"instock","13":"taxable","14":"shipping-taxable","15":"purchasable","16":"product-type-simple"},"jetpack_sharing_enabled":true,"_links":{"self":[{"href":"https:\/\/familycancat.com\/en\/wp-json\/wp\/v2\/product\/5644","targetHints":{"allow":["GET"]}}],"collection":[{"href":"https:\/\/familycancat.com\/en\/wp-json\/wp\/v2\/product"}],"about":[{"href":"https:\/\/familycancat.com\/en\/wp-json\/wp\/v2\/types\/product"}],"version-history":[{"count":1,"href":"https:\/\/familycancat.com\/en\/wp-json\/wp\/v2\/product\/5644\/revisions"}],"predecessor-version":[{"id":9196,"href":"https:\/\/familycancat.com\/en\/wp-json\/wp\/v2\/product\/5644\/revisions\/9196"}],"wp:featuredmedia":[{"embeddable":true,"href":"https:\/\/familycancat.com\/en\/wp-json\/wp\/v2\/media\/9197"}],"wp:attachment":[{"href":"https:\/\/familycancat.com\/en\/wp-json\/wp\/v2\/media?parent=5644"}],"wp:term":[{"taxonomy":"brand","embeddable":true,"href":"https:\/\/familycancat.com\/en\/wp-json\/wp\/v2\/etheme_brands?post=5644"},{"taxonomy":"product_cat","embeddable":true,"href":"https:\/\/familycancat.com\/en\/wp-json\/wp\/v2\/product_cat?post=5644"},{"taxonomy":"product_tag","embeddable":true,"href":"https:\/\/familycancat.com\/en\/wp-json\/wp\/v2\/product_tag?post=5644"}],"curies":[{"name":"wp","href":"https:\/\/api.w.org\/{rel}","templated":true}]}}