{"id":5639,"date":"2024-12-20T07:50:33","date_gmt":"2024-12-20T06:50:33","guid":{"rendered":"https:\/\/familycancat.com\/producto\/churu-cat-receta-de-pollo-con-cangrejo\/"},"modified":"2025-09-10T09:56:11","modified_gmt":"2025-09-10T08:56:11","slug":"churu-cat-receta-de-pollo-con-cangrejo","status":"publish","type":"product","link":"https:\/\/familycancat.com\/en\/product\/churu-cat-receta-de-pollo-con-cangrejo\/","title":{"rendered":"Churu Cat Pollo con Cangrejo 14 gr x 4 Tubos"},"content":{"rendered":"","protected":false},"excerpt":{"rendered":"<p>Divertidos snacks dise\u00f1ados para darles de comer directamente desde el empaque a los gatos y fortalecer los lazos entre ellos y sus due\u00f1os. Snacks l\u00edquidos elaborados con at\u00fan salvaje o pollo criado en granja 100 % natural<\/p>","protected":false},"featured_media":7152,"template":"","meta":[],"etheme_brands":[{"term_id":110,"name":"CHURU","slug":"churu","term_group":0,"term_taxonomy_id":110,"taxonomy":"brand","description":"","parent":0,"count":14,"filter":"raw"}],"product_cat":[96,25,83,34],"product_tag":[],"class_list":{"0":"post-5639","1":"product","2":"type-product","3":"status-publish","4":"has-post-thumbnail","6":"brand-churu","7":"product_cat-todos-los-productos","8":"product_cat-gatos","9":"product_cat-comida-humeda-para-gatos","10":"product_cat-snacks-gatos","12":"first","13":"instock","14":"taxable","15":"shipping-taxable","16":"purchasable","17":"product-type-simple"},"jetpack_sharing_enabled":true,"_links":{"self":[{"href":"https:\/\/familycancat.com\/en\/wp-json\/wp\/v2\/product\/5639","targetHints":{"allow":["GET"]}}],"collection":[{"href":"https:\/\/familycancat.com\/en\/wp-json\/wp\/v2\/product"}],"about":[{"href":"https:\/\/familycancat.com\/en\/wp-json\/wp\/v2\/types\/product"}],"version-history":[{"count":2,"href":"https:\/\/familycancat.com\/en\/wp-json\/wp\/v2\/product\/5639\/revisions"}],"predecessor-version":[{"id":7153,"href":"https:\/\/familycancat.com\/en\/wp-json\/wp\/v2\/product\/5639\/revisions\/7153"}],"wp:featuredmedia":[{"embeddable":true,"href":"https:\/\/familycancat.com\/en\/wp-json\/wp\/v2\/media\/7152"}],"wp:attachment":[{"href":"https:\/\/familycancat.com\/en\/wp-json\/wp\/v2\/media?parent=5639"}],"wp:term":[{"taxonomy":"brand","embeddable":true,"href":"https:\/\/familycancat.com\/en\/wp-json\/wp\/v2\/etheme_brands?post=5639"},{"taxonomy":"product_cat","embeddable":true,"href":"https:\/\/familycancat.com\/en\/wp-json\/wp\/v2\/product_cat?post=5639"},{"taxonomy":"product_tag","embeddable":true,"href":"https:\/\/familycancat.com\/en\/wp-json\/wp\/v2\/product_tag?post=5639"}],"curies":[{"name":"wp","href":"https:\/\/api.w.org\/{rel}","templated":true}]}}