{"id":5635,"date":"2024-12-20T07:50:33","date_gmt":"2024-12-20T06:50:33","guid":{"rendered":"https:\/\/familycancat.com\/producto\/sense-gf-cat-indoor-conejo-15-kg\/"},"modified":"2026-03-02T11:06:23","modified_gmt":"2026-03-02T10:06:23","slug":"sense-gf-cat-indoor-conejo-15-kg","status":"publish","type":"product","link":"https:\/\/familycancat.com\/en\/product\/sense-gf-cat-indoor-conejo-15-kg\/","title":{"rendered":"Dibaq Sense Cat Indoor Grain Free 1,5 KG"},"content":{"rendered":"<p>Pienso para gatos adultos de interior. Elaborado con ingredientes 100% naturales sin gluten, carnes frescas de conejo (m\u00e1s ligera y digestible) manzana, mango y ar\u00e1ndanos frescos, protector articular, FOS y MOS, complejo dental y extracto de yuca para prevenir olores.<\/p>\n<p>&nbsp;<\/p>\n<p><strong>COMPOSICI\u00d3N<\/strong>: Conejo fresco 35%*, pavo deshidratado 31%, guisantes pelados*, aceite de pavo 13,5%, patata 12%, almid\u00f3n de guisante, frutas frescas 3% (manzana*, mango*. ar\u00e1ndanos*), pulpa de remolacha, aceite de salm\u00f3n 0,5% (fuente de \u00e1cidos grasos omega 3 y 6), fibra vegetal, Ceratonia siliqua*, extracto de malta, sustancias minerales, pack protector articular 0,1% (Condroitina sulfato, glucosamina clorhidrato y MSM), amino\u00e1cidos, ra\u00edz de achicoria 0,05% (fuente de inulina-FOS), levaduras (MOS), Complejo dental 0,04% (Jengibre* y Ortiga*), extracto de yuca. *Ingredientes naturales.<\/p>\n<p><strong>COMPONENTES ANAL\u00cdTICOS<\/strong>: Prote\u00edna bruta 31 %, Grasa bruta 18 %, Fibra bruta 2,8 %, Materia inorg\u00e1nica 6,7 %, Calcio 1,5 %, F\u00f3sforo 0,9 %, Sodio 0,35 %, Magnesio 0,07 %. Energ\u00eda metabolizable 3.823 kcal\/kg.<\/p>\n<p><strong>ADITIVOS<\/strong>: Aditivos nutricionales\/kg: Vitaminas: Vitamina A 21.000 UI, Vitamina D3 2.100 UI, Vitamina E (acetato de todo rac-\u03b1-tocoferilo) 120 mg, Taurina 1.000 mg, DL-Metionina 2.500 mg. Oligoelementos: Hierro 250 mg (como carbonato de hierro (II)), Yodo 3,6 mg (como yodato de calcio anhidro), Cobre 16 mg (como sulfato de cobre (II) pentahidratado), Manganeso 60 mg (como \u00f3xido manganeso (II)), Zinc 180 mg (como \u00f3xido de zinc), Selenio 0,25 mg (como selenito s\u00f3dico). Aditivos tecnol\u00f3gicos: Conservantes y antioxidantes (tocoferoles naturales).<\/p>\n<p>Colocar el alimento en el comedero. Las cantidades indicadas en la tabla de alimentaci\u00f3n var\u00edan en funci\u00f3n del peso, de la actividad f\u00edsica y de la individualidad de cada animal. Cualquier cambio de alimentaci\u00f3n debe ser paulatino, a lo largo de 4 o 5 d\u00edas, para evitar la aparici\u00f3n de des\u00f3rdenes intestinales. El gato siempre debe tener a su disposici\u00f3n agua limpia y fresca en abundancia. Mantener el envase cerrado en un lugar fresco, oscuro y seco<\/p>","protected":false},"excerpt":{"rendered":"<p>Pienso para gatos adultos de interior. Elaborado con ingredientes 100% naturales sin gluten, carnes frescas de conejo (m\u00e1s ligera y digestible) manzana, mango y ar\u00e1ndanos frescos, protector articular, FOS y MOS, complejo dental y extracto de yuca para prevenir olores.<\/p>","protected":false},"featured_media":7282,"template":"","meta":[],"etheme_brands":[{"term_id":127,"name":"SENSE","slug":"sense","term_group":0,"term_taxonomy_id":127,"taxonomy":"brand","description":"","parent":0,"count":20,"filter":"raw"}],"product_cat":[96,25,21],"product_tag":[],"class_list":{"0":"post-5635","1":"product","2":"type-product","3":"status-publish","4":"has-post-thumbnail","6":"brand-sense","7":"product_cat-todos-los-productos","8":"product_cat-gatos","9":"product_cat-pienso-gatos","11":"first","12":"instock","13":"taxable","14":"shipping-taxable","15":"purchasable","16":"product-type-simple"},"jetpack_sharing_enabled":true,"_links":{"self":[{"href":"https:\/\/familycancat.com\/en\/wp-json\/wp\/v2\/product\/5635","targetHints":{"allow":["GET"]}}],"collection":[{"href":"https:\/\/familycancat.com\/en\/wp-json\/wp\/v2\/product"}],"about":[{"href":"https:\/\/familycancat.com\/en\/wp-json\/wp\/v2\/types\/product"}],"version-history":[{"count":3,"href":"https:\/\/familycancat.com\/en\/wp-json\/wp\/v2\/product\/5635\/revisions"}],"predecessor-version":[{"id":8198,"href":"https:\/\/familycancat.com\/en\/wp-json\/wp\/v2\/product\/5635\/revisions\/8198"}],"wp:featuredmedia":[{"embeddable":true,"href":"https:\/\/familycancat.com\/en\/wp-json\/wp\/v2\/media\/7282"}],"wp:attachment":[{"href":"https:\/\/familycancat.com\/en\/wp-json\/wp\/v2\/media?parent=5635"}],"wp:term":[{"taxonomy":"brand","embeddable":true,"href":"https:\/\/familycancat.com\/en\/wp-json\/wp\/v2\/etheme_brands?post=5635"},{"taxonomy":"product_cat","embeddable":true,"href":"https:\/\/familycancat.com\/en\/wp-json\/wp\/v2\/product_cat?post=5635"},{"taxonomy":"product_tag","embeddable":true,"href":"https:\/\/familycancat.com\/en\/wp-json\/wp\/v2\/product_tag?post=5635"}],"curies":[{"name":"wp","href":"https:\/\/api.w.org\/{rel}","templated":true}]}}